{"id":4,"date":"2016-09-12T07:24:39","date_gmt":"2016-09-12T07:24:39","guid":{"rendered":"http:\/\/suomiunkari.fi\/osastot\/helsinki\/?page_id=4"},"modified":"2025-01-12T10:28:19","modified_gmt":"2025-01-12T10:28:19","slug":"etusivu","status":"publish","type":"page","link":"https:\/\/suomiunkari.fi\/osastot\/helsinki\/","title":{"rendered":"Etusivu"},"content":{"rendered":"<h1>Tervetuloa Helsingin Suomi-Unkari Seuran sivuille ja mukaan toimintaan!<\/h1>\n<p>L\u00f6yd\u00e4t t\u00e4\u00e4lt\u00e4 tietoa yhdistyksen toiminnasta ja kiinnostavia linkkej\u00e4.<\/p>\n<p><\/p>\n<p><a href=\"http:\/\/suomiunkari.fi\/osastot\/helsinki\/hallitus-ja-yhteystiedot\/\">T\u00e4st\u00e4 <\/a>voit liitty\u00e4 my\u00f6s s\u00e4hk\u00f6postilistalle.<\/p>\n<p><\/p>\n\n\n<div class=\"wp-block-cover is-light\" style=\"min-height:50px\"><span aria-hidden=\"true\" class=\"wp-block-cover__background has-background-dim\"><\/span><img decoding=\"async\" loading=\"lazy\" width=\"2560\" height=\"1922\" class=\"wp-block-cover__image-background wp-image-400\" alt=\"\" src=\"https:\/\/suomiunkari.fi\/osastot\/wordpress\/helsinki\/files\/2020\/12\/aaron-burden-QJDzYT_K8Xg-unsplash-scaled.jpg\" data-object-fit=\"cover\" srcset=\"https:\/\/suomiunkari.fi\/osastot\/helsinki\/files\/2020\/12\/aaron-burden-QJDzYT_K8Xg-unsplash-scaled.jpg 2560w, https:\/\/suomiunkari.fi\/osastot\/helsinki\/files\/2020\/12\/aaron-burden-QJDzYT_K8Xg-unsplash-300x225.jpg 300w, https:\/\/suomiunkari.fi\/osastot\/helsinki\/files\/2020\/12\/aaron-burden-QJDzYT_K8Xg-unsplash-1024x769.jpg 1024w, https:\/\/suomiunkari.fi\/osastot\/helsinki\/files\/2020\/12\/aaron-burden-QJDzYT_K8Xg-unsplash-768x577.jpg 768w, https:\/\/suomiunkari.fi\/osastot\/helsinki\/files\/2020\/12\/aaron-burden-QJDzYT_K8Xg-unsplash-1536x1153.jpg 1536w, https:\/\/suomiunkari.fi\/osastot\/helsinki\/files\/2020\/12\/aaron-burden-QJDzYT_K8Xg-unsplash-2048x1538.jpg 2048w\" sizes=\"(max-width: 2560px) 100vw, 2560px\" \/><div class=\"wp-block-cover__inner-container\">\n<p class=\"has-text-align-center has-large-font-size\">Kielikurssit 2025<\/p>\n\n\n\n<div class=\"is-content-justification-center is-layout-flex wp-container-1 wp-block-buttons\">\n<div class=\"wp-block-button is-style-fill\"><a class=\"wp-block-button__link wp-element-button\" href=\"https:\/\/suomiunkari.fi\/osastot\/helsinki\/2025\/01\/12\/kevaan-kielikurssit-2025\/\" style=\"border-radius:5px\">Lue lis\u00e4\u00e4<\/a><\/div>\n<\/div>\n<\/div><\/div>\n\n\n\n<hr class=\"wp-block-separator has-alpha-channel-opacity\" \/>\n\n\n\n<div class=\"wp-block-cover alignfull is-light has-small-font-size\" style=\"min-height:230px\"><span aria-hidden=\"true\" class=\"wp-block-cover__background has-background-dim-30 has-background-dim\"><\/span><img decoding=\"async\" loading=\"lazy\" width=\"784\" height=\"295\" class=\"wp-block-cover__image-background wp-image-706\" alt=\"\" src=\"http:\/\/suomiunkari.fi\/osastot\/helsinki\/files\/2023\/03\/vuosikokous-tapahtuman-kansi.png\" data-object-fit=\"cover\" srcset=\"https:\/\/suomiunkari.fi\/osastot\/helsinki\/files\/2023\/03\/vuosikokous-tapahtuman-kansi.png 784w, https:\/\/suomiunkari.fi\/osastot\/helsinki\/files\/2023\/03\/vuosikokous-tapahtuman-kansi-300x113.png 300w, https:\/\/suomiunkari.fi\/osastot\/helsinki\/files\/2023\/03\/vuosikokous-tapahtuman-kansi-768x289.png 768w\" sizes=\"(max-width: 784px) 100vw, 784px\" \/><div class=\"wp-block-cover__inner-container\">\n<p class=\"has-text-align-center has-large-font-size\"><\/p>\n\n\n\n<div class=\"is-layout-flex wp-block-buttons\">\n<div class=\"wp-block-button aligncenter\"><a class=\"wp-block-button__link wp-element-button\" href=\"https:\/\/suomiunkari.fi\/osastot\/helsinki\/2024\/03\/15\/vuosikokous-2024\/\">Vuosikokous 2024<\/a><\/div>\n<\/div>\n<\/div><\/div>\n\n\n\n<hr class=\"wp-block-separator has-css-opacity\" \/>\n\n\n\n<div class=\"wp-block-cover is-light\" style=\"min-height:373px\"><span aria-hidden=\"true\" class=\"wp-block-cover__background has-background-dim\"><\/span><img decoding=\"async\" loading=\"lazy\" width=\"1920\" height=\"1080\" class=\"wp-block-cover__image-background wp-image-733\" alt=\"\" src=\"http:\/\/suomiunkari.fi\/osastot\/helsinki\/files\/2023\/08\/urheiluhistoria-kansi.png\" data-object-fit=\"cover\" srcset=\"https:\/\/suomiunkari.fi\/osastot\/helsinki\/files\/2023\/08\/urheiluhistoria-kansi.png 1920w, https:\/\/suomiunkari.fi\/osastot\/helsinki\/files\/2023\/08\/urheiluhistoria-kansi-300x169.png 300w, https:\/\/suomiunkari.fi\/osastot\/helsinki\/files\/2023\/08\/urheiluhistoria-kansi-1024x576.png 1024w, https:\/\/suomiunkari.fi\/osastot\/helsinki\/files\/2023\/08\/urheiluhistoria-kansi-768x432.png 768w, https:\/\/suomiunkari.fi\/osastot\/helsinki\/files\/2023\/08\/urheiluhistoria-kansi-1536x864.png 1536w\" sizes=\"(max-width: 1920px) 100vw, 1920px\" \/><div class=\"wp-block-cover__inner-container\">\n<p class=\"has-text-align-center has-large-font-size\"><\/p>\n\n\n\n<div class=\"is-content-justification-center is-layout-flex wp-container-3 wp-block-buttons\">\n<div class=\"wp-block-button is-style-fill\"><a class=\"wp-block-button__link wp-element-button\" href=\"https:\/\/suomiunkari.fi\/osastot\/helsinki\/2023\/08\/20\/unkarin-urheiluhistorian-lyhyt-mutta-iloinen-oppimaara\/\" style=\"border-radius:5px\">Esitelm\u00e4tilaisuus pe 1.9.2023<\/a><\/div>\n<\/div>\n<\/div><\/div>\n\n\n\n<hr class=\"wp-block-separator has-css-opacity\" \/>\n\n\n\n<div class=\"wp-block-cover is-light\" style=\"min-height:298px\"><span aria-hidden=\"true\" class=\"wp-block-cover__background has-background-dim\"><\/span><img decoding=\"async\" loading=\"lazy\" width=\"1640\" height=\"924\" class=\"wp-block-cover__image-background wp-image-668\" alt=\"\" src=\"http:\/\/suomiunkari.fi\/osastot\/helsinki\/files\/2022\/10\/Miten-Krasznahorkai-kaantyy-suomeksi-cover-1.png\" data-object-fit=\"cover\" srcset=\"https:\/\/suomiunkari.fi\/osastot\/helsinki\/files\/2022\/10\/Miten-Krasznahorkai-kaantyy-suomeksi-cover-1.png 1640w, https:\/\/suomiunkari.fi\/osastot\/helsinki\/files\/2022\/10\/Miten-Krasznahorkai-kaantyy-suomeksi-cover-1-300x169.png 300w, https:\/\/suomiunkari.fi\/osastot\/helsinki\/files\/2022\/10\/Miten-Krasznahorkai-kaantyy-suomeksi-cover-1-1024x577.png 1024w, https:\/\/suomiunkari.fi\/osastot\/helsinki\/files\/2022\/10\/Miten-Krasznahorkai-kaantyy-suomeksi-cover-1-768x433.png 768w, https:\/\/suomiunkari.fi\/osastot\/helsinki\/files\/2022\/10\/Miten-Krasznahorkai-kaantyy-suomeksi-cover-1-1536x865.png 1536w\" sizes=\"(max-width: 1640px) 100vw, 1640px\" \/><div class=\"wp-block-cover__inner-container\">\n<div class=\"is-content-justification-center is-layout-flex wp-container-4 wp-block-buttons\">\n<div class=\"wp-block-button\"><a class=\"wp-block-button__link wp-element-button\" href=\"https:\/\/suomiunkari.fi\/osastot\/helsinki\/2022\/10\/10\/miten-krasznahorkai-kaantyy-suomeksi\/\">Katso tallenne<\/a><\/div>\n<\/div>\n\n\n\n<p class=\"has-text-align-center has-large-font-size\"><\/p>\n<\/div><\/div>\n\n\n\n<hr class=\"wp-block-separator has-css-opacity\" \/>\n\n\n\n<div class=\"wp-block-cover aligncenter is-light\" style=\"min-height:255px\"><span aria-hidden=\"true\" class=\"wp-block-cover__background has-background-dim-0 has-background-dim\"><\/span><img decoding=\"async\" loading=\"lazy\" width=\"1240\" height=\"874\" class=\"wp-block-cover__image-background wp-image-464\" alt=\"\" src=\"http:\/\/suomiunkari.fi\/osastot\/helsinki\/files\/2021\/03\/jasentiedote-kansi.png\" style=\"object-position:50% 32%\" data-object-fit=\"cover\" data-object-position=\"50% 32%\" srcset=\"https:\/\/suomiunkari.fi\/osastot\/helsinki\/files\/2021\/03\/jasentiedote-kansi.png 1240w, https:\/\/suomiunkari.fi\/osastot\/helsinki\/files\/2021\/03\/jasentiedote-kansi-300x211.png 300w, https:\/\/suomiunkari.fi\/osastot\/helsinki\/files\/2021\/03\/jasentiedote-kansi-1024x722.png 1024w, https:\/\/suomiunkari.fi\/osastot\/helsinki\/files\/2021\/03\/jasentiedote-kansi-768x541.png 768w\" sizes=\"(max-width: 1240px) 100vw, 1240px\" \/><div class=\"wp-block-cover__inner-container\">\n<div class=\"is-content-justification-center is-layout-flex wp-container-5 wp-block-buttons\">\n<div class=\"wp-block-button\"><a class=\"wp-block-button__link has-vivid-red-background-color has-background wp-element-button\" href=\"https:\/\/suomiunkari.fi\/osastot\/helsinki\/2022\/03\/15\/jasentiedote-1-2022\/\">Lue  j\u00e4sentiedote <\/a><\/div>\n<\/div>\n\n\n\n<p class=\"has-text-align-center has-large-font-size\"><\/p>\n<\/div><\/div>\n","protected":false},"excerpt":{"rendered":"<p>Tervetuloa Helsingin Suomi-Unkari Seuran sivuille ja mukaan toimintaan! L\u00f6yd\u00e4t t\u00e4\u00e4lt\u00e4 tietoa yhdistyksen toiminnasta ja kiinnostavia linkkej\u00e4. T\u00e4st\u00e4 voit liitty\u00e4 my\u00f6s s\u00e4hk\u00f6postilistalle.<\/p>\n","protected":false},"author":2,"featured_media":0,"parent":0,"menu_order":0,"comment_status":"closed","ping_status":"closed","template":"","meta":{"site-sidebar-layout":"default","site-content-layout":"default","ast-global-header-display":"","ast-main-header-display":"","ast-hfb-above-header-display":"","ast-hfb-below-header-display":"","ast-hfb-mobile-header-display":"","site-post-title":"","ast-breadcrumbs-content":"","ast-featured-img":"","footer-sml-layout":"","theme-transparent-header-meta":"default","adv-header-id-meta":"","stick-header-meta":"","header-above-stick-meta":"","header-main-stick-meta":"","header-below-stick-meta":""},"_links":{"self":[{"href":"https:\/\/suomiunkari.fi\/osastot\/helsinki\/wp-json\/wp\/v2\/pages\/4"}],"collection":[{"href":"https:\/\/suomiunkari.fi\/osastot\/helsinki\/wp-json\/wp\/v2\/pages"}],"about":[{"href":"https:\/\/suomiunkari.fi\/osastot\/helsinki\/wp-json\/wp\/v2\/types\/page"}],"author":[{"embeddable":true,"href":"https:\/\/suomiunkari.fi\/osastot\/helsinki\/wp-json\/wp\/v2\/users\/2"}],"replies":[{"embeddable":true,"href":"https:\/\/suomiunkari.fi\/osastot\/helsinki\/wp-json\/wp\/v2\/comments?post=4"}],"version-history":[{"count":88,"href":"https:\/\/suomiunkari.fi\/osastot\/helsinki\/wp-json\/wp\/v2\/pages\/4\/revisions"}],"predecessor-version":[{"id":770,"href":"https:\/\/suomiunkari.fi\/osastot\/helsinki\/wp-json\/wp\/v2\/pages\/4\/revisions\/770"}],"wp:attachment":[{"href":"https:\/\/suomiunkari.fi\/osastot\/helsinki\/wp-json\/wp\/v2\/media?parent=4"}],"curies":[{"name":"wp","href":"https:\/\/api.w.org\/{rel}","templated":true}]}}