{"id":6,"date":"2016-09-12T07:28:00","date_gmt":"2016-09-12T07:28:00","guid":{"rendered":"http:\/\/suomiunkari.fi\/osastot\/helsinki\/?page_id=6"},"modified":"2023-06-05T06:19:21","modified_gmt":"2023-06-05T06:19:21","slug":"hallitus-ja-yhteystiedot","status":"publish","type":"page","link":"https:\/\/suomiunkari.fi\/osastot\/helsinki\/hallitus-ja-yhteystiedot\/","title":{"rendered":"Hallitus ja yhteystiedot"},"content":{"rendered":"<h2>HELSINGIN SUOMI-UNKARI SEURA RY<\/h2>\n<p><strong>Postiosoite<\/strong><\/p>\n<p>Helsingin Suomi-Unkari Seura<br \/>\nRatavartijankatu 2 A<br \/>\n00520 Helsinki<\/p>\n<p><strong>Ilmoittaudu s\u00e4hk\u00f6postilistalle<\/strong><\/p>\n<p>osoitteeseen zsuzsanna.feher(at)helsinki.fi<\/p>\n<p><strong>Olemme my\u00f6s <a href=\"https:\/\/www.facebook.com\/helsinginsuomiunkariseura%20\">Facebookissa<\/a> ja <a href=\"https:\/\/www.instagram.com\/helsinginsuomiunkariseura\/%20\">Instagramissa<\/a>.\u00a0<\/strong><\/p>\n<p><a href=\"https:\/\/www.facebook.com\/Helsingin-Suomi-Unkari-seura-1807318866207608\/\">Helsingin Suomi-Unkari Seura<\/a><\/p>\n<p><strong>Hallitus 2023<\/strong><\/p>\n<p>Ulla L\u00e5ng, puheenjohtaja ullalang@hotmail.com<\/p>\n<p>Zsuzs\u00e1nna Feh\u00e9r, varapuheenjohtaja, kielikurssiasiat, tiedotus zsuzsanna.feher@helsinki.fi<\/p>\n<p>Jaana Nyk\u00e4nen, sihteeri nykanenjaana2@gmail.com<\/p>\n<p>Elina Lampela, talousvastaava<\/p>\n<p>B\u00e9la H\u00f3di, j\u00e4sen<\/p>\n<p>Ildik\u00f3 Koivuvuo, j\u00e4sen<\/p>\n<p>Mirka Ranta, j\u00e4sen<\/p>\n<p>Reima T.A. Luoto, j\u00e4sen<\/p>\n","protected":false},"excerpt":{"rendered":"<p>HELSINGIN SUOMI-UNKARI SEURA RY Postiosoite Helsingin Suomi-Unkari Seura Ratavartijankatu 2 A 00520 Helsinki Ilmoittaudu s\u00e4hk\u00f6postilistalle osoitteeseen zsuzsanna.feher(at)helsinki.fi Olemme my\u00f6s Facebookissa ja Instagramissa.\u00a0 Helsingin Suomi-Unkari Seura Hallitus 2023 Ulla L\u00e5ng, puheenjohtaja ullalang@hotmail.com Zsuzs\u00e1nna Feh\u00e9r, varapuheenjohtaja, kielikurssiasiat, tiedotus zsuzsanna.feher@helsinki.fi Jaana Nyk\u00e4nen, sihteeri nykanenjaana2@gmail.com Elina Lampela, talousvastaava B\u00e9la H\u00f3di, j\u00e4sen Ildik\u00f3 Koivuvuo, j\u00e4sen Mirka Ranta, j\u00e4sen Reima T.A. &hellip;<\/p>\n<p class=\"read-more\"> <a class=\"\" href=\"https:\/\/suomiunkari.fi\/osastot\/helsinki\/hallitus-ja-yhteystiedot\/\"> <span class=\"screen-reader-text\">Hallitus ja yhteystiedot<\/span> Lue lis\u00e4\u00e4 &raquo;<\/a><\/p>\n","protected":false},"author":2,"featured_media":0,"parent":0,"menu_order":0,"comment_status":"closed","ping_status":"closed","template":"","meta":{"site-sidebar-layout":"default","site-content-layout":"default","ast-global-header-display":"","ast-main-header-display":"","ast-hfb-above-header-display":"","ast-hfb-below-header-display":"","ast-hfb-mobile-header-display":"","site-post-title":"","ast-breadcrumbs-content":"","ast-featured-img":"","footer-sml-layout":"","theme-transparent-header-meta":"default","adv-header-id-meta":"","stick-header-meta":"","header-above-stick-meta":"","header-main-stick-meta":"","header-below-stick-meta":""},"_links":{"self":[{"href":"https:\/\/suomiunkari.fi\/osastot\/helsinki\/wp-json\/wp\/v2\/pages\/6"}],"collection":[{"href":"https:\/\/suomiunkari.fi\/osastot\/helsinki\/wp-json\/wp\/v2\/pages"}],"about":[{"href":"https:\/\/suomiunkari.fi\/osastot\/helsinki\/wp-json\/wp\/v2\/types\/page"}],"author":[{"embeddable":true,"href":"https:\/\/suomiunkari.fi\/osastot\/helsinki\/wp-json\/wp\/v2\/users\/2"}],"replies":[{"embeddable":true,"href":"https:\/\/suomiunkari.fi\/osastot\/helsinki\/wp-json\/wp\/v2\/comments?post=6"}],"version-history":[{"count":28,"href":"https:\/\/suomiunkari.fi\/osastot\/helsinki\/wp-json\/wp\/v2\/pages\/6\/revisions"}],"predecessor-version":[{"id":710,"href":"https:\/\/suomiunkari.fi\/osastot\/helsinki\/wp-json\/wp\/v2\/pages\/6\/revisions\/710"}],"wp:attachment":[{"href":"https:\/\/suomiunkari.fi\/osastot\/helsinki\/wp-json\/wp\/v2\/media?parent=6"}],"curies":[{"name":"wp","href":"https:\/\/api.w.org\/{rel}","templated":true}]}}