{"id":290,"date":"2008-06-04T16:20:46","date_gmt":"2008-06-04T16:20:46","guid":{"rendered":"https:\/\/suomiunkari.fi\/osastot\/hyvinkaa\/tervetuloa\/"},"modified":"2022-05-11T16:39:22","modified_gmt":"2022-05-11T16:39:22","slug":"tervetuloa","status":"publish","type":"page","link":"https:\/\/suomiunkari.fi\/osastot\/hyvinkaa\/","title":{"rendered":"Tervetuloa Hyvink\u00e4\u00e4n Suomi-Unkari Seuran kotisivuille"},"content":{"rendered":"<p>Hyvink\u00e4\u00e4n Suomi-Unkari Seura on lopettanut toimintansa toukokuussa 2022.<\/p>\n<p>J\u00e4rjestimme Hyvink\u00e4\u00e4ll\u00e4 monipuolisesti Unkariin liittyv\u00e4\u00e4 toimintaa: ruokakursseja, esitelm\u00e4tilaisuuksia, unkarin kielen opiskelua ja erilaisia kulttuuritilaisuuksia mahdollisuuksien mukaan. Osallistuimme my\u00f6s muiden yhdistysten tapahtumiin ja yst\u00e4vyyskaupunkisuhteiden yll\u00e4pitoon unkarilaisen Kecskem\u00e9tin kaupungin kanssa. Arkistosta l\u00f6yd\u00e4t tietoja menneist\u00e4 tapahtumista.<\/p>\n","protected":false},"excerpt":{"rendered":"<p>Hyvink\u00e4\u00e4n Suomi-Unkari Seura on lopettanut toimintansa toukokuussa 2022. J\u00e4rjestimme Hyvink\u00e4\u00e4ll\u00e4 monipuolisesti Unkariin liittyv\u00e4\u00e4 toimintaa: ruokakursseja, esitelm\u00e4tilaisuuksia, unkarin kielen opiskelua ja erilaisia kulttuuritilaisuuksia mahdollisuuksien mukaan. Osallistuimme my\u00f6s muiden yhdistysten tapahtumiin ja yst\u00e4vyyskaupunkisuhteiden yll\u00e4pitoon unkarilaisen Kecskem\u00e9tin kaupungin kanssa. Arkistosta l\u00f6yd\u00e4t tietoja menneist\u00e4 tapahtumista.<\/p>\n","protected":false},"author":16,"featured_media":0,"parent":0,"menu_order":0,"comment_status":"closed","ping_status":"closed","template":"","meta":{"site-sidebar-layout":"default","site-content-layout":"default","ast-global-header-display":"","ast-main-header-display":"","ast-hfb-above-header-display":"","ast-hfb-below-header-display":"","ast-hfb-mobile-header-display":"","site-post-title":"","ast-breadcrumbs-content":"","ast-featured-img":"","footer-sml-layout":"","theme-transparent-header-meta":"default","adv-header-id-meta":"381","stick-header-meta":"","header-above-stick-meta":"","header-main-stick-meta":"","header-below-stick-meta":""},"_links":{"self":[{"href":"https:\/\/suomiunkari.fi\/osastot\/hyvinkaa\/wp-json\/wp\/v2\/pages\/290"}],"collection":[{"href":"https:\/\/suomiunkari.fi\/osastot\/hyvinkaa\/wp-json\/wp\/v2\/pages"}],"about":[{"href":"https:\/\/suomiunkari.fi\/osastot\/hyvinkaa\/wp-json\/wp\/v2\/types\/page"}],"author":[{"embeddable":true,"href":"https:\/\/suomiunkari.fi\/osastot\/hyvinkaa\/wp-json\/wp\/v2\/users\/16"}],"replies":[{"embeddable":true,"href":"https:\/\/suomiunkari.fi\/osastot\/hyvinkaa\/wp-json\/wp\/v2\/comments?post=290"}],"version-history":[{"count":3,"href":"https:\/\/suomiunkari.fi\/osastot\/hyvinkaa\/wp-json\/wp\/v2\/pages\/290\/revisions"}],"predecessor-version":[{"id":749,"href":"https:\/\/suomiunkari.fi\/osastot\/hyvinkaa\/wp-json\/wp\/v2\/pages\/290\/revisions\/749"}],"wp:attachment":[{"href":"https:\/\/suomiunkari.fi\/osastot\/hyvinkaa\/wp-json\/wp\/v2\/media?parent=290"}],"curies":[{"name":"wp","href":"https:\/\/api.w.org\/{rel}","templated":true}]}}