{"id":698,"date":"2021-10-09T09:43:20","date_gmt":"2021-10-09T09:43:20","guid":{"rendered":"https:\/\/suomiunkari.fi\/osastot\/hyvinkaa\/?page_id=698"},"modified":"2021-10-30T12:21:19","modified_gmt":"2021-10-30T12:21:19","slug":"jasenkirjeet-toimintakertomukset-ja-suunnitelmat","status":"publish","type":"page","link":"https:\/\/suomiunkari.fi\/osastot\/hyvinkaa\/jasenkirjeet-toimintakertomukset-ja-suunnitelmat\/","title":{"rendered":"J\u00e4senkirjeet"},"content":{"rendered":"\n<p>J\u00e4senkirjeet, toimintakertomukset ja -suunnitelmat<\/p>\n\n\n\n<p><a href=\"http:\/\/suomiunkari.fi\/osastot\/hyvinkaa\/files\/2021\/10\/Jasenkirje-lokakuu-2-2021.pdf\">J\u00e4senkirje lokakuu 2 2021<\/a><\/p>\n\n\n\n<p><a href=\"http:\/\/suomiunkari.fi\/osastot\/hyvinkaa\/files\/2021\/10\/Jasenkirje-lokakuu-2021.pdf\">J\u00e4senkirje lokakuu 2021<\/a><\/p>\n\n\n\n<p><a href=\"http:\/\/suomiunkari.fi\/osastot\/hyvinkaa\/files\/2015\/11\/Jasenkirje-toukokuu-2021.pdf\">J\u00e4senkirje toukokuu 2021<\/a><\/p>\n\n\n\n<p><a href=\"http:\/\/suomiunkari.fi\/osastot\/hyvinkaa\/files\/2015\/11\/Toimintasuunnitelma-2021.pdf\">Toimintasuunnitelma 2021<\/a><\/p>\n\n\n\n<p><a href=\"http:\/\/suomiunkari.fi\/osastot\/hyvinkaa\/files\/2015\/11\/Toimintakertomus-ja-tapahtumat-2020.pdf\">Toimintakertomus ja tapahtumat 2020<\/a><\/p>\n\n\n\n<p><a href=\"http:\/\/suomiunkari.fi\/osastot\/hyvinkaa\/files\/2015\/11\/Jasenkirje-marraskuu-2020.pdf\">J\u00e4senkirje marraskuu 2020<\/a><\/p>\n\n\n\n<p><a href=\"http:\/\/suomiunkari.fi\/osastot\/hyvinkaa\/files\/2015\/11\/J\u00e4senkirje-syyskuu-2020.pdf\">J\u00e4senkirje syyskuu 2020<\/a><\/p>\n\n\n\n<p><a href=\"http:\/\/suomiunkari.fi\/osastot\/hyvinkaa\/files\/2015\/11\/J\u00e4senkirje-kes\u00e4kuu-2020.pdf\">J\u00e4senkirje kes\u00e4kuu 2020<\/a><\/p>\n\n\n\n<p><a href=\"http:\/\/suomiunkari.fi\/osastot\/hyvinkaa\/files\/2015\/11\/J\u00e4senkirje-maaliskuu-2020.pdf\">J\u00e4senkirje maaliskuu 2020<\/a><\/p>\n\n\n\n<p><a href=\"http:\/\/suomiunkari.fi\/osastot\/hyvinkaa\/files\/2015\/11\/Toimintasuunnitelma-2020.pdf\">Toimintasuunnitelma 2020<\/a><\/p>\n\n\n\n<p><a href=\"http:\/\/suomiunkari.fi\/osastot\/hyvinkaa\/files\/2020\/02\/Toimintakertomus-ja-tapahtumat-vuodelta-2019-1.pdf\">Toimintakertomus ja tapahtumat vuodelta 2019<\/a><\/p>\n\n\n\n<p><a href=\"http:\/\/suomiunkari.fi\/osastot\/hyvinkaa\/files\/2015\/11\/J\u00e4senkirje-helmikuu-2020-vuosikokouskutsu.pdf\">J\u00e4senkirje helmikuu 2020 + vuosikokouskutsu<\/a><\/p>\n\n\n\n<p><a href=\"http:\/\/suomiunkari.fi\/osastot\/hyvinkaa\/files\/2015\/11\/J\u00e4senkirje-joulukuu-2019.pdf\">J\u00e4senkirje joulukuu 2019<\/a><\/p>\n\n\n\n<p><a href=\"http:\/\/suomiunkari.fi\/osastot\/hyvinkaa\/files\/2015\/11\/J\u00e4senkirje-marraskuu-2019.pdf\">J\u00e4senkirje marraskuu 2019<\/a><\/p>\n\n\n\n<p><a href=\"http:\/\/suomiunkari.fi\/osastot\/hyvinkaa\/files\/2015\/11\/J\u00e4senkirje-syyskuu-2019.pdf\">J\u00e4senkirje syyskuu 2019<\/a><\/p>\n\n\n\n<p><a href=\"http:\/\/suomiunkari.fi\/osastot\/hyvinkaa\/files\/2015\/11\/J\u00e4senkirje-elokuu-2019.pdf\">J\u00e4senkirje elokuu 2019<\/a><\/p>\n\n\n\n<p><a href=\"http:\/\/suomiunkari.fi\/osastot\/hyvinkaa\/files\/2015\/11\/J\u00e4senkirje-toukokuu-2019.pdf\">J\u00e4senkirje toukokuu 2019<\/a><\/p>\n\n\n\n<p><a href=\"http:\/\/suomiunkari.fi\/osastot\/hyvinkaa\/files\/2015\/11\/J\u00e4senkirje-huhtikuu-2019.pdf\">J\u00e4senkirje huhtikuu 2019<\/a><\/p>\n\n\n\n<p><a href=\"http:\/\/suomiunkari.fi\/osastot\/hyvinkaa\/files\/2015\/11\/Toimintasuunnitelma-2019.pdf\">Toimintasuunnitelma 2019<\/a><\/p>\n\n\n\n<p><a href=\"http:\/\/suomiunkari.fi\/osastot\/hyvinkaa\/files\/2015\/11\/Toimintakertomus-ja-tapahtumat-2018.pdf\">Toimintakertomus ja tapahtumat 2018<\/a><\/p>\n\n\n\n<p><a href=\"http:\/\/suomiunkari.fi\/osastot\/hyvinkaa\/files\/2015\/11\/J\u00e4senkirje-tammikuu-2019.pdf\">J\u00e4senkirje tammikuu 2019<\/a><\/p>\n\n\n\n<p><a href=\"http:\/\/suomiunkari.fi\/osastot\/hyvinkaa\/files\/2015\/11\/J\u00e4senkirje-uusi-vuosi-2019.pdf\">J\u00e4senkirje uusi vuosi 2019<\/a><\/p>\n\n\n\n<p><a href=\"http:\/\/suomiunkari.fi\/osastot\/hyvinkaa\/files\/2015\/11\/J\u00e4senkirje-marraskuu-2018.pdf\">J\u00e4senkirje marraskuu 2018<\/a><\/p>\n\n\n\n<p><a href=\"http:\/\/suomiunkari.fi\/osastot\/hyvinkaa\/files\/2015\/11\/J\u00e4senkirje-lokakuu-2018.pdf\">J\u00e4senkirje lokakuu 2018<\/a><\/p>\n\n\n\n<p><a href=\"http:\/\/suomiunkari.fi\/osastot\/hyvinkaa\/files\/2015\/11\/J\u00e4senkirje-syyskuu-2018.pdf\">J\u00e4senkirje syyskuu 2018<\/a><\/p>\n\n\n\n<p><a href=\"http:\/\/suomiunkari.fi\/osastot\/hyvinkaa\/files\/2015\/11\/J\u00e4senkirje-hein\u00e4kuu-2018.pdf\">J\u00e4senkirje hein\u00e4kuu 2018<\/a><\/p>\n\n\n\n<p><a href=\"http:\/\/suomiunkari.fi\/osastot\/hyvinkaa\/files\/2018\/04\/jasenkirje-huhtikuu-2018.pdf\">J\u00e4senkirje huhtikuu 2018<\/a><\/p>\n\n\n\n<p><a href=\"http:\/\/suomiunkari.fi\/osastot\/hyvinkaa\/files\/2018\/03\/jasenkirje-maaliskuu-2018.pdf\">J\u00e4senkirje maaliskuu 2018<\/a><\/p>\n\n\n\n<p><a href=\"http:\/\/suomiunkari.fi\/osastot\/hyvinkaa\/files\/2018\/03\/toimintasuunnitelma-2018.pdf\">Toimintasuunnitelma 2018<\/a><\/p>\n\n\n\n<p><a href=\"http:\/\/suomiunkari.fi\/osastot\/hyvinkaa\/files\/2018\/03\/toimintakertomus-ja-tapahtumat-2017.pdf\">Toimintakertomus 2017<\/a><\/p>\n\n\n\n<p><a href=\"http:\/\/suomiunkari.fi\/osastot\/hyvinkaa\/files\/2018\/01\/jasenkirje-tammikuu-2018.pdf\">J\u00e4senkirje tammikuu 2017<\/a><\/p>\n\n\n\n<p><a href=\"http:\/\/suomiunkari.fi\/osastot\/hyvinkaa\/files\/2017\/11\/jasenkirje-marraskuu-2017.pdf\">J\u00e4senkirje marraskuu 2017<\/a><\/p>\n\n\n\n<p><a href=\"http:\/\/suomiunkari.fi\/osastot\/hyvinkaa\/files\/2017\/10\/jasenkirje-lokakuu-2017.pdf\">J\u00e4senkirje lokakuu 2017<\/a><\/p>\n\n\n\n<p><a href=\"http:\/\/suomiunkari.fi\/osastot\/hyvinkaa\/files\/2017\/09\/jasenkirje-syyskuu-2017.pdf\">J\u00e4senkirje syyskuu 2017<\/a><\/p>\n\n\n\n<p><a href=\"http:\/\/suomiunkari.fi\/osastot\/hyvinkaa\/files\/2017\/07\/jasenkirje-elokuu-2017.pdf\">J\u00e4senkirje elokuu 2017<\/a><\/p>\n\n\n\n<p><a href=\"http:\/\/suomiunkari.fi\/osastot\/hyvinkaa\/files\/2017\/05\/jasenkirje-toukokuu-2017.pdf\">J\u00e4senkirje toukokuu 2017<\/a><\/p>\n\n\n\n<p><a href=\"http:\/\/suomiunkari.fi\/osastot\/hyvinkaa\/files\/2017\/04\/jasenkirje-huhtikuu-2017.pdf\">J\u00e4senkirje huhtikuu 2017<\/a><\/p>\n\n\n\n<p><a href=\"http:\/\/suomiunkari.fi\/osastot\/hyvinkaa\/files\/2017\/03\/toimintasuunnitelma-2017.pdf\">Toimintasuunnitelma 2017<\/a><\/p>\n\n\n\n<p><a href=\"http:\/\/suomiunkari.fi\/osastot\/hyvinkaa\/files\/2017\/03\/toimintakertomus-ja-tapahtumat-2016.pdf\">Toimintakertomus 2016<\/a><\/p>\n\n\n\n<p><a href=\"http:\/\/suomiunkari.fi\/osastot\/hyvinkaa\/files\/2017\/02\/jasenkirje-helmikuu-2017.pdf\">J\u00e4senkirje helmikuu 2017<\/a><\/p>\n\n\n\n<p><a href=\"http:\/\/suomiunkari.fi\/osastot\/hyvinkaa\/files\/2016\/11\/jasenkirje-marraskuu-2016.pdf\">J\u00e4senkirje marraskuu 2016<\/a><\/p>\n\n\n\n<p><a href=\"http:\/\/suomiunkari.fi\/osastot\/hyvinkaa\/files\/2016\/10\/jasenkirje-syyskuu-2016.pdf\">J\u00e4senkirje syyskuu 2016<\/a><\/p>\n\n\n\n<p><a href=\"http:\/\/suomiunkari.fi\/osastot\/hyvinkaa\/files\/2016\/06\/jasenkirje-toukokuu-2016.pdf\">J\u00e4senkirje toukokuu 2016<\/a><\/p>\n\n\n\n<p><a href=\"http:\/\/suomiunkari.fi\/osastot\/hyvinkaa\/files\/2016\/03\/toimintasuunnitelma-2016.pdf\">Toimintasuunnitelma 2016<\/a><\/p>\n\n\n\n<p><a href=\"http:\/\/suomiunkari.fi\/osastot\/hyvinkaa\/files\/2016\/03\/toimintakertomus-ja-tapahtumat-2015.pdf\">Toimintakertomus 2015<\/a><\/p>\n\n\n\n<p><a href=\"http:\/\/suomiunkari.fi\/osastot\/hyvinkaa\/files\/2016\/03\/jasenkirje-helmikuu-2016.pdf\">J\u00e4senkirje helmikuu 2016<\/a><\/p>\n\n\n\n<p><a href=\"http:\/\/suomiunkari.fi\/osastot\/hyvinkaa\/files\/2015\/11\/jasenkirje-marraskuu-2015.pdf\">J\u00e4senkirje marraskuu 2015<\/a><\/p>\n","protected":false},"excerpt":{"rendered":"<p>J\u00e4senkirjeet, toimintakertomukset ja -suunnitelmat J\u00e4senkirje lokakuu 2 2021 J\u00e4senkirje lokakuu 2021 J\u00e4senkirje toukokuu 2021 Toimintasuunnitelma 2021 Toimintakertomus ja tapahtumat 2020 J\u00e4senkirje marraskuu 2020 J\u00e4senkirje syyskuu 2020 J\u00e4senkirje kes\u00e4kuu 2020 J\u00e4senkirje maaliskuu 2020 Toimintasuunnitelma 2020 Toimintakertomus ja tapahtumat vuodelta 2019 J\u00e4senkirje helmikuu 2020 + vuosikokouskutsu J\u00e4senkirje joulukuu 2019 J\u00e4senkirje marraskuu 2019 J\u00e4senkirje syyskuu 2019 J\u00e4senkirje elokuu &hellip;<\/p>\n<p class=\"read-more\"> <a class=\"\" href=\"https:\/\/suomiunkari.fi\/osastot\/hyvinkaa\/jasenkirjeet-toimintakertomukset-ja-suunnitelmat\/\"> <span class=\"screen-reader-text\">J\u00e4senkirjeet<\/span> Lue lis\u00e4\u00e4 &raquo;<\/a><\/p>\n","protected":false},"author":16,"featured_media":0,"parent":0,"menu_order":0,"comment_status":"closed","ping_status":"closed","template":"","meta":{"site-sidebar-layout":"default","site-content-layout":"default","ast-global-header-display":"","ast-main-header-display":"","ast-hfb-above-header-display":"","ast-hfb-below-header-display":"","ast-hfb-mobile-header-display":"","site-post-title":"","ast-breadcrumbs-content":"","ast-featured-img":"","footer-sml-layout":"","theme-transparent-header-meta":"default","adv-header-id-meta":"","stick-header-meta":"","header-above-stick-meta":"","header-main-stick-meta":"","header-below-stick-meta":""},"_links":{"self":[{"href":"https:\/\/suomiunkari.fi\/osastot\/hyvinkaa\/wp-json\/wp\/v2\/pages\/698"}],"collection":[{"href":"https:\/\/suomiunkari.fi\/osastot\/hyvinkaa\/wp-json\/wp\/v2\/pages"}],"about":[{"href":"https:\/\/suomiunkari.fi\/osastot\/hyvinkaa\/wp-json\/wp\/v2\/types\/page"}],"author":[{"embeddable":true,"href":"https:\/\/suomiunkari.fi\/osastot\/hyvinkaa\/wp-json\/wp\/v2\/users\/16"}],"replies":[{"embeddable":true,"href":"https:\/\/suomiunkari.fi\/osastot\/hyvinkaa\/wp-json\/wp\/v2\/comments?post=698"}],"version-history":[{"count":8,"href":"https:\/\/suomiunkari.fi\/osastot\/hyvinkaa\/wp-json\/wp\/v2\/pages\/698\/revisions"}],"predecessor-version":[{"id":714,"href":"https:\/\/suomiunkari.fi\/osastot\/hyvinkaa\/wp-json\/wp\/v2\/pages\/698\/revisions\/714"}],"wp:attachment":[{"href":"https:\/\/suomiunkari.fi\/osastot\/hyvinkaa\/wp-json\/wp\/v2\/media?parent=698"}],"curies":[{"name":"wp","href":"https:\/\/api.w.org\/{rel}","templated":true}]}}