{"id":18,"date":"2008-06-05T15:43:49","date_gmt":"2008-06-05T12:43:49","guid":{"rendered":"http:\/\/suomiunkari.fi\/osastot\/jarvenpaa\/?page_id=18"},"modified":"2026-04-06T23:16:03","modified_gmt":"2026-04-06T21:16:03","slug":"hallituksen-jasenet-2008","status":"publish","type":"page","link":"https:\/\/suomiunkari.fi\/osastot\/jarvenpaa\/osasto-toimii\/hallituksen-jasenet-2008\/","title":{"rendered":"Hallituksen j\u00e4senet 2026"},"content":{"rendered":"<p class=\"MsoNormal\"><strong><em>Puheenjohtaja<\/em><\/strong><\/p>\n<p><em><strong>Eija Linna-alho<\/strong><\/em><br \/>\neijalinna.alho@gmail.com<\/p>\n<p><strong><em>Varapuheenjohtaja<\/em><\/strong><\/p>\n<p><strong><em>Pekka Rokka<br \/>\n<\/em><\/strong><em>pekka.rokka(at)elisanet.fi<\/em><\/p>\n<p><strong>Sihteeri&nbsp; ja kirjanpit\u00e4j\u00e4<\/strong><\/p>\n<p><strong><em>Merja Lehtonen<\/em><\/strong> p. 040 708 3054<br \/>\nmerja.lehtonen(at)kolumbus.fi<\/p>\n<p><strong><em>Heli Alaja p. 050-5915495<br \/>\n<\/em><\/strong><em>heli.alaja(at)gmail.com<\/em><\/p>\n<p><strong><em>Eva Els\u00f6<\/em><\/strong> p. 291 6651<br \/>\neva.elso(at)gmail.com<\/p>\n<p><strong><em>Lars Holm<\/em><\/strong><br \/>\nlasse@the-holms.org<\/p>\n<p><b><i>Pirjo Lipponen&nbsp;<\/i><\/b><\/p>\n<p><strong><em>Antti Virtanen<\/em><\/strong><br \/>\nantti.virtanen48(at)gmail.com<\/p>\n<p>Hallituksen ulkopuolinen taloudenhoitaja<br \/>\n<em><strong>Tuula Pulkkinen<\/strong><\/em><\/p>\n","protected":false},"excerpt":{"rendered":"<p>Puheenjohtaja Eija Linna-alho eijalinna.alho@gmail.com Varapuheenjohtaja Pekka Rokka pekka.rokka(at)elisanet.fi Sihteeri&nbsp; ja kirjanpit\u00e4j\u00e4 Merja Lehtonen p. 040 708 3054 merja.lehtonen(at)kolumbus.fi Heli Alaja p. 050-5915495 heli.alaja(at)gmail.com Eva Els\u00f6 p. 291 6651 eva.elso(at)gmail.com Lars Holm lasse@the-holms.org Pirjo Lipponen&nbsp; Antti Virtanen antti.virtanen48(at)gmail.com Hallituksen ulkopuolinen taloudenhoitaja Tuula Pulkkinen<\/p>\n","protected":false},"author":17,"featured_media":0,"parent":6,"menu_order":0,"comment_status":"open","ping_status":"open","template":"","meta":{"site-sidebar-layout":"default","site-content-layout":"default","ast-global-header-display":"","ast-main-header-display":"","ast-hfb-above-header-display":"","ast-hfb-below-header-display":"","ast-hfb-mobile-header-display":"","site-post-title":"","ast-breadcrumbs-content":"","ast-featured-img":"","footer-sml-layout":"","theme-transparent-header-meta":"default","adv-header-id-meta":"","stick-header-meta":"","header-above-stick-meta":"","header-main-stick-meta":"","header-below-stick-meta":""},"_links":{"self":[{"href":"https:\/\/suomiunkari.fi\/osastot\/jarvenpaa\/wp-json\/wp\/v2\/pages\/18"}],"collection":[{"href":"https:\/\/suomiunkari.fi\/osastot\/jarvenpaa\/wp-json\/wp\/v2\/pages"}],"about":[{"href":"https:\/\/suomiunkari.fi\/osastot\/jarvenpaa\/wp-json\/wp\/v2\/types\/page"}],"author":[{"embeddable":true,"href":"https:\/\/suomiunkari.fi\/osastot\/jarvenpaa\/wp-json\/wp\/v2\/users\/17"}],"replies":[{"embeddable":true,"href":"https:\/\/suomiunkari.fi\/osastot\/jarvenpaa\/wp-json\/wp\/v2\/comments?post=18"}],"version-history":[{"count":12,"href":"https:\/\/suomiunkari.fi\/osastot\/jarvenpaa\/wp-json\/wp\/v2\/pages\/18\/revisions"}],"predecessor-version":[{"id":1295,"href":"https:\/\/suomiunkari.fi\/osastot\/jarvenpaa\/wp-json\/wp\/v2\/pages\/18\/revisions\/1295"}],"up":[{"embeddable":true,"href":"https:\/\/suomiunkari.fi\/osastot\/jarvenpaa\/wp-json\/wp\/v2\/pages\/6"}],"wp:attachment":[{"href":"https:\/\/suomiunkari.fi\/osastot\/jarvenpaa\/wp-json\/wp\/v2\/media?parent=18"}],"curies":[{"name":"wp","href":"https:\/\/api.w.org\/{rel}","templated":true}]}}