{"id":269,"date":"2008-06-04T16:25:35","date_gmt":"2008-06-04T13:25:35","guid":{"rendered":"https:\/\/suomiunkari.fi\/osastot\/jarvenpaa\/linkit\/"},"modified":"2022-02-19T16:44:35","modified_gmt":"2022-02-19T14:44:35","slug":"linkit","status":"publish","type":"page","link":"https:\/\/suomiunkari.fi\/osastot\/jarvenpaa\/linkit\/","title":{"rendered":"Linkit"},"content":{"rendered":"<p>Jos haluat linkin omalle sivullesi, ota yhteytt\u00e4 sihteeriin.<\/p>\n<p>Suomalaisia (ja muun maalaisia) runoja k\u00e4\u00e4nnettyn\u00e4 unkariksi&nbsp;<a href=\"https:\/\/www.magyarulbabelben.net\/index.php?page=works\">https:\/\/www.magyarulbabelben.net\/index.php?page=works<\/a><\/p>\n\n\n<p>Suomi-Unkari Seura ry <a href=\"https:\/\/suomiunkari.fi\/\">https:\/\/suomiunkari.fi\/<\/a><\/p>\n\n\n\n<p>Unkarin Kulttuuri ja tiedekeskus <a href=\"http:\/\/www.unkarinkulttuuri.com\/\">http:\/\/www.unkarinkulttuuri.com\/<\/a><\/p>\n\n\n\n<p>Lasse Holmin Unkari-sivu <a rel=\"noreferrer noopener\" href=\"http:\/\/www.velhola.com\/unkari\" target=\"_blank\">www.velhola.com\/unkari<\/a><\/p>\n\n\n\n<p><strong>Media<\/strong><\/p>\n\n\n\n<p><a href=\"http:\/\/www.telex.hu\/\" target=\"_blank\" rel=\"noreferrer noopener\">www.telex.hu<\/a>&nbsp; &nbsp; &nbsp;Telex<\/p>\n\n\n\n<p><a href=\"http:\/\/www.telex.hu\/english\" target=\"_blank\" rel=\"noreferrer noopener\">www.telex.hu\/english<\/a>&nbsp; &nbsp; &nbsp; Telex englanninkielinen osio<\/p>\n\n\n\n<p><a href=\"http:\/\/www.dailynewshungary.com\/\" target=\"_blank\" rel=\"noreferrer noopener\">www.dailynewshungary.com<\/a>&nbsp;&nbsp; &nbsp; &nbsp;Daily News Hungary<\/p>\n\n\n\n<p><a href=\"http:\/\/www.budapesttimes.hu\/\" target=\"_blank\" rel=\"noreferrer noopener\">www.budapesttimes.hu\/<\/a>&nbsp; &nbsp; &nbsp; &nbsp; Budapest Times<\/p>\n\n\n\n<p><a href=\"http:\/\/www.budapester.hu\/\" target=\"_blank\" rel=\"noreferrer noopener\">www.budapester.hu\/<\/a>&nbsp; &nbsp; &nbsp; &nbsp; &nbsp; Budapester<\/p>\n\n\n\n<p><a href=\"http:\/\/bbj.hu\/\" target=\"_blank\" rel=\"noreferrer noopener\">bbj.hu\/<\/a>&nbsp;&nbsp; &nbsp; &nbsp; &nbsp; &nbsp; &nbsp; &nbsp; &nbsp; &nbsp; &nbsp; &nbsp; Budapest Business Journal<\/p>\n\n\n\n<p><a href=\"http:\/\/hungarytoday.hu\/\" target=\"_blank\" rel=\"noreferrer noopener\">hungarytoday.hu\/<\/a>&nbsp;&nbsp; &nbsp; &nbsp; &nbsp; &nbsp; &nbsp; &nbsp;Hungary Today<\/p>\n\n\n\n<p><a href=\"http:\/\/ungarnheute.hu\/\" target=\"_blank\" rel=\"noreferrer noopener\">ungarnheute.hu\/<\/a>&nbsp;&nbsp; &nbsp; &nbsp; &nbsp; &nbsp; &nbsp; &nbsp; Ungarn Heute<\/p>\n\n\n\n<p><a href=\"http:\/\/www.debrecensun.hu\/\" target=\"_blank\" rel=\"noreferrer noopener\">www.debrecensun.hu\/<\/a>&nbsp;&nbsp; &nbsp; &nbsp; &nbsp; &nbsp; Debrecen Sun<\/p>\n\n\n\n<p><a href=\"http:\/\/www.haon.hu\/\" target=\"_blank\" rel=\"noreferrer noopener\">www.haon.hu<\/a>&nbsp;&nbsp; &nbsp; &nbsp; &nbsp; &nbsp; &nbsp; &nbsp; &nbsp; &nbsp; Hajd\u00fa Bihar Megyei H\u00edrport\u00e1l<\/p>\n\n\n\n<p><strong>Kansallispuistot<\/strong><\/p>\n\n\n\n<p><a href=\"http:\/\/www.hnp.hu\/hu\/szervezeti-egyseg\/turizmus\" target=\"_blank\" rel=\"noreferrer noopener\">www.hnp.hu\/hu\/szervezeti-egyseg\/turizmus<\/a>&nbsp; &nbsp; &nbsp; &nbsp;Hortobagyn kansallispuisto Turistiosio<\/p>\n\n\n\n<p><a href=\"http:\/\/www.bnpi.hu\/\" target=\"_blank\" rel=\"noreferrer noopener\">www.bnpi.hu\/<\/a>&nbsp;&nbsp; &nbsp; &nbsp; &nbsp; &nbsp; &nbsp; &nbsp; &nbsp; &nbsp;B\u00fckk Kansallispuisto<\/p>\n\n\n\n<p><a href=\"https:\/\/anp.hu\/\" target=\"_blank\" rel=\"noreferrer noopener\">https:\/\/anp.hu\/<\/a>&nbsp;&nbsp; &nbsp; &nbsp; &nbsp; &nbsp; &nbsp; &nbsp; Aggtelek Kansallispuisto<\/p>\n","protected":false},"excerpt":{"rendered":"<p>Jos haluat linkin omalle sivullesi, ota yhteytt\u00e4 sihteeriin. Suomalaisia (ja muun maalaisia) runoja k\u00e4\u00e4nnettyn\u00e4 unkariksi&nbsp;https:\/\/www.magyarulbabelben.net\/index.php?page=works Suomi-Unkari Seura ry https:\/\/suomiunkari.fi\/ Unkarin Kulttuuri ja tiedekeskus http:\/\/www.unkarinkulttuuri.com\/ Lasse Holmin Unkari-sivu www.velhola.com\/unkari Media www.telex.hu&nbsp; &nbsp; &nbsp;Telex www.telex.hu\/english&nbsp; &nbsp; &nbsp; Telex englanninkielinen osio www.dailynewshungary.com&nbsp;&nbsp; &nbsp; &nbsp;Daily News Hungary www.budapesttimes.hu\/&nbsp; &nbsp; &nbsp; &nbsp; Budapest Times www.budapester.hu\/&nbsp; &nbsp; &nbsp; &nbsp; &nbsp; Budapester &hellip;<\/p>\n<p class=\"read-more\"> <a class=\"\" href=\"https:\/\/suomiunkari.fi\/osastot\/jarvenpaa\/linkit\/\"> <span class=\"screen-reader-text\">Linkit<\/span> Lue lis\u00e4\u00e4 &raquo;<\/a><\/p>\n","protected":false},"author":1,"featured_media":0,"parent":0,"menu_order":0,"comment_status":"open","ping_status":"open","template":"","meta":{"site-sidebar-layout":"default","site-content-layout":"default","ast-global-header-display":"","ast-main-header-display":"","ast-hfb-above-header-display":"","ast-hfb-below-header-display":"","ast-hfb-mobile-header-display":"","site-post-title":"","ast-breadcrumbs-content":"","ast-featured-img":"","footer-sml-layout":"","theme-transparent-header-meta":"default","adv-header-id-meta":"","stick-header-meta":"","header-above-stick-meta":"","header-main-stick-meta":"","header-below-stick-meta":""},"_links":{"self":[{"href":"https:\/\/suomiunkari.fi\/osastot\/jarvenpaa\/wp-json\/wp\/v2\/pages\/269"}],"collection":[{"href":"https:\/\/suomiunkari.fi\/osastot\/jarvenpaa\/wp-json\/wp\/v2\/pages"}],"about":[{"href":"https:\/\/suomiunkari.fi\/osastot\/jarvenpaa\/wp-json\/wp\/v2\/types\/page"}],"author":[{"embeddable":true,"href":"https:\/\/suomiunkari.fi\/osastot\/jarvenpaa\/wp-json\/wp\/v2\/users\/1"}],"replies":[{"embeddable":true,"href":"https:\/\/suomiunkari.fi\/osastot\/jarvenpaa\/wp-json\/wp\/v2\/comments?post=269"}],"version-history":[{"count":6,"href":"https:\/\/suomiunkari.fi\/osastot\/jarvenpaa\/wp-json\/wp\/v2\/pages\/269\/revisions"}],"predecessor-version":[{"id":636,"href":"https:\/\/suomiunkari.fi\/osastot\/jarvenpaa\/wp-json\/wp\/v2\/pages\/269\/revisions\/636"}],"wp:attachment":[{"href":"https:\/\/suomiunkari.fi\/osastot\/jarvenpaa\/wp-json\/wp\/v2\/media?parent=269"}],"curies":[{"name":"wp","href":"https:\/\/api.w.org\/{rel}","templated":true}]}}