{"id":6,"date":"2008-06-05T12:15:10","date_gmt":"2008-06-05T09:15:10","guid":{"rendered":"http:\/\/suomiunkari.fi\/osastot\/jarvenpaa\/?page_id=6"},"modified":"2008-06-05T12:15:10","modified_gmt":"2008-06-05T09:15:10","slug":"osasto-toimii","status":"publish","type":"page","link":"https:\/\/suomiunkari.fi\/osastot\/jarvenpaa\/osasto-toimii\/","title":{"rendered":"Osasto toimii"},"content":{"rendered":"<p class=\"MsoNormal\"><span style=\"font-family: Tahoma\">Yhdistyksemme on perustettu 22.9.1977. Osastoon kuuluu l\u00e4hes 100 j\u00e4sent\u00e4. J\u00e4senet saavat tietoa toiminnasta j\u00e4senkirjeist\u00e4, s\u00e4hk\u00f6postilla ja n\u00e4ilt\u00e4 www-sivuilta sek\u00e4 omasta Vaasi-lehdest\u00e4, jota julkaistaan 1-2 vuoden v\u00e4lein. J\u00e4senetuuksiin kuuluu Suomi\u2013Unkari -lehti, joka tarjoaa nelj\u00e4 kertaa vuodessa tuhdin tietopaketin Unkarin tapahtumista ja yst\u00e4vyysseuran toiminnasta. Yhdistyksen j\u00e4senmaksu vuonna 2017 on 25 euroa.<\/span><\/p>\n<p class=\"MsoNormal\"><span style=\"font-family: Tahoma\">J\u00e4rjest\u00e4mme yleis\u00f6tilaisuuksia, joissa k\u00e4sitell\u00e4\u00e4n Unkarin historiaa, kulttuuria ja ajankohtaisia tapahtumia.<\/span><\/p>\n<p class=\"MsoNormal\"><span style=\"font-family: Tahoma\">J\u00e4rjest\u00e4mme vuosittain matkan Budapestin Kev\u00e4tfestivaaleille.<\/span><\/p>\n<p class=\"MsoNormal\"><span style=\"font-family: Tahoma\">J\u00e4rjest\u00e4mme matkoja yst\u00e4vyyskaupunki V\u00e1ciin.<\/span><\/p>\n<p class=\"MsoNormal\"><span style=\"font-family: Tahoma\">Olemme aktiivisessa yhteisty\u00f6ss\u00e4 J\u00e4rvenp\u00e4\u00e4n kaupungin ja J\u00e4rvenp\u00e4\u00e4n seurakunnan V\u00e1c-yst\u00e4vyyspiirin kanssa.<\/span><\/p>\n<p class=\"MsoNormal\"><span style=\"font-family: Tahoma\">Annamme apua ja tuemme yhteyksien solmimisessa ja yll\u00e4pidossa Unkariin, saapuvien vieraiden vastaanotossa (urheiluseurat, harrastajaryhm\u00e4t, koulut).<\/span><\/p>\n<p class=\"MsoNormal\"><span style=\"font-family: Tahoma\">Opiskelemme unkarin kielt\u00e4.<\/span><\/p>\n","protected":false},"excerpt":{"rendered":"<p>Yhdistyksemme on perustettu 22.9.1977. Osastoon kuuluu l\u00e4hes 100 j\u00e4sent\u00e4. J\u00e4senet saavat tietoa toiminnasta j\u00e4senkirjeist\u00e4, s\u00e4hk\u00f6postilla ja n\u00e4ilt\u00e4 www-sivuilta sek\u00e4 omasta Vaasi-lehdest\u00e4, jota julkaistaan 1-2 vuoden v\u00e4lein. J\u00e4senetuuksiin kuuluu Suomi\u2013Unkari -lehti, joka tarjoaa nelj\u00e4 kertaa vuodessa tuhdin tietopaketin Unkarin tapahtumista ja yst\u00e4vyysseuran toiminnasta. Yhdistyksen j\u00e4senmaksu vuonna 2017 on 25 euroa. J\u00e4rjest\u00e4mme yleis\u00f6tilaisuuksia, joissa k\u00e4sitell\u00e4\u00e4n Unkarin historiaa, &hellip;<\/p>\n<p class=\"read-more\"> <a class=\"\" href=\"https:\/\/suomiunkari.fi\/osastot\/jarvenpaa\/osasto-toimii\/\"> <span class=\"screen-reader-text\">Osasto toimii<\/span> Lue lis\u00e4\u00e4 &raquo;<\/a><\/p>\n","protected":false},"author":17,"featured_media":0,"parent":0,"menu_order":0,"comment_status":"open","ping_status":"open","template":"","meta":{"site-sidebar-layout":"default","site-content-layout":"default","ast-global-header-display":"","ast-main-header-display":"","ast-hfb-above-header-display":"","ast-hfb-below-header-display":"","ast-hfb-mobile-header-display":"","site-post-title":"","ast-breadcrumbs-content":"","ast-featured-img":"","footer-sml-layout":"","theme-transparent-header-meta":"","adv-header-id-meta":"","stick-header-meta":"","header-above-stick-meta":"","header-main-stick-meta":"","header-below-stick-meta":""},"_links":{"self":[{"href":"https:\/\/suomiunkari.fi\/osastot\/jarvenpaa\/wp-json\/wp\/v2\/pages\/6"}],"collection":[{"href":"https:\/\/suomiunkari.fi\/osastot\/jarvenpaa\/wp-json\/wp\/v2\/pages"}],"about":[{"href":"https:\/\/suomiunkari.fi\/osastot\/jarvenpaa\/wp-json\/wp\/v2\/types\/page"}],"author":[{"embeddable":true,"href":"https:\/\/suomiunkari.fi\/osastot\/jarvenpaa\/wp-json\/wp\/v2\/users\/17"}],"replies":[{"embeddable":true,"href":"https:\/\/suomiunkari.fi\/osastot\/jarvenpaa\/wp-json\/wp\/v2\/comments?post=6"}],"version-history":[{"count":0,"href":"https:\/\/suomiunkari.fi\/osastot\/jarvenpaa\/wp-json\/wp\/v2\/pages\/6\/revisions"}],"wp:attachment":[{"href":"https:\/\/suomiunkari.fi\/osastot\/jarvenpaa\/wp-json\/wp\/v2\/media?parent=6"}],"curies":[{"name":"wp","href":"https:\/\/api.w.org\/{rel}","templated":true}]}}