{"id":8,"date":"2008-06-05T13:20:56","date_gmt":"2008-06-05T10:20:56","guid":{"rendered":"http:\/\/suomiunkari.fi\/osastot\/jarvenpaa\/?page_id=8"},"modified":"2008-06-05T13:20:56","modified_gmt":"2008-06-05T10:20:56","slug":"ystavyyskaupunkimme-vac","status":"publish","type":"page","link":"https:\/\/suomiunkari.fi\/osastot\/jarvenpaa\/ystavyyskaupunkimme-vac\/","title":{"rendered":"Yst\u00e4vyyskaupunkimme V\u00e1c"},"content":{"rendered":"<p class=\"MsoNormal\"><span style=\"font-family: Tahoma\">J\u00e4rvenp\u00e4\u00e4n ja V\u00e1cin kaupunkien yst\u00e4vyyskaupunkisuhde solmittiin virallisesti 1.4.1984. J\u00e4rvenp\u00e4\u00e4l\u00e4iset olivat jo esim. vuonna 1981 tutustuneet v\u00e1cilaisiin, kun 72-henkinen Vox Humana \u2013kuoro vieraili J\u00e4rvenp\u00e4\u00e4ss\u00e4 Unkari-viikolla. Yhteyksi\u00e4 pidettiin puolin ja toisin ja monien neuvottelujen j\u00e4lkeen Unkari-viikolla 1984 sitten suurl\u00e4hettil\u00e4s Frigyes Puja kertoi uutisen, ett\u00e4 J\u00e4rvenp\u00e4\u00e4 saa Unkarista yst\u00e4vyyskaupungikseen V\u00e1cin. T\u00e4m\u00e4n j\u00e4lkeen on vuosittain kaupunkien v\u00e4lill\u00e4 allekirjoitettu yst\u00e4vyystoimintasopimukset. Virallisia ja ep\u00e4virallisia vierailuja tekev\u00e4t niin kaupungin edustajat, erilaiset yhdistykset ja kuorot ja yksityiset henkil\u00f6t, nuorisoryhm\u00e4t vierailevat vuorovuosin (v 2008 j\u00e4rvenp\u00e4\u00e4l\u00e4iset menev\u00e4t V\u00e1ciin) jne, tapaamisten muoto on ollut mit\u00e4 moninaisin.<\/span><\/p>\n<p class=\"MsoNormal\"><span style=\"font-family: Tahoma\"> V\u00e1ciin voi tutustua esim. kaupungin suomenkielisill\u00e4 kotisivuilla osoitteessa <a href=\"http:\/\/www.vac.hu\/nyelv\/fin\">www.vac.hu\/nyelv\/fin<\/a>. Katso my\u00f6s sivut <a href=\"http:\/\/www.vaconline.hu\/\">www.vaconline.hu<\/a>, joilla voi pilkahtaa vaikka tuttuja kasvoja.<\/span><\/p>\n<p class=\"MsoNormal\"><div id='gallery-1' class='gallery galleryid-8 gallery-columns-3 gallery-size-thumbnail'><figure class='gallery-item'>\n\t\t\t<div class='gallery-icon landscape'>\n\t\t\t\t<a href='https:\/\/suomiunkari.fi\/osastot\/jarvenpaa\/ystavyyskaupunkimme-vac\/uj-marcter-vac-002\/'><img width=\"150\" height=\"150\" src=\"https:\/\/suomiunkari.fi\/osastot\/jarvenpaa\/files\/2008\/06\/uj-marcter-vac-002-150x150.jpg\" class=\"attachment-thumbnail size-thumbnail\" alt=\"\" decoding=\"async\" loading=\"lazy\" aria-describedby=\"gallery-1-32\" \/><\/a>\n\t\t\t<\/div>\n\t\t\t\t<figcaption class='wp-caption-text gallery-caption' id='gallery-1-32'>\n\t\t\t\tJ\u00e4rvenp\u00e4\u00e4 &#8211; V\u00e1cin suomalainen yst\u00e4vyyskaupunki\n\t\t\t\t<\/figcaption><\/figure><figure class='gallery-item'>\n\t\t\t<div class='gallery-icon landscape'>\n\t\t\t\t<a href='https:\/\/suomiunkari.fi\/osastot\/jarvenpaa\/ystavyyskaupunkimme-vac\/uj-marcter-vac-003\/'><img width=\"150\" height=\"150\" src=\"https:\/\/suomiunkari.fi\/osastot\/jarvenpaa\/files\/2008\/06\/uj-marcter-vac-003-150x150.jpg\" class=\"attachment-thumbnail size-thumbnail\" alt=\"\" decoding=\"async\" loading=\"lazy\" aria-describedby=\"gallery-1-33\" \/><\/a>\n\t\t\t<\/div>\n\t\t\t\t<figcaption class='wp-caption-text gallery-caption' id='gallery-1-33'>\n\t\t\t\tUusittu M\u00e1rcius 15. t\u00e9r\n\t\t\t\t<\/figcaption><\/figure><figure class='gallery-item'>\n\t\t\t<div class='gallery-icon landscape'>\n\t\t\t\t<a href='https:\/\/suomiunkari.fi\/osastot\/jarvenpaa\/ystavyyskaupunkimme-vac\/uj-marcter-vac-004\/'><img width=\"150\" height=\"150\" src=\"https:\/\/suomiunkari.fi\/osastot\/jarvenpaa\/files\/2008\/06\/uj-marcter-vac-004-150x150.jpg\" class=\"attachment-thumbnail size-thumbnail\" alt=\"\" decoding=\"async\" loading=\"lazy\" aria-describedby=\"gallery-1-34\" \/><\/a>\n\t\t\t<\/div>\n\t\t\t\t<figcaption class='wp-caption-text gallery-caption' id='gallery-1-34'>\n\t\t\t\tUusittu M\u00e1rcius 15. t\u00e9r, Feh\u00e9rek Temploma\n\t\t\t\t<\/figcaption><\/figure><figure class='gallery-item'>\n\t\t\t<div class='gallery-icon portrait'>\n\t\t\t\t<a href='https:\/\/suomiunkari.fi\/osastot\/jarvenpaa\/ystavyyskaupunkimme-vac\/uj-marcter-vac-005\/'><img width=\"150\" height=\"150\" src=\"https:\/\/suomiunkari.fi\/osastot\/jarvenpaa\/files\/2008\/06\/uj-marcter-vac-005-150x150.jpg\" class=\"attachment-thumbnail size-thumbnail\" alt=\"\" decoding=\"async\" loading=\"lazy\" aria-describedby=\"gallery-1-36\" \/><\/a>\n\t\t\t<\/div>\n\t\t\t\t<figcaption class='wp-caption-text gallery-caption' id='gallery-1-36'>\n\t\t\t\tM\u00e1rcius 15. t\u00e9rilt\u00e4\n\t\t\t\t<\/figcaption><\/figure><figure class='gallery-item'>\n\t\t\t<div class='gallery-icon portrait'>\n\t\t\t\t<a href='https:\/\/suomiunkari.fi\/osastot\/jarvenpaa\/ystavyyskaupunkimme-vac\/uj-marcter-vac-007\/'><img width=\"150\" height=\"150\" src=\"https:\/\/suomiunkari.fi\/osastot\/jarvenpaa\/files\/2008\/06\/uj-marcter-vac-007-150x150.jpg\" class=\"attachment-thumbnail size-thumbnail\" alt=\"\" decoding=\"async\" loading=\"lazy\" aria-describedby=\"gallery-1-37\" \/><\/a>\n\t\t\t<\/div>\n\t\t\t\t<figcaption class='wp-caption-text gallery-caption' id='gallery-1-37'>\n\t\t\t\tUusittu M\u00e1rcius 15. t\u00e9r\n\t\t\t\t<\/figcaption><\/figure>\n\t\t<\/div>\n<\/p>\n<p class=\"MsoNormal\"><strong><span style=\"font-family: Tahoma\"> <\/span><\/strong><\/p>\n","protected":false},"excerpt":{"rendered":"<p>J\u00e4rvenp\u00e4\u00e4n ja V\u00e1cin kaupunkien yst\u00e4vyyskaupunkisuhde solmittiin virallisesti 1.4.1984. J\u00e4rvenp\u00e4\u00e4l\u00e4iset olivat jo esim. vuonna 1981 tutustuneet v\u00e1cilaisiin, kun 72-henkinen Vox Humana \u2013kuoro vieraili J\u00e4rvenp\u00e4\u00e4ss\u00e4 Unkari-viikolla. Yhteyksi\u00e4 pidettiin puolin ja toisin ja monien neuvottelujen j\u00e4lkeen Unkari-viikolla 1984 sitten suurl\u00e4hettil\u00e4s Frigyes Puja kertoi uutisen, ett\u00e4 J\u00e4rvenp\u00e4\u00e4 saa Unkarista yst\u00e4vyyskaupungikseen V\u00e1cin. T\u00e4m\u00e4n j\u00e4lkeen on vuosittain kaupunkien v\u00e4lill\u00e4 allekirjoitettu yst\u00e4vyystoimintasopimukset. &hellip;<\/p>\n<p class=\"read-more\"> <a class=\"\" href=\"https:\/\/suomiunkari.fi\/osastot\/jarvenpaa\/ystavyyskaupunkimme-vac\/\"> <span class=\"screen-reader-text\">Yst\u00e4vyyskaupunkimme V\u00e1c<\/span> Lue lis\u00e4\u00e4 &raquo;<\/a><\/p>\n","protected":false},"author":17,"featured_media":0,"parent":0,"menu_order":0,"comment_status":"open","ping_status":"open","template":"","meta":{"site-sidebar-layout":"default","site-content-layout":"default","ast-global-header-display":"","ast-main-header-display":"","ast-hfb-above-header-display":"","ast-hfb-below-header-display":"","ast-hfb-mobile-header-display":"","site-post-title":"","ast-breadcrumbs-content":"","ast-featured-img":"","footer-sml-layout":"","theme-transparent-header-meta":"","adv-header-id-meta":"","stick-header-meta":"","header-above-stick-meta":"","header-main-stick-meta":"","header-below-stick-meta":""},"_links":{"self":[{"href":"https:\/\/suomiunkari.fi\/osastot\/jarvenpaa\/wp-json\/wp\/v2\/pages\/8"}],"collection":[{"href":"https:\/\/suomiunkari.fi\/osastot\/jarvenpaa\/wp-json\/wp\/v2\/pages"}],"about":[{"href":"https:\/\/suomiunkari.fi\/osastot\/jarvenpaa\/wp-json\/wp\/v2\/types\/page"}],"author":[{"embeddable":true,"href":"https:\/\/suomiunkari.fi\/osastot\/jarvenpaa\/wp-json\/wp\/v2\/users\/17"}],"replies":[{"embeddable":true,"href":"https:\/\/suomiunkari.fi\/osastot\/jarvenpaa\/wp-json\/wp\/v2\/comments?post=8"}],"version-history":[{"count":0,"href":"https:\/\/suomiunkari.fi\/osastot\/jarvenpaa\/wp-json\/wp\/v2\/pages\/8\/revisions"}],"wp:attachment":[{"href":"https:\/\/suomiunkari.fi\/osastot\/jarvenpaa\/wp-json\/wp\/v2\/media?parent=8"}],"curies":[{"name":"wp","href":"https:\/\/api.w.org\/{rel}","templated":true}]}}