{"id":9,"date":"2008-06-05T13:24:57","date_gmt":"2008-06-05T10:24:57","guid":{"rendered":"http:\/\/suomiunkari.fi\/osastot\/jarvenpaa\/?page_id=9"},"modified":"2026-04-06T23:27:27","modified_gmt":"2026-04-06T21:27:27","slug":"jasenkirjeet","status":"publish","type":"page","link":"https:\/\/suomiunkari.fi\/osastot\/jarvenpaa\/osasto-toimii\/jasenkirjeet\/","title":{"rendered":"J\u00e4senkirjeet, Vaasi-lehti, Suomi-Unkari"},"content":{"rendered":"<p><a href=\"http:\/\/suomiunkari.fi\/osastot\/jarvenpaa\/files\/2026\/03\/SUS-jasenkirje-260301.pdf\">SUS-j\u00e4senkirje 1 2026<\/a><\/p>\n<p><a href=\"http:\/\/suomiunkari.fi\/osastot\/jarvenpaa\/files\/2026\/04\/SU-2026-1-web.pdf\">Suomi-Unkari -lehti 1 2026<\/a><\/p>\n<p><a href=\"http:\/\/suomiunkari.fi\/osastot\/jarvenpaa\/files\/2025\/11\/sus.vaasi_15.2025-_semifinal.pdf\">Vaasi-lehti nro 15<\/a><\/p>\n<p><a href=\"http:\/\/suomiunkari.fi\/osastot\/jarvenpaa\/files\/2025\/11\/Suomi-Unkari-3-4-2025.pdf\">Suomi-Unkari -lehti 3-4 2025<\/a><\/p>\n<p><a href=\"http:\/\/suomiunkari.fi\/osastot\/jarvenpaa\/files\/2025\/10\/Jasenkirje-syyskuu-2025.pdf\">SUS-j\u00e4senkirje 4 2025<\/a><\/p>\n<p><a href=\"http:\/\/suomiunkari.fi\/osastot\/jarvenpaa\/files\/2025\/07\/Jasenkirje-3-2025.pdf\">Sus-j\u00e4senkirje 3 2025<\/a><\/p>\n<p><a href=\"http:\/\/suomiunkari.fi\/osastot\/jarvenpaa\/files\/2025\/07\/SU-2025.2-web.pdf\">Suomi-Unkari -lehti 2 2025<\/a><\/p>\n<p><a href=\"http:\/\/suomiunkari.fi\/osastot\/jarvenpaa\/files\/2025\/05\/Jasenkirje-2-2025.pdf\">J\u00e4senkirje 250506<\/a><\/p>\n<p><a href=\"http:\/\/suomiunkari.fi\/osastot\/jarvenpaa\/files\/2025\/05\/SU-2025.1-web-1.pdf\">Suomi-Unkari -lehti 1 2025<\/a><\/p>\n<p><a href=\"http:\/\/suomiunkari.fi\/osastot\/jarvenpaa\/files\/2025\/02\/SUS-jasenkirje-250227.pdf\">J\u00e4senkirje 250227<\/a><\/p>\n<p><a href=\"http:\/\/suomiunkari.fi\/osastot\/jarvenpaa\/files\/2024\/12\/sus.vaasi14_24.pdf\">Vaasi-lehti nro 14<\/a><\/p>\n<p><a href=\"http:\/\/suomiunkari.fi\/osastot\/jarvenpaa\/files\/2024\/12\/SU-202404-sposti.pdf\">Suomi-Unkari -lehti 4 2024<\/a><\/p>\n<p><a href=\"http:\/\/suomiunkari.fi\/osastot\/jarvenpaa\/files\/2024\/10\/SUS-jasenkirje-241015.pdf\">SUS-j\u00e4senkirje 241015<\/a><\/p>\n<p><a href=\"http:\/\/suomiunkari.fi\/osastot\/jarvenpaa\/files\/2024\/10\/SU-202403-Pieni-1.pdf\">Suomi-Unkari -lehti<\/a><\/p>\n<p><a href=\"http:\/\/suomiunkari.fi\/osastot\/jarvenpaa\/files\/2024\/08\/SUS-jasenkirje-240807.pdf\">SUS-j\u00e4senkirje 240807<\/a><\/p>\n<p><a href=\"http:\/\/suomiunkari.fi\/osastot\/jarvenpaa\/files\/2024\/02\/SUS-jasenkirje-240226.pdf\">SUS-j\u00e4senkirje 26.2.2024<\/a><\/p>\n<p><a href=\"http:\/\/suomiunkari.fi\/osastot\/jarvenpaa\/files\/2023\/11\/Vaasi-2023.pdf\">Vaasi-lehti nro 13<\/a><\/p>\n<p><a href=\"http:\/\/suomiunkari.fi\/osastot\/jarvenpaa\/files\/2023\/11\/SUS-jasenkirje_231012.pdf\">SUS-j\u00e4senkirje 231012<\/a><\/p>\n<p><a href=\"http:\/\/suomiunkari.fi\/osastot\/jarvenpaa\/files\/2023\/02\/SUS-jasenkirje-230218.pdf\">SUS-j\u00e4senkirje-230218<\/a><\/p>\n<p><a href=\"http:\/\/suomiunkari.fi\/osastot\/jarvenpaa\/files\/2022\/10\/SUS-jasenkirje-221004.pdf\">SUS-j\u00e4senkirje 221004<\/a><\/p>\n<p><a href=\"http:\/\/suomiunkari.fi\/osastot\/jarvenpaa\/files\/2022\/10\/SUS-jasenkirje-220223.pdf\">SUS-j\u00e4senkirje 220223<\/a><\/p>\n<p><a href=\"http:\/\/suomiunkari.fi\/osastot\/jarvenpaa\/files\/2021\/04\/SUS-jasenkirje-210404.pdf\">SUS-j\u00e4senkirje 210404<\/a><\/p>\n<p><a href=\"http:\/\/suomiunkari.fi\/osastot\/jarvenpaa\/files\/2020\/02\/SUS-j\u00e4senkirje-200223.pdf\">SUS-j\u00e4senkirje 1\/2020<\/a><\/p>\n<p><a href=\"http:\/\/suomiunkari.fi\/osastot\/jarvenpaa\/files\/2019\/02\/SUS-j\u00e4senkirje-19-1.pdf\">SUS-j\u00e4senkirje 19 1<\/a><\/p>\n<p><a href=\"http:\/\/suomiunkari.fi\/osastot\/jarvenpaa\/files\/2018\/11\/SUS-j\u00e4senkirje-18-3.docx\">SUS-j\u00e4senkirje 18 3<\/a><\/p>\n<p><a href=\"http:\/\/suomiunkari.fi\/osastot\/jarvenpaa\/files\/2018\/03\/sus-jasenkirje-18-1.pdf\">j\u00e4senkirje 1 2018<\/a><\/p>\n<p><a href=\"http:\/\/suomiunkari.fi\/osastot\/jarvenpaa\/files\/2017\/11\/sus-jasenkirje-1704.pdf\">J\u00e4senkirje 4\/2017<\/a><\/p>\n<p><a href=\"http:\/\/suomiunkari.fi\/osastot\/jarvenpaa\/files\/2017\/10\/sus-jasenkirje-1703.pdf\">J\u00e4senkirje 3\/2017<\/a><\/p>\n<p><a href=\"http:\/\/suomiunkari.fi\/osastot\/jarvenpaa\/files\/2017\/09\/vaasi-2017.pdf\">Vaasi nro 12 2017<\/a><\/p>\n<p><a href=\"http:\/\/suomiunkari.fi\/osastot\/jarvenpaa\/files\/2017\/02\/sus-jasenkirje-1701.pdf\">J\u00e4senkirje 1\/2017<\/a><\/p>\n<p><a href=\"http:\/\/suomiunkari.fi\/osastot\/jarvenpaa\/files\/2016\/03\/vaasi-20162.pdf\">Vaasi nro 11 2016<\/a><\/p>\n<p><a href=\"http:\/\/suomiunkari.fi\/osastot\/jarvenpaa\/files\/2016\/02\/sus-jasenkirje-1601.pdf\">j\u00e4senkirje 1\/2016<\/a><\/p>\n<p><a href=\"http:\/\/suomiunkari.fi\/osastot\/jarvenpaa\/files\/2015\/10\/sus-jasenkirje-1502.pdf\">J\u00e4senkirje 2\/2015<\/a><\/p>\n<p><a href=\"http:\/\/suomiunkari.fi\/osastot\/jarvenpaa\/files\/2015\/03\/sus-jasenkirje-1501a1.pdf\">J\u00e4senkirje 1\/2015<\/a><\/p>\n<p><a href=\"http:\/\/suomiunkari.fi\/osastot\/jarvenpaa\/files\/2014\/11\/sus-jasenkirje-14112.pdf\">J\u00e4senkirje 3\/2014<\/a><\/p>\n<p><a href=\"http:\/\/suomiunkari.fi\/osastot\/jarvenpaa\/files\/2014\/10\/sus-jasenkirje-1410.pdf\">J\u00e4senkirje 2\/2014<\/a><\/p>\n<p><a href=\"http:\/\/suomiunkari.fi\/osastot\/jarvenpaa\/files\/2014\/03\/sus-jasenkirje-14021.pdf\">J\u00e4senkirje 1\/2014<\/a><\/p>\n<p><a href=\"http:\/\/suomiunkari.fi\/osastot\/jarvenpaa\/files\/2013\/10\/sus-jasenkirje-1310.pdf\">J\u00e4senkirje 2\/2013<\/a><\/p>\n<p><a href=\"http:\/\/suomiunkari.fi\/osastot\/jarvenpaa\/files\/2013\/02\/kokouskutsu-krt.pdf\">J\u00e4senkirje 1\/2013<\/a><\/p>\n<p>Vaasi-lehti <a href=\"http:\/\/suomiunkari.fi\/osastot\/jarvenpaa\/files\/2013\/11\/vaasi-2012-6.pdf\">Vaasi 2012<\/a><\/p>\n<p><a href=\"http:\/\/suomiunkari.fi\/osastot\/jarvenpaa\/files\/2012\/10\/sus-jasenkirje-1210.pdf\">J\u00e4senkirje 2\/2012<\/a><\/p>\n<p><a href=\"http:\/\/suomiunkari.fi\/osastot\/jarvenpaa\/files\/2011\/10\/susjasenkirje-111010.doc\">J\u00e4senkirje 3\/2011<\/a><\/p>\n<p><a href=\"http:\/\/suomiunkari.fi\/osastot\/jarvenpaa\/files\/2011\/03\/susjasenkirje-110330.doc\">J\u00e4senkirje 2\/2011<\/a><\/p>\n<p><a href=\"http:\/\/suomiunkari.fi\/osastot\/jarvenpaa\/files\/2011\/02\/susjasenkirje-110206.doc\">J\u00e4senkirje 1\/2011<\/a><\/p>\n<p><a href=\"http:\/\/suomiunkari.fi\/osastot\/jarvenpaa\/files\/2010\/11\/susjasenkirje-101111.pdf\">J\u00e4senkirje 3\/2010<\/a><\/p>\n<p><a href=\"http:\/\/suomiunkari.fi\/osastot\/jarvenpaa\/files\/2010\/04\/susjasenkirje-100425.pdf\">J\u00e4senkirje 2\/2010<\/a><\/p>\n<p><a href=\"http:\/\/suomiunkari.fi\/osastot\/jarvenpaa\/files\/2010\/02\/susjasenkirje-100207.pdf\">J\u00e4senkirje 1\/2010<\/a><\/p>\n<p><a href=\"http:\/\/suomiunkari.fi\/osastot\/jarvenpaa\/files\/2009\/11\/susjasenkirje-091117.pdf\">J\u00e4senkirje 4\/2009<\/a><\/p>\n<p><a href=\"http:\/\/suomiunkari.fi\/osastot\/jarvenpaa\/files\/2009\/10\/susjasenkirje-091017.pdf\">J\u00e4senkirje 3\/2009<\/a><\/p>\n<p><a href=\"http:\/\/suomiunkari.fi\/osastot\/jarvenpaa\/files\/2009\/04\/susjasenkirje-0904071.pdf\">J\u00e4senkirje 2\/2009<\/a><\/p>\n<p><a href=\"http:\/\/suomiunkari.fi\/osastot\/jarvenpaa\/files\/2009\/02\/susjasenkirje-0902022.pdf\">J\u00e4senkirje 1\/2009<\/a><\/p>\n<p><a href=\"http:\/\/suomiunkari.fi\/osastot\/jarvenpaa\/files\/2008\/10\/susjasenkirje-081015.pdf\">J\u00e4senkirje 3\/2008<br \/>\n<\/a><\/p>\n<p><a href=\"http:\/\/suomiunkari.fi\/osastot\/jarvenpaa\/files\/2008\/06\/susjasenkirje-080208.pdf\">J\u00e4senkirje 1\/2008<\/a><\/p>\n<p><a href=\"http:\/\/suomiunkari.fi\/osastot\/jarvenpaa\/files\/2008\/06\/susjasenkirje-080513.pdf\">J\u00e4senkirje 2\/2008<\/a><\/p>\n","protected":false},"excerpt":{"rendered":"<p>SUS-j\u00e4senkirje 1 2026 Suomi-Unkari -lehti 1 2026 Vaasi-lehti nro 15 Suomi-Unkari -lehti 3-4 2025 SUS-j\u00e4senkirje 4 2025 Sus-j\u00e4senkirje 3 2025 Suomi-Unkari -lehti 2 2025 J\u00e4senkirje 250506 Suomi-Unkari -lehti 1 2025 J\u00e4senkirje 250227 Vaasi-lehti nro 14 Suomi-Unkari -lehti 4 2024 SUS-j\u00e4senkirje 241015 Suomi-Unkari -lehti SUS-j\u00e4senkirje 240807 SUS-j\u00e4senkirje 26.2.2024 Vaasi-lehti nro 13 SUS-j\u00e4senkirje 231012 SUS-j\u00e4senkirje-230218 SUS-j\u00e4senkirje 221004 &hellip;<\/p>\n<p class=\"read-more\"> <a class=\"\" href=\"https:\/\/suomiunkari.fi\/osastot\/jarvenpaa\/osasto-toimii\/jasenkirjeet\/\"> <span class=\"screen-reader-text\">J\u00e4senkirjeet, Vaasi-lehti, Suomi-Unkari<\/span> Lue lis\u00e4\u00e4 &raquo;<\/a><\/p>\n","protected":false},"author":17,"featured_media":0,"parent":6,"menu_order":0,"comment_status":"open","ping_status":"open","template":"","meta":{"site-sidebar-layout":"default","site-content-layout":"default","ast-global-header-display":"","ast-main-header-display":"","ast-hfb-above-header-display":"","ast-hfb-below-header-display":"","ast-hfb-mobile-header-display":"","site-post-title":"","ast-breadcrumbs-content":"","ast-featured-img":"","footer-sml-layout":"","theme-transparent-header-meta":"default","adv-header-id-meta":"","stick-header-meta":"","header-above-stick-meta":"","header-main-stick-meta":"","header-below-stick-meta":""},"_links":{"self":[{"href":"https:\/\/suomiunkari.fi\/osastot\/jarvenpaa\/wp-json\/wp\/v2\/pages\/9"}],"collection":[{"href":"https:\/\/suomiunkari.fi\/osastot\/jarvenpaa\/wp-json\/wp\/v2\/pages"}],"about":[{"href":"https:\/\/suomiunkari.fi\/osastot\/jarvenpaa\/wp-json\/wp\/v2\/types\/page"}],"author":[{"embeddable":true,"href":"https:\/\/suomiunkari.fi\/osastot\/jarvenpaa\/wp-json\/wp\/v2\/users\/17"}],"replies":[{"embeddable":true,"href":"https:\/\/suomiunkari.fi\/osastot\/jarvenpaa\/wp-json\/wp\/v2\/comments?post=9"}],"version-history":[{"count":51,"href":"https:\/\/suomiunkari.fi\/osastot\/jarvenpaa\/wp-json\/wp\/v2\/pages\/9\/revisions"}],"predecessor-version":[{"id":1298,"href":"https:\/\/suomiunkari.fi\/osastot\/jarvenpaa\/wp-json\/wp\/v2\/pages\/9\/revisions\/1298"}],"up":[{"embeddable":true,"href":"https:\/\/suomiunkari.fi\/osastot\/jarvenpaa\/wp-json\/wp\/v2\/pages\/6"}],"wp:attachment":[{"href":"https:\/\/suomiunkari.fi\/osastot\/jarvenpaa\/wp-json\/wp\/v2\/media?parent=9"}],"curies":[{"name":"wp","href":"https:\/\/api.w.org\/{rel}","templated":true}]}}