{"id":30,"date":"2014-08-21T17:00:04","date_gmt":"2014-08-21T14:00:04","guid":{"rendered":"http:\/\/suomiunkari.fi\/osastot\/kajaani\/?page_id=30"},"modified":"2021-02-09T11:25:00","modified_gmt":"2021-02-09T09:25:00","slug":"nyiregyhaza","status":"publish","type":"page","link":"https:\/\/suomiunkari.fi\/osastot\/kajaani\/nyiregyhaza\/","title":{"rendered":"Ny\u00edregyh\u00e1za"},"content":{"rendered":"\n\n\n<p><\/p>\n\n\n\n<p>Ny\u00edregyh\u00e1zan kaupunki sijaitsee koillis-Unkarissa ja se on Szabolcs-Szatm\u00e1rin alueen p\u00e4\u00e4kaupunki.<\/p>\n\n\n\n<p>Asukasluku n. 118 000.<\/p>\n\n\n\n<p>Unkarin seitsem\u00e4nneksi suurin kaupunki.<\/p>\n\n\n\n<p><\/p>\n\n\n\n<p><\/p>\n\n\n\n<div class=\"wp-block-media-text alignwide is-stacked-on-mobile\"><figure class=\"wp-block-media-text__media\"><\/figure><div class=\"wp-block-media-text__content\">\n<p class=\"has-large-font-size\"><\/p>\n<\/div><\/div>\n\n\n\n<p>Ny\u00edregyh\u00e1za on my\u00f6s mielenkiintoinen <a href=\"https:\/\/nyiregyhaza.info.hu\/en\/\">matkailukaupunki<\/a>.<\/p>\n\n\n\n<figure class=\"wp-block-image size-large is-resized\"><img decoding=\"async\" loading=\"lazy\" src=\"http:\/\/suomiunkari.fi\/osastot\/kajaani\/files\/2018\/03\/imagesvkd1cjwj.jpg\" alt=\"\" class=\"wp-image-53\" width=\"451\" height=\"304\" \/><\/figure>\n\n\n\n<p><\/p>\n","protected":false},"excerpt":{"rendered":"<p>Ny\u00edregyh\u00e1zan kaupunki sijaitsee koillis-Unkarissa ja se on Szabolcs-Szatm\u00e1rin alueen p\u00e4\u00e4kaupunki. Asukasluku n. 118 000. Unkarin seitsem\u00e4nneksi suurin kaupunki. Ny\u00edregyh\u00e1za on my\u00f6s mielenkiintoinen matkailukaupunki.<\/p>\n","protected":false},"author":19,"featured_media":0,"parent":0,"menu_order":0,"comment_status":"closed","ping_status":"closed","template":"","meta":{"site-sidebar-layout":"default","site-content-layout":"default","ast-global-header-display":"","ast-main-header-display":"","ast-hfb-above-header-display":"","ast-hfb-below-header-display":"","ast-hfb-mobile-header-display":"","site-post-title":"","ast-breadcrumbs-content":"","ast-featured-img":"","footer-sml-layout":"","theme-transparent-header-meta":"default","adv-header-id-meta":"","stick-header-meta":"","header-above-stick-meta":"","header-main-stick-meta":"","header-below-stick-meta":""},"_links":{"self":[{"href":"https:\/\/suomiunkari.fi\/osastot\/kajaani\/wp-json\/wp\/v2\/pages\/30"}],"collection":[{"href":"https:\/\/suomiunkari.fi\/osastot\/kajaani\/wp-json\/wp\/v2\/pages"}],"about":[{"href":"https:\/\/suomiunkari.fi\/osastot\/kajaani\/wp-json\/wp\/v2\/types\/page"}],"author":[{"embeddable":true,"href":"https:\/\/suomiunkari.fi\/osastot\/kajaani\/wp-json\/wp\/v2\/users\/19"}],"replies":[{"embeddable":true,"href":"https:\/\/suomiunkari.fi\/osastot\/kajaani\/wp-json\/wp\/v2\/comments?post=30"}],"version-history":[{"count":6,"href":"https:\/\/suomiunkari.fi\/osastot\/kajaani\/wp-json\/wp\/v2\/pages\/30\/revisions"}],"predecessor-version":[{"id":140,"href":"https:\/\/suomiunkari.fi\/osastot\/kajaani\/wp-json\/wp\/v2\/pages\/30\/revisions\/140"}],"wp:attachment":[{"href":"https:\/\/suomiunkari.fi\/osastot\/kajaani\/wp-json\/wp\/v2\/media?parent=30"}],"curies":[{"name":"wp","href":"https:\/\/api.w.org\/{rel}","templated":true}]}}