{"id":51,"date":"2008-06-04T16:31:14","date_gmt":"2008-06-04T13:31:14","guid":{"rendered":"https:\/\/suomiunkari.fi\/osastot\/kajaani\/yhteystiedot\/"},"modified":"2024-10-22T18:57:48","modified_gmt":"2024-10-22T15:57:48","slug":"yhteystiedot","status":"publish","type":"page","link":"https:\/\/suomiunkari.fi\/osastot\/kajaani\/yhteystiedot\/","title":{"rendered":"Yhteystiedot"},"content":{"rendered":"<p><strong>Kajaanin Suomi-Unkari seuran s\u00e4hk\u00f6posti<\/strong> kajaaninsus(at)gmail.com<\/p>\n<p><strong>Seuran hallituksen j\u00e4senet:<\/strong><\/p>\n<p>Irene Salom\u00e4ki, puheenjohtaja<\/p>\n<p>Riitta-Liisa Karjalainen, sihteeri, taloudenhoitaja<\/p>\n<p>Antti M\u00e4kinen, varapuheenjohtaja<\/p>\n<p>Risto Hyv\u00f6nen<\/p>\n<p>Tuula L\u00f6h\u00f6nen<\/p>\n<p>Jukka Tiusanen<\/p>\n<p>Melinda Jalasto<\/p>\n<p>R\u00e9ka Tolonen<\/p>\n","protected":false},"excerpt":{"rendered":"<p>Kajaanin Suomi-Unkari seuran s\u00e4hk\u00f6posti kajaaninsus(at)gmail.com Seuran hallituksen j\u00e4senet: Irene Salom\u00e4ki, puheenjohtaja Riitta-Liisa Karjalainen, sihteeri, taloudenhoitaja Antti M\u00e4kinen, varapuheenjohtaja Risto Hyv\u00f6nen Tuula L\u00f6h\u00f6nen Jukka Tiusanen Melinda Jalasto R\u00e9ka Tolonen<\/p>\n","protected":false},"author":1,"featured_media":0,"parent":0,"menu_order":0,"comment_status":"open","ping_status":"open","template":"","meta":{"site-sidebar-layout":"default","site-content-layout":"default","ast-global-header-display":"","ast-main-header-display":"","ast-hfb-above-header-display":"","ast-hfb-below-header-display":"","ast-hfb-mobile-header-display":"","site-post-title":"","ast-breadcrumbs-content":"","ast-featured-img":"","footer-sml-layout":"","theme-transparent-header-meta":"default","adv-header-id-meta":"","stick-header-meta":"","header-above-stick-meta":"","header-main-stick-meta":"","header-below-stick-meta":""},"_links":{"self":[{"href":"https:\/\/suomiunkari.fi\/osastot\/kajaani\/wp-json\/wp\/v2\/pages\/51"}],"collection":[{"href":"https:\/\/suomiunkari.fi\/osastot\/kajaani\/wp-json\/wp\/v2\/pages"}],"about":[{"href":"https:\/\/suomiunkari.fi\/osastot\/kajaani\/wp-json\/wp\/v2\/types\/page"}],"author":[{"embeddable":true,"href":"https:\/\/suomiunkari.fi\/osastot\/kajaani\/wp-json\/wp\/v2\/users\/1"}],"replies":[{"embeddable":true,"href":"https:\/\/suomiunkari.fi\/osastot\/kajaani\/wp-json\/wp\/v2\/comments?post=51"}],"version-history":[{"count":5,"href":"https:\/\/suomiunkari.fi\/osastot\/kajaani\/wp-json\/wp\/v2\/pages\/51\/revisions"}],"predecessor-version":[{"id":189,"href":"https:\/\/suomiunkari.fi\/osastot\/kajaani\/wp-json\/wp\/v2\/pages\/51\/revisions\/189"}],"wp:attachment":[{"href":"https:\/\/suomiunkari.fi\/osastot\/kajaani\/wp-json\/wp\/v2\/media?parent=51"}],"curies":[{"name":"wp","href":"https:\/\/api.w.org\/{rel}","templated":true}]}}