{"id":52,"date":"2008-06-04T16:31:14","date_gmt":"2008-06-04T13:31:14","guid":{"rendered":"https:\/\/suomiunkari.fi\/osastot\/kajaani\/tervetuloa\/"},"modified":"2023-05-16T22:30:52","modified_gmt":"2023-05-16T19:30:52","slug":"tervetuloa","status":"publish","type":"page","link":"https:\/\/suomiunkari.fi\/osastot\/kajaani\/","title":{"rendered":"Tervetuloa!"},"content":{"rendered":"<p><img decoding=\"async\" loading=\"lazy\" class=\"alignleft size-medium wp-image-162\" src=\"http:\/\/suomiunkari.fi\/osastot\/kajaani\/files\/2023\/05\/IMG_20230419_164438-300x225.jpg\" alt=\"\" width=\"300\" height=\"225\" srcset=\"https:\/\/suomiunkari.fi\/osastot\/kajaani\/files\/2023\/05\/IMG_20230419_164438-300x225.jpg 300w, https:\/\/suomiunkari.fi\/osastot\/kajaani\/files\/2023\/05\/IMG_20230419_164438-1024x768.jpg 1024w, https:\/\/suomiunkari.fi\/osastot\/kajaani\/files\/2023\/05\/IMG_20230419_164438-768x576.jpg 768w, https:\/\/suomiunkari.fi\/osastot\/kajaani\/files\/2023\/05\/IMG_20230419_164438-1536x1152.jpg 1536w, https:\/\/suomiunkari.fi\/osastot\/kajaani\/files\/2023\/05\/IMG_20230419_164438-2048x1536.jpg 2048w\" sizes=\"(max-width: 300px) 100vw, 300px\" \/><\/p>\n<p>Tervetuloa Kajaanin Suomi-Unkari Seuran sivuille. N\u00e4ill\u00e4 sivuilla kerromme toiminnastamme. Tervetuloa mukaan yhdistyksen ja Unkarin yst\u00e4vyyden piiriin!<\/p>\n<p>Kajaanin Suomi-Unkari seura on perustettu 1977. Seura toimii kajaanilaisten ja unkarilaisten yhdyssiteen\u00e4, tekee tunnetuksi unkarilaista kulttuuria ja yhteiskuntaa sek\u00e4 luo yhteyksi\u00e4 Kajaanin seudulta Unkariin. Erityisesti pidet\u00e4\u00e4n yhteytt\u00e4 Kajaanin yst\u00e4vyyskaupunkiin <a href=\"http:\/\/www.nyiregyhaza.hu\/\" target=\"_blank\" rel=\"noopener noreferrer\">Ny\u00edregyh\u00e1zaan<\/a>. Yst\u00e4vyyskaupunkisuhde on solmittu v. 1981.<\/p>\n<p>Haluatko liitty\u00e4 Suomi-Unkari seuran j\u00e4seneksi &#8211; se k\u00e4y helposti t\u00e4ytt\u00e4m\u00e4ll\u00e4 <a href=\"https:\/\/suomiunkari.fi\/yhdistys\/liity-jaseneksi\/\">j\u00e4senlomakkeen<\/a>.<\/p>\n<p>Suomi-Unkari seuran <a href=\"https:\/\/suomiunkari.fi\/yhdistys\/\">tietosuojaseloste.<\/a><\/p>\n<p>Lis\u00e4tietoa Suomi-Unkari seuran toiminnasta, ajankohtaista Unkari-tietoa ja hy\u00f6dyllisi\u00e4 linkkej\u00e4 l\u00f6yd\u00e4t <a href=\"https:\/\/suomiunkari.fi\/\">t\u00e4\u00e4lt\u00e4<\/a>.<\/p>\n<p><!-- [if gte mso 9]&gt; Normal 0 21 false false false FI X-NONE X-NONE &lt;![endif]--><\/p>\n<p><!-- [if gte mso 9]&gt; &lt;![endif]--><!-- [if gte mso 10]&gt;--><\/p>\n","protected":false},"excerpt":{"rendered":"<p>Tervetuloa Kajaanin Suomi-Unkari Seuran sivuille. N\u00e4ill\u00e4 sivuilla kerromme toiminnastamme. Tervetuloa mukaan yhdistyksen ja Unkarin yst\u00e4vyyden piiriin! Kajaanin Suomi-Unkari seura on perustettu 1977. Seura toimii kajaanilaisten ja unkarilaisten yhdyssiteen\u00e4, tekee tunnetuksi unkarilaista kulttuuria ja yhteiskuntaa sek\u00e4 luo yhteyksi\u00e4 Kajaanin seudulta Unkariin. Erityisesti pidet\u00e4\u00e4n yhteytt\u00e4 Kajaanin yst\u00e4vyyskaupunkiin Ny\u00edregyh\u00e1zaan. Yst\u00e4vyyskaupunkisuhde on solmittu v. 1981. Haluatko liitty\u00e4 Suomi-Unkari seuran &hellip;<\/p>\n<p class=\"read-more\"> <a class=\"\" href=\"https:\/\/suomiunkari.fi\/osastot\/kajaani\/\"> <span class=\"screen-reader-text\">Tervetuloa!<\/span> Lue lis\u00e4\u00e4 &raquo;<\/a><\/p>\n","protected":false},"author":1,"featured_media":0,"parent":0,"menu_order":0,"comment_status":"open","ping_status":"open","template":"","meta":{"site-sidebar-layout":"default","site-content-layout":"default","ast-global-header-display":"","ast-main-header-display":"","ast-hfb-above-header-display":"","ast-hfb-below-header-display":"","ast-hfb-mobile-header-display":"","site-post-title":"","ast-breadcrumbs-content":"","ast-featured-img":"","footer-sml-layout":"","theme-transparent-header-meta":"default","adv-header-id-meta":"72","stick-header-meta":"","header-above-stick-meta":"","header-main-stick-meta":"","header-below-stick-meta":""},"_links":{"self":[{"href":"https:\/\/suomiunkari.fi\/osastot\/kajaani\/wp-json\/wp\/v2\/pages\/52"}],"collection":[{"href":"https:\/\/suomiunkari.fi\/osastot\/kajaani\/wp-json\/wp\/v2\/pages"}],"about":[{"href":"https:\/\/suomiunkari.fi\/osastot\/kajaani\/wp-json\/wp\/v2\/types\/page"}],"author":[{"embeddable":true,"href":"https:\/\/suomiunkari.fi\/osastot\/kajaani\/wp-json\/wp\/v2\/users\/1"}],"replies":[{"embeddable":true,"href":"https:\/\/suomiunkari.fi\/osastot\/kajaani\/wp-json\/wp\/v2\/comments?post=52"}],"version-history":[{"count":5,"href":"https:\/\/suomiunkari.fi\/osastot\/kajaani\/wp-json\/wp\/v2\/pages\/52\/revisions"}],"predecessor-version":[{"id":163,"href":"https:\/\/suomiunkari.fi\/osastot\/kajaani\/wp-json\/wp\/v2\/pages\/52\/revisions\/163"}],"wp:attachment":[{"href":"https:\/\/suomiunkari.fi\/osastot\/kajaani\/wp-json\/wp\/v2\/media?parent=52"}],"curies":[{"name":"wp","href":"https:\/\/api.w.org\/{rel}","templated":true}]}}