{"id":6,"date":"2008-06-05T12:14:15","date_gmt":"2008-06-05T09:14:15","guid":{"rendered":"http:\/\/suomiunkari.fi\/osastot\/kajaani\/?page_id=6"},"modified":"2020-11-17T14:17:03","modified_gmt":"2020-11-17T12:17:03","slug":"osasto-toimii","status":"publish","type":"page","link":"https:\/\/suomiunkari.fi\/osastot\/kajaani\/osasto-toimii\/","title":{"rendered":"Kajaanin Suomi-Unkari seuran toiminnasta"},"content":{"rendered":"<p>Seuran vuosikokous pidet\u00e4\u00e4n helmi-\/maaliskuussa. Vuosikokouksessa p\u00e4\u00e4tet\u00e4\u00e4n alkavan vuoden toiminnasta ja seuran hallitus huolehtii toimintasuunnitelman t\u00e4yt\u00e4nt\u00f6\u00f6npanosta.<\/p>\n<p>Seura toimii kajaanilaisten ja unkarilaisten yhdyssiteen\u00e4,\u00a0 yll\u00e4pit\u00e4\u00e4 molempien maiden kansalaisten vuoro\u00advaikutusta toistensa kanssa ja tekee tunnetuksi unkarilaista kulttuuria ja yhteiskuntaa sek\u00e4 luo yhteyksi\u00e4 Kajaanin seudulta Unkariin. Seura pit\u00e4\u00e4 erityisesti yhteytt\u00e4 Kajaanin yst\u00e4vyyskaupunkiin Ny\u00edregyh\u00e1zaan. Yst\u00e4vyyskaupunkisuhde on solmittu v. 1981.<\/p>\n<p><strong>Hallinto ja toiminta<\/strong><\/p>\n<p>Vuosikokouksessa valitaan seuran hallitus, joka hoitaa toimintaan liittyvi\u00e4 k\u00e4yt\u00e4nn\u00f6n teht\u00e4vi\u00e4. Hallitus kokoontuu tarvittaessa noin viisi kertaa vuoden aikana. Tiedottaminen j\u00e4senist\u00f6lle tapahtuu s\u00e4hk\u00f6postilla, j\u00e4senkirjeill\u00e4, lehti-ilmoituksilla, seuran omilla kotisivuilla ja Facebookissa. J\u00e4senilt\u00e4 ker\u00e4t\u00e4\u00e4n s\u00e4hk\u00f6postiosoitteita, jotta tiedottamista voidaan tehd\u00e4 enemm\u00e4n sit\u00e4 kautta.<\/p>\n<p>Kotisivuja ja Facebookia t\u00e4ydennet\u00e4\u00e4n ja p\u00e4ivitet\u00e4\u00e4n ajankohtaisilla tapahtumilla ja muilla toimintaan liittyvill\u00e4 tiedotteilla.<\/p>\n<p>Osallistutaan It\u00e4-Suomen yhdistysten neuvottelup\u00e4iv\u00e4\u00e4n ja keskusseuran edustajakokoukseen kev\u00e4\u00e4ll\u00e4 sek\u00e4 neuvottelup\u00e4iv\u00e4\u00e4n syksyll\u00e4. Hallitus seuraa muiden paikallisyhdistysten ja keskusseuran toimintaa sek\u00e4 osallistuu mahdollisuuksien mukaan yhteisty\u00f6h\u00f6n.<\/p>\n<p>Osallistutaan kajaanilaisten yst\u00e4vyysseurojen mahdolliseen yhteiseen esitt\u00e4ytymis\u00adtilaisuuteen.<\/p>\n<p>Seuran taloustilannetta parannetaan myym\u00e4ll\u00e4 k\u00e4sity\u00f6tuotteita, arpoja ja kirjoja erilaisissa tilaisuuksissa. Seura voi myyd\u00e4 my\u00f6s osaamistaan Unkarista kiinnostuneille tahoille.<\/p>\n<p>Tarvittaessa tehd\u00e4\u00e4n yhteisty\u00f6t\u00e4 seurakuntien, koulujen, yhdistysten ja yhteis\u00f6jen kanssa niiden Unkari-yhteyksien ja Unkarin tuntemuksen lis\u00e4\u00e4miseksi. Kajaanissa ja l\u00e4hialueella asuviin unkarilaisiin pidet\u00e4\u00e4n yhteytt\u00e4 ja heit\u00e4 pyydet\u00e4\u00e4n mukaan seuran tapahtumiin.<\/p>\n","protected":false},"excerpt":{"rendered":"<p>Seuran vuosikokous pidet\u00e4\u00e4n helmi-\/maaliskuussa. Vuosikokouksessa p\u00e4\u00e4tet\u00e4\u00e4n alkavan vuoden toiminnasta ja seuran hallitus huolehtii toimintasuunnitelman t\u00e4yt\u00e4nt\u00f6\u00f6npanosta. Seura toimii kajaanilaisten ja unkarilaisten yhdyssiteen\u00e4,\u00a0 yll\u00e4pit\u00e4\u00e4 molempien maiden kansalaisten vuoro\u00advaikutusta toistensa kanssa ja tekee tunnetuksi unkarilaista kulttuuria ja yhteiskuntaa sek\u00e4 luo yhteyksi\u00e4 Kajaanin seudulta Unkariin. Seura pit\u00e4\u00e4 erityisesti yhteytt\u00e4 Kajaanin yst\u00e4vyyskaupunkiin Ny\u00edregyh\u00e1zaan. Yst\u00e4vyyskaupunkisuhde on solmittu v. 1981. Hallinto ja &hellip;<\/p>\n<p class=\"read-more\"> <a class=\"\" href=\"https:\/\/suomiunkari.fi\/osastot\/kajaani\/osasto-toimii\/\"> <span class=\"screen-reader-text\">Kajaanin Suomi-Unkari seuran toiminnasta<\/span> Lue lis\u00e4\u00e4 &raquo;<\/a><\/p>\n","protected":false},"author":18,"featured_media":0,"parent":0,"menu_order":0,"comment_status":"open","ping_status":"open","template":"","meta":{"site-sidebar-layout":"default","site-content-layout":"default","ast-global-header-display":"","ast-main-header-display":"","ast-hfb-above-header-display":"","ast-hfb-below-header-display":"","ast-hfb-mobile-header-display":"","site-post-title":"","ast-breadcrumbs-content":"","ast-featured-img":"","footer-sml-layout":"","theme-transparent-header-meta":"default","adv-header-id-meta":"","stick-header-meta":"","header-above-stick-meta":"","header-main-stick-meta":"","header-below-stick-meta":""},"_links":{"self":[{"href":"https:\/\/suomiunkari.fi\/osastot\/kajaani\/wp-json\/wp\/v2\/pages\/6"}],"collection":[{"href":"https:\/\/suomiunkari.fi\/osastot\/kajaani\/wp-json\/wp\/v2\/pages"}],"about":[{"href":"https:\/\/suomiunkari.fi\/osastot\/kajaani\/wp-json\/wp\/v2\/types\/page"}],"author":[{"embeddable":true,"href":"https:\/\/suomiunkari.fi\/osastot\/kajaani\/wp-json\/wp\/v2\/users\/18"}],"replies":[{"embeddable":true,"href":"https:\/\/suomiunkari.fi\/osastot\/kajaani\/wp-json\/wp\/v2\/comments?post=6"}],"version-history":[{"count":3,"href":"https:\/\/suomiunkari.fi\/osastot\/kajaani\/wp-json\/wp\/v2\/pages\/6\/revisions"}],"predecessor-version":[{"id":128,"href":"https:\/\/suomiunkari.fi\/osastot\/kajaani\/wp-json\/wp\/v2\/pages\/6\/revisions\/128"}],"wp:attachment":[{"href":"https:\/\/suomiunkari.fi\/osastot\/kajaani\/wp-json\/wp\/v2\/media?parent=6"}],"curies":[{"name":"wp","href":"https:\/\/api.w.org\/{rel}","templated":true}]}}