{"id":10,"date":"2012-01-31T12:04:20","date_gmt":"2012-01-31T09:04:20","guid":{"rendered":"http:\/\/suomiunkari.fi\/osastot\/kotka\/?page_id=10"},"modified":"2020-11-14T11:02:04","modified_gmt":"2020-11-14T11:02:04","slug":"osasto-toimii","status":"publish","type":"page","link":"https:\/\/suomiunkari.fi\/osastot\/kotka\/osasto-toimii\/","title":{"rendered":"Yhdistys toimii 2020"},"content":{"rendered":"<div id='gallery-1' class='gallery galleryid-10 gallery-columns-3 gallery-size-thumbnail'><figure class='gallery-item'>\n\t\t\t<div class='gallery-icon landscape'>\n\t\t\t\t<a href='https:\/\/suomiunkari.fi\/osastot\/kotka\/osasto-toimii\/sus-myyjaiset07\/'><img width=\"150\" height=\"150\" src=\"https:\/\/suomiunkari.fi\/osastot\/kotka\/files\/2008\/06\/sus-myyjaiset07-150x150.jpg\" class=\"attachment-thumbnail size-thumbnail\" alt=\"\" decoding=\"async\" loading=\"lazy\" aria-describedby=\"gallery-1-21\" \/><\/a>\n\t\t\t<\/div>\n\t\t\t\t<figcaption class='wp-caption-text gallery-caption' id='gallery-1-21'>\n\t\t\t\tJudit Pakkanen ja Leena Karjalainen (joulun alla 2007)\n\t\t\t\t<\/figcaption><\/figure><figure class='gallery-item'>\n\t\t\t<div class='gallery-icon landscape'>\n\t\t\t\t<a href='https:\/\/suomiunkari.fi\/osastot\/kotka\/osasto-toimii\/sus-pikkujoulu07-tanssi\/'><img width=\"150\" height=\"150\" src=\"https:\/\/suomiunkari.fi\/osastot\/kotka\/files\/2008\/06\/sus-pikkujoulu07-tanssi-150x150.jpg\" class=\"attachment-thumbnail size-thumbnail\" alt=\"\" decoding=\"async\" loading=\"lazy\" aria-describedby=\"gallery-1-22\" \/><\/a>\n\t\t\t<\/div>\n\t\t\t\t<figcaption class='wp-caption-text gallery-caption' id='gallery-1-22'>\n\t\t\t\tUnkarilaishenkinen pikkujoulutanssi\n\t\t\t\t<\/figcaption><\/figure><figure class='gallery-item'>\n\t\t\t<div class='gallery-icon landscape'>\n\t\t\t\t<a href='https:\/\/suomiunkari.fi\/osastot\/kotka\/osasto-toimii\/tamas3\/'><img width=\"150\" height=\"150\" src=\"https:\/\/suomiunkari.fi\/osastot\/kotka\/files\/2012\/02\/tamas3-150x150.jpg\" class=\"attachment-thumbnail size-thumbnail\" alt=\"\" decoding=\"async\" loading=\"lazy\" aria-describedby=\"gallery-1-76\" \/><\/a>\n\t\t\t<\/div>\n\t\t\t\t<figcaption class='wp-caption-text gallery-caption' id='gallery-1-76'>\n\t\t\t\tTam\u00e1s Zs\u00f3lyomin valokuvan\u00e4yttely 2011\n\t\t\t\t<\/figcaption><\/figure><figure class='gallery-item'>\n\t\t\t<div class='gallery-icon landscape'>\n\t\t\t\t<a href='https:\/\/suomiunkari.fi\/osastot\/kotka\/osasto-toimii\/joulum5\/'><img width=\"150\" height=\"150\" src=\"https:\/\/suomiunkari.fi\/osastot\/kotka\/files\/2012\/02\/joulum5-150x150.jpg\" class=\"attachment-thumbnail size-thumbnail\" alt=\"\" decoding=\"async\" loading=\"lazy\" aria-describedby=\"gallery-1-77\" \/><\/a>\n\t\t\t<\/div>\n\t\t\t\t<figcaption class='wp-caption-text gallery-caption' id='gallery-1-77'>\n\t\t\t\tP\u00e4\u00e4si\u00e4ismyyj\u00e4iset 2011\n\t\t\t\t<\/figcaption><\/figure><figure class='gallery-item'>\n\t\t\t<div class='gallery-icon landscape'>\n\t\t\t\t<a href='https:\/\/suomiunkari.fi\/osastot\/kotka\/osasto-toimii\/pikkuj52011\/'><img width=\"150\" height=\"150\" src=\"https:\/\/suomiunkari.fi\/osastot\/kotka\/files\/2012\/02\/pikkuj52011-150x150.jpg\" class=\"attachment-thumbnail size-thumbnail\" alt=\"\" decoding=\"async\" loading=\"lazy\" aria-describedby=\"gallery-1-78\" \/><\/a>\n\t\t\t<\/div>\n\t\t\t\t<figcaption class='wp-caption-text gallery-caption' id='gallery-1-78'>\n\t\t\t\tPikkujoulut 2011\n\t\t\t\t<\/figcaption><\/figure><figure class='gallery-item'>\n\t\t\t<div class='gallery-icon portrait'>\n\t\t\t\t<a href='https:\/\/suomiunkari.fi\/osastot\/kotka\/osasto-toimii\/kr1\/'><img width=\"150\" height=\"150\" src=\"https:\/\/suomiunkari.fi\/osastot\/kotka\/files\/2012\/02\/kr1-150x150.jpg\" class=\"attachment-thumbnail size-thumbnail\" alt=\"\" decoding=\"async\" loading=\"lazy\" aria-describedby=\"gallery-1-79\" \/><\/a>\n\t\t\t<\/div>\n\t\t\t\t<figcaption class='wp-caption-text gallery-caption' id='gallery-1-79'>\n\t\t\t\tKes\u00e4retki 2011, Kosken\u00e4yr\u00e4s\n\t\t\t\t<\/figcaption><\/figure><figure class='gallery-item'>\n\t\t\t<div class='gallery-icon landscape'>\n\t\t\t\t<a href='https:\/\/suomiunkari.fi\/osastot\/kotka\/osasto-toimii\/pikkujoulu2011\/'><img width=\"150\" height=\"150\" src=\"https:\/\/suomiunkari.fi\/osastot\/kotka\/files\/2012\/02\/pikkujoulu2011-150x150.jpg\" class=\"attachment-thumbnail size-thumbnail\" alt=\"\" decoding=\"async\" loading=\"lazy\" \/><\/a>\n\t\t\t<\/div><\/figure><figure class='gallery-item'>\n\t\t\t<div class='gallery-icon landscape'>\n\t\t\t\t<a href='https:\/\/suomiunkari.fi\/osastot\/kotka\/osasto-toimii\/lappi-4-12-80\/'><img width=\"150\" height=\"150\" src=\"https:\/\/suomiunkari.fi\/osastot\/kotka\/files\/2012\/05\/lappi-4-12-80-150x150.jpg\" class=\"attachment-thumbnail size-thumbnail\" alt=\"\" decoding=\"async\" loading=\"lazy\" aria-describedby=\"gallery-1-98\" \/><\/a>\n\t\t\t<\/div>\n\t\t\t\t<figcaption class='wp-caption-text gallery-caption' id='gallery-1-98'>\n\t\t\t\tPorvoon 30-vuotisjuhlat 14.4.2012\n\t\t\t\t<\/figcaption><\/figure><figure class='gallery-item'>\n\t\t\t<div class='gallery-icon landscape'>\n\t\t\t\t<a href='https:\/\/suomiunkari.fi\/osastot\/kotka\/osasto-toimii\/img_24802\/'><img width=\"150\" height=\"150\" src=\"https:\/\/suomiunkari.fi\/osastot\/kotka\/files\/2013\/01\/img_24802-150x150.jpg\" class=\"attachment-thumbnail size-thumbnail\" alt=\"\" decoding=\"async\" loading=\"lazy\" aria-describedby=\"gallery-1-111\" \/><\/a>\n\t\t\t<\/div>\n\t\t\t\t<figcaption class='wp-caption-text gallery-caption' id='gallery-1-111'>\n\t\t\t\tL\u00e1zslo Magyar\u00f3sin ruokakurssi 2013\n\t\t\t\t<\/figcaption><\/figure>\n\t\t<\/div>\n\n<ul>\n<li>\n<ul>\n<li>&nbsp;PopUp ravintola 19.4.2020<\/li>\n<li>&nbsp;PopUp ravintola 22.4.2018<\/li>\n<li>&nbsp;PopUp ravintola 17.3.2019<\/li>\n<li>&nbsp;Seuran 45-vuotisjuhla 24.8.2018<\/li>\n<li>\n<p style=\"margin-bottom: 0cm\"><span style=\"font-size: medium\">retki la 26.8.2017<\/span><\/p>\n<\/li>\n<li>\n<p style=\"margin-bottom: 0cm\"><span style=\"font-size: medium\">tulossa konsertti 15.10.2017<\/span><\/p>\n<\/li>\n<li>\n<p style=\"margin-bottom: 0cm\"><span style=\"font-size: medium\">Valokuva n\u00e4yttely 10.10.2015<\/span><\/p>\n<\/li>\n<li>\n<p style=\"margin-bottom: 0cm\"><span style=\"font-size: medium\">It\u00e4rannan sauna 19.9.2015<\/span><\/p>\n<\/li>\n<li>\n<p style=\"margin-bottom: 0cm\"><span style=\"font-size: medium\">matka Unkariin Eger ja Budapest 29.8.-5.8.2015<\/span><\/p>\n<\/li>\n<li>\n<p style=\"margin-bottom: 0cm\"><span style=\"font-size: medium\">17.5.-20.5.2012 matka Budapestiin.<\/span><\/p>\n<\/li>\n<li><span style=\"font-size: medium\">Suunnitelmissa kes\u00e4retki Porvooseen.<\/span><\/li>\n<li><span style=\"font-size: medium\">Tam\u00e1s Zs\u00f3lyomin valokuvan\u00e4yttelyn avajaiset 7.11.2011.<\/span><\/li>\n<li><span style=\"font-size: medium\">Syksyll\u00e4 2011 nautimme illasta Kosken\u00e4yr\u00e4ill\u00e4.<\/span><\/li>\n<li><span style=\"font-size: medium\">T\u00e4rke\u00e4n\u00e4 osana varainhankintaa on myyj\u00e4istoiminta.<\/span><\/li>\n<li><span style=\"font-size: medium\">Syksyll\u00e4 2011 aloitimme unkarin kielen opiskelun, johon on tervetulleita kaikki Kotkan seuran j\u00e4senet.<\/span><\/li>\n<li><span style=\"font-size: medium\">Pikkujouluja vietet\u00e4\u00e4n joka vuosi Tallinna-tuvalla.<\/span><\/li>\n<\/ul>\n<\/li>\n<\/ul>\n","protected":false},"excerpt":{"rendered":"<p>&nbsp;PopUp ravintola 19.4.2020 &nbsp;PopUp ravintola 22.4.2018 &nbsp;PopUp ravintola 17.3.2019 &nbsp;Seuran 45-vuotisjuhla 24.8.2018 retki la 26.8.2017 tulossa konsertti 15.10.2017 Valokuva n\u00e4yttely 10.10.2015 It\u00e4rannan sauna 19.9.2015 matka Unkariin Eger ja Budapest 29.8.-5.8.2015 17.5.-20.5.2012 matka Budapestiin. Suunnitelmissa kes\u00e4retki Porvooseen. Tam\u00e1s Zs\u00f3lyomin valokuvan\u00e4yttelyn avajaiset 7.11.2011. Syksyll\u00e4 2011 nautimme illasta Kosken\u00e4yr\u00e4ill\u00e4. T\u00e4rke\u00e4n\u00e4 osana varainhankintaa on myyj\u00e4istoiminta. Syksyll\u00e4 2011 aloitimme unkarin &hellip;<\/p>\n<p class=\"read-more\"> <a class=\"\" href=\"https:\/\/suomiunkari.fi\/osastot\/kotka\/osasto-toimii\/\"> <span class=\"screen-reader-text\">Yhdistys toimii 2020<\/span> Lue lis\u00e4\u00e4 &raquo;<\/a><\/p>\n","protected":false},"author":22,"featured_media":0,"parent":0,"menu_order":0,"comment_status":"open","ping_status":"open","template":"","meta":{"site-sidebar-layout":"default","site-content-layout":"default","ast-global-header-display":"","ast-main-header-display":"","ast-hfb-above-header-display":"","ast-hfb-below-header-display":"","ast-hfb-mobile-header-display":"","site-post-title":"","ast-breadcrumbs-content":"","ast-featured-img":"","footer-sml-layout":"","theme-transparent-header-meta":"default","adv-header-id-meta":"","stick-header-meta":"","header-above-stick-meta":"","header-main-stick-meta":"","header-below-stick-meta":""},"_links":{"self":[{"href":"https:\/\/suomiunkari.fi\/osastot\/kotka\/wp-json\/wp\/v2\/pages\/10"}],"collection":[{"href":"https:\/\/suomiunkari.fi\/osastot\/kotka\/wp-json\/wp\/v2\/pages"}],"about":[{"href":"https:\/\/suomiunkari.fi\/osastot\/kotka\/wp-json\/wp\/v2\/types\/page"}],"author":[{"embeddable":true,"href":"https:\/\/suomiunkari.fi\/osastot\/kotka\/wp-json\/wp\/v2\/users\/22"}],"replies":[{"embeddable":true,"href":"https:\/\/suomiunkari.fi\/osastot\/kotka\/wp-json\/wp\/v2\/comments?post=10"}],"version-history":[{"count":6,"href":"https:\/\/suomiunkari.fi\/osastot\/kotka\/wp-json\/wp\/v2\/pages\/10\/revisions"}],"predecessor-version":[{"id":159,"href":"https:\/\/suomiunkari.fi\/osastot\/kotka\/wp-json\/wp\/v2\/pages\/10\/revisions\/159"}],"wp:attachment":[{"href":"https:\/\/suomiunkari.fi\/osastot\/kotka\/wp-json\/wp\/v2\/media?parent=10"}],"curies":[{"name":"wp","href":"https:\/\/api.w.org\/{rel}","templated":true}]}}