{"id":115,"date":"2008-06-04T16:33:21","date_gmt":"2008-06-04T13:33:21","guid":{"rendered":"https:\/\/suomiunkari.fi\/osastot\/kotka\/tervetuloa\/"},"modified":"2020-02-19T17:42:46","modified_gmt":"2020-02-19T17:42:46","slug":"tervetuloa","status":"publish","type":"page","link":"https:\/\/suomiunkari.fi\/osastot\/kotka\/","title":{"rendered":"Tervetuloa"},"content":{"rendered":"<p class=\"MsoNormal\">Kotkan Suomi-Unkari Seura on perustettu vuonna 1973 (aikaisemmin Suomi-Unkari Seuran Kotkan osasto ry). Yhdistys toimii aktiivisesti koko etel\u00e4isen Kymenlaakson alueella. Yhdistyksen j\u00e4senet ovat jokainen omalla tavallaan innostuneita Unkarista: jollain saattaa olla unkarilaisia yst\u00e4vi\u00e4, toinen on ihastunut maahan heti ensi silm\u00e4yksell\u00e4, joku on ehk\u00e4 opiskellut unkarin kielt\u00e4. My\u00f6s syntyper\u00e4isi\u00e4 unkarilaisia on j\u00e4senist\u00f6ss\u00e4. Paikallisyhdistyksen tapahtumissa yhteist\u00e4 kiinnostuksen kohdetta tuodaan mahdollisimman monipuolisesti esiin. Jokainen yhdistyksen j\u00e4sen saa 4 kertaa vuodessa ilmestyv\u00e4n Suomi-Unkari-lehden ja lis\u00e4ksi omalta paikallisyhdistykselt\u00e4 n. 4 kertaa vuodessa j\u00e4senkirjeen. Seuralla on facebook sivut nimell\u00e4 Kotkan Suomi-Unkari seura.<\/p>\n<p class=\"MsoNormal\">J\u00e4senmaksu on 25\u20ac\/ vuosi.<\/p>\n","protected":false},"excerpt":{"rendered":"<p>Kotkan Suomi-Unkari Seura on perustettu vuonna 1973 (aikaisemmin Suomi-Unkari Seuran Kotkan osasto ry). Yhdistys toimii aktiivisesti koko etel\u00e4isen Kymenlaakson alueella. Yhdistyksen j\u00e4senet ovat jokainen omalla tavallaan innostuneita Unkarista: jollain saattaa olla unkarilaisia yst\u00e4vi\u00e4, toinen on ihastunut maahan heti ensi silm\u00e4yksell\u00e4, joku on ehk\u00e4 opiskellut unkarin kielt\u00e4. My\u00f6s syntyper\u00e4isi\u00e4 unkarilaisia on j\u00e4senist\u00f6ss\u00e4. Paikallisyhdistyksen tapahtumissa yhteist\u00e4 kiinnostuksen &hellip;<\/p>\n<p class=\"read-more\"> <a class=\"\" href=\"https:\/\/suomiunkari.fi\/osastot\/kotka\/\"> <span class=\"screen-reader-text\">Tervetuloa<\/span> Lue lis\u00e4\u00e4 &raquo;<\/a><\/p>\n","protected":false},"author":1,"featured_media":0,"parent":0,"menu_order":0,"comment_status":"open","ping_status":"open","template":"","meta":{"site-sidebar-layout":"default","site-content-layout":"default","ast-global-header-display":"","ast-main-header-display":"","ast-hfb-above-header-display":"","ast-hfb-below-header-display":"","ast-hfb-mobile-header-display":"","site-post-title":"","ast-breadcrumbs-content":"","ast-featured-img":"","footer-sml-layout":"","theme-transparent-header-meta":"default","adv-header-id-meta":"128","stick-header-meta":"","header-above-stick-meta":"","header-main-stick-meta":"","header-below-stick-meta":""},"_links":{"self":[{"href":"https:\/\/suomiunkari.fi\/osastot\/kotka\/wp-json\/wp\/v2\/pages\/115"}],"collection":[{"href":"https:\/\/suomiunkari.fi\/osastot\/kotka\/wp-json\/wp\/v2\/pages"}],"about":[{"href":"https:\/\/suomiunkari.fi\/osastot\/kotka\/wp-json\/wp\/v2\/types\/page"}],"author":[{"embeddable":true,"href":"https:\/\/suomiunkari.fi\/osastot\/kotka\/wp-json\/wp\/v2\/users\/1"}],"replies":[{"embeddable":true,"href":"https:\/\/suomiunkari.fi\/osastot\/kotka\/wp-json\/wp\/v2\/comments?post=115"}],"version-history":[{"count":2,"href":"https:\/\/suomiunkari.fi\/osastot\/kotka\/wp-json\/wp\/v2\/pages\/115\/revisions"}],"predecessor-version":[{"id":154,"href":"https:\/\/suomiunkari.fi\/osastot\/kotka\/wp-json\/wp\/v2\/pages\/115\/revisions\/154"}],"wp:attachment":[{"href":"https:\/\/suomiunkari.fi\/osastot\/kotka\/wp-json\/wp\/v2\/media?parent=115"}],"curies":[{"name":"wp","href":"https:\/\/api.w.org\/{rel}","templated":true}]}}