{"id":23,"date":"2012-01-31T18:56:03","date_gmt":"2012-01-31T15:56:03","guid":{"rendered":"http:\/\/suomiunkari.fi\/osastot\/kotka\/?page_id=23"},"modified":"2020-11-14T11:26:46","modified_gmt":"2020-11-14T11:26:46","slug":"osaston-hallitus","status":"publish","type":"page","link":"https:\/\/suomiunkari.fi\/osastot\/kotka\/osaston-hallitus\/","title":{"rendered":"Yhdistyksen hallitus 2020"},"content":{"rendered":"<p>Kotkan paikallisyhdistyksen hallitus vuonna 2020<\/p>\n<p>Puheenjohtaja Mari Auvinen<\/p>\n<p>Taloudenhoitaja Eeva Riiali<\/p>\n<p>Sihteeri Oivi Joffel<\/p>\n<p>J\u00e4sensihteeri Oivi Joffel<\/p>\n<p>Muut hallituksen j\u00e4senet: Aarno Alastalo, Leena Karjalainen, Pirjo Apo, Risto Latva Tuula N\u00e4r\u00e4nen, Kaarina Parikka ja Jaakko Riiali<\/p>\n","protected":false},"excerpt":{"rendered":"<p>Kotkan paikallisyhdistyksen hallitus vuonna 2020 Puheenjohtaja Mari Auvinen Taloudenhoitaja Eeva Riiali Sihteeri Oivi Joffel J\u00e4sensihteeri Oivi Joffel Muut hallituksen j\u00e4senet: Aarno Alastalo, Leena Karjalainen, Pirjo Apo, Risto Latva Tuula N\u00e4r\u00e4nen, Kaarina Parikka ja Jaakko Riiali<\/p>\n","protected":false},"author":22,"featured_media":0,"parent":0,"menu_order":0,"comment_status":"open","ping_status":"open","template":"","meta":{"site-sidebar-layout":"default","site-content-layout":"default","ast-global-header-display":"","ast-main-header-display":"","ast-hfb-above-header-display":"","ast-hfb-below-header-display":"","ast-hfb-mobile-header-display":"","site-post-title":"","ast-breadcrumbs-content":"","ast-featured-img":"","footer-sml-layout":"","theme-transparent-header-meta":"default","adv-header-id-meta":"","stick-header-meta":"","header-above-stick-meta":"","header-main-stick-meta":"","header-below-stick-meta":""},"_links":{"self":[{"href":"https:\/\/suomiunkari.fi\/osastot\/kotka\/wp-json\/wp\/v2\/pages\/23"}],"collection":[{"href":"https:\/\/suomiunkari.fi\/osastot\/kotka\/wp-json\/wp\/v2\/pages"}],"about":[{"href":"https:\/\/suomiunkari.fi\/osastot\/kotka\/wp-json\/wp\/v2\/types\/page"}],"author":[{"embeddable":true,"href":"https:\/\/suomiunkari.fi\/osastot\/kotka\/wp-json\/wp\/v2\/users\/22"}],"replies":[{"embeddable":true,"href":"https:\/\/suomiunkari.fi\/osastot\/kotka\/wp-json\/wp\/v2\/comments?post=23"}],"version-history":[{"count":3,"href":"https:\/\/suomiunkari.fi\/osastot\/kotka\/wp-json\/wp\/v2\/pages\/23\/revisions"}],"predecessor-version":[{"id":160,"href":"https:\/\/suomiunkari.fi\/osastot\/kotka\/wp-json\/wp\/v2\/pages\/23\/revisions\/160"}],"wp:attachment":[{"href":"https:\/\/suomiunkari.fi\/osastot\/kotka\/wp-json\/wp\/v2\/media?parent=23"}],"curies":[{"name":"wp","href":"https:\/\/api.w.org\/{rel}","templated":true}]}}