{"id":10,"date":"2013-04-18T08:06:08","date_gmt":"2013-04-18T08:06:08","guid":{"rendered":"http:\/\/suomiunkari.fi\/osastot\/kouvola\/?page_id=10"},"modified":"2013-04-18T17:10:47","modified_gmt":"2013-04-18T17:10:47","slug":"linkit","status":"publish","type":"page","link":"https:\/\/suomiunkari.fi\/osastot\/kouvola\/linkit\/","title":{"rendered":"Linkit"},"content":{"rendered":"<p><a title=\"Balatonf\u00fcred\" href=\"http:\/\/www.balatonfured.hu\/index.php\">Balatonf\u00fcred<\/a><br \/>\n<a title=\"Kouvola\" href=\"http:\/\/www.kouvola.fi\/\">Kouvola<\/a><br \/>\n<a title=\"Suomi-Unkari Seura\" href=\"http:\/\/suomiunkari.fi\/\">Suomi-Unkari Seura<\/a><br \/>\n<a title=\"Unkarin suurl\u00e4hetyst\u00f6\" href=\"http:\/\/www.mfa.gov.hu\/kulkepviselet\/FI\/hu\">Unkarin suurl\u00e4hetyst\u00f6<\/a><br \/>\n<a title=\"Unkarin kulttuuri- ja tiedekeskus\" href=\"http:\/\/helsinki.balassiintezet.hu\/index.php\/fi\/\">Unkarin kulttuuri- ja tiedekeskus<\/a><\/p>\n","protected":false},"excerpt":{"rendered":"<p>Balatonf\u00fcred Kouvola Suomi-Unkari Seura Unkarin suurl\u00e4hetyst\u00f6 Unkarin kulttuuri- ja tiedekeskus<\/p>\n","protected":false},"author":8,"featured_media":0,"parent":0,"menu_order":0,"comment_status":"closed","ping_status":"open","template":"sidebar-page.php","meta":{"site-sidebar-layout":"default","site-content-layout":"default","ast-global-header-display":"","ast-main-header-display":"","ast-hfb-above-header-display":"","ast-hfb-below-header-display":"","ast-hfb-mobile-header-display":"","site-post-title":"","ast-breadcrumbs-content":"","ast-featured-img":"","footer-sml-layout":"","theme-transparent-header-meta":"","adv-header-id-meta":"","stick-header-meta":"","header-above-stick-meta":"","header-main-stick-meta":"","header-below-stick-meta":""},"_links":{"self":[{"href":"https:\/\/suomiunkari.fi\/osastot\/kouvola\/wp-json\/wp\/v2\/pages\/10"}],"collection":[{"href":"https:\/\/suomiunkari.fi\/osastot\/kouvola\/wp-json\/wp\/v2\/pages"}],"about":[{"href":"https:\/\/suomiunkari.fi\/osastot\/kouvola\/wp-json\/wp\/v2\/types\/page"}],"author":[{"embeddable":true,"href":"https:\/\/suomiunkari.fi\/osastot\/kouvola\/wp-json\/wp\/v2\/users\/8"}],"replies":[{"embeddable":true,"href":"https:\/\/suomiunkari.fi\/osastot\/kouvola\/wp-json\/wp\/v2\/comments?post=10"}],"version-history":[{"count":7,"href":"https:\/\/suomiunkari.fi\/osastot\/kouvola\/wp-json\/wp\/v2\/pages\/10\/revisions"}],"predecessor-version":[{"id":123,"href":"https:\/\/suomiunkari.fi\/osastot\/kouvola\/wp-json\/wp\/v2\/pages\/10\/revisions\/123"}],"wp:attachment":[{"href":"https:\/\/suomiunkari.fi\/osastot\/kouvola\/wp-json\/wp\/v2\/media?parent=10"}],"curies":[{"name":"wp","href":"https:\/\/api.w.org\/{rel}","templated":true}]}}