{"id":142,"date":"2013-04-18T17:45:38","date_gmt":"2013-04-18T17:45:38","guid":{"rendered":"http:\/\/suomiunkari.fi\/osastot\/kouvola\/?page_id=142"},"modified":"2021-05-25T12:44:49","modified_gmt":"2021-05-25T12:44:49","slug":"etusivu","status":"publish","type":"page","link":"https:\/\/suomiunkari.fi\/osastot\/kouvola\/","title":{"rendered":"Kouvolan Suomi-Unkari Seura"},"content":{"rendered":"\n<h3><strong>Tervetuloa kotisivuillemme! Tutustu, ja tule mukaan toimintaan! <\/strong><\/h3>\n\n\n\n<p class=\"has-text-align-left\">J\u00e4sentiedotteet l\u00f6ytyv\u00e4t arkistosta.<\/p>\n\n\n\n<p class=\"has-text-align-left\">Seuraa meit\u00e4 my\u00f6s Facebookissa @kouvolansuomiunkariseura.<br><\/p>\n","protected":false},"excerpt":{"rendered":"<p>Tervetuloa kotisivuillemme! Tutustu, ja tule mukaan toimintaan! J\u00e4sentiedotteet l\u00f6ytyv\u00e4t arkistosta. Seuraa meit\u00e4 my\u00f6s Facebookissa @kouvolansuomiunkariseura.<\/p>\n","protected":false},"author":8,"featured_media":0,"parent":0,"menu_order":0,"comment_status":"closed","ping_status":"open","template":"","meta":{"site-sidebar-layout":"default","site-content-layout":"default","ast-global-header-display":"","ast-main-header-display":"","ast-hfb-above-header-display":"","ast-hfb-below-header-display":"","ast-hfb-mobile-header-display":"","site-post-title":"","ast-breadcrumbs-content":"","ast-featured-img":"","footer-sml-layout":"","theme-transparent-header-meta":"default","adv-header-id-meta":"","stick-header-meta":"","header-above-stick-meta":"","header-main-stick-meta":"","header-below-stick-meta":""},"_links":{"self":[{"href":"https:\/\/suomiunkari.fi\/osastot\/kouvola\/wp-json\/wp\/v2\/pages\/142"}],"collection":[{"href":"https:\/\/suomiunkari.fi\/osastot\/kouvola\/wp-json\/wp\/v2\/pages"}],"about":[{"href":"https:\/\/suomiunkari.fi\/osastot\/kouvola\/wp-json\/wp\/v2\/types\/page"}],"author":[{"embeddable":true,"href":"https:\/\/suomiunkari.fi\/osastot\/kouvola\/wp-json\/wp\/v2\/users\/8"}],"replies":[{"embeddable":true,"href":"https:\/\/suomiunkari.fi\/osastot\/kouvola\/wp-json\/wp\/v2\/comments?post=142"}],"version-history":[{"count":21,"href":"https:\/\/suomiunkari.fi\/osastot\/kouvola\/wp-json\/wp\/v2\/pages\/142\/revisions"}],"predecessor-version":[{"id":792,"href":"https:\/\/suomiunkari.fi\/osastot\/kouvola\/wp-json\/wp\/v2\/pages\/142\/revisions\/792"}],"wp:attachment":[{"href":"https:\/\/suomiunkari.fi\/osastot\/kouvola\/wp-json\/wp\/v2\/media?parent=142"}],"curies":[{"name":"wp","href":"https:\/\/api.w.org\/{rel}","templated":true}]}}