{"id":41,"date":"2013-04-18T08:57:37","date_gmt":"2013-04-18T08:57:37","guid":{"rendered":"http:\/\/suomiunkari.fi\/osastot\/kouvola\/?page_id=41"},"modified":"2013-04-18T17:11:17","modified_gmt":"2013-04-18T17:11:17","slug":"saannot","status":"publish","type":"page","link":"https:\/\/suomiunkari.fi\/osastot\/kouvola\/tiedot-yhdistyksesta\/saannot\/","title":{"rendered":"S\u00e4\u00e4nn\u00f6t"},"content":{"rendered":"<p><strong>KOUVOLAN SUOMI-UNKARI SEURA RY:N S\u00c4\u00c4NN\u00d6T<\/strong><\/p>\n<p>Hyv\u00e4ksytty perustavassa kokouksessa 11.3.2012<\/p>\n<p><em>(Mallis\u00e4\u00e4nn\u00f6t hyv\u00e4ksytty Patentti- ja rekisterihallituksessa 1.2.2012)\u00a0<\/em><\/p>\n<p>&nbsp;<\/p>\n<p>1. \u00a7\u00a0 YHDISTYKSEN NIMI JA KOTIPAIKKA<\/p>\n<p>Yhdistyksen nimi on Kouvolan Suomi-Unkari Seura ry.<\/p>\n<p>Yhdistyksen kotipaikka on Kouvolan kaupunki.<\/p>\n<p>Valtakunnallisesta Suomi-Unkari Seura &#8211; Finn-Magyar T\u00e1rsas\u00e1g ry:st\u00e4 k\u00e4ytet\u00e4\u00e4n n\u00e4iss\u00e4 s\u00e4\u00e4nn\u00f6iss\u00e4 nimityst\u00e4 seura ja seuran paikallisyhdistyksest\u00e4 nimityst\u00e4 yhdistys.<\/p>\n<p>&nbsp;<\/p>\n<p>2. \u00a7\u00a0 YHDISTYKSEN TARKOITUS JA TOIMINNAN LAATU<\/p>\n<p>Yhdistyksen tarkoituksena on suomalais-unkarilaisten kulttuurisuhteiden kehitt\u00e4minen, Unkarin historian ja nykyp\u00e4iv\u00e4n tuntemuksen levitt\u00e4minen ja syvent\u00e4minen sek\u00e4 Suomen ja Unkarin kansalaisten yst\u00e4vyyden lujittaminen ja yhteistoiminnan lis\u00e4\u00e4minen kaikilla el\u00e4m\u00e4n aloilla.<\/p>\n<p>Yhdistys on valtakunnallisen Suomi-Unkari Seura &#8211; Finn-Magyar T\u00e1rsas\u00e1g ry:n j\u00e4senyhdistys.<\/p>\n<p>Tarkoituksensa toteuttamiseksi yhdistys toimii yhdyssiteen\u00e4 suomalaisten ja unkarilaisten v\u00e4lill\u00e4. Yhdistys j\u00e4rjest\u00e4\u00e4 esitelm\u00e4tilaisuuksia, n\u00e4yttelyit\u00e4, kulttuuritilaisuuksia ja muuta vastaavaa harrastustoimintaa, j\u00e4senilleen vierailuja ja matkoja Unkariin, edist\u00e4\u00e4 unkarin kielen ja kulttuurin opiskelua, stipendiaattien, harjoittelijoiden, taiteilijoiden ja eri alojen harrastajien ja asiantuntijoiden vaihtoa sek\u00e4 harjoittaa julkaisu- ja tiedotustoimintaa, jonka tarkoituksena on molemmissa maissa lis\u00e4t\u00e4 toistensa olojen ja pyrkimysten tuntemusta.<\/p>\n<p>Toimintansa tukemiseksi yhdistys voi omistaa irtainta ja kiinte\u00e4\u00e4 omaisuutta, vastaanottaa lahjoituksia ja testamentteja sek\u00e4 j\u00e4rjest\u00e4\u00e4 arpajaisia, myyj\u00e4isi\u00e4 ja rahanker\u00e4yksi\u00e4.<\/p>\n<p>&nbsp;<\/p>\n<p>3. \u00a7\u00a0 YHDISTYKSEN J\u00c4SENYYS JA J\u00c4SENMAKSUT<\/p>\n<p>Yhdistyksen henkil\u00f6j\u00e4seneksi voi liitty\u00e4 jokainen, joka hyv\u00e4ksyy yhdistyksen tarkoituksen ja s\u00e4\u00e4nn\u00f6t. Henkil\u00f6j\u00e4senet hyv\u00e4ksyy hakemuksesta yhdistyksen hallitus.<\/p>\n<p>Yhdistyksen tukij\u00e4seneksi voi liitty\u00e4 yhdistyksen tarkoituksen ja s\u00e4\u00e4nn\u00f6t hyv\u00e4ksyv\u00e4 Suomessa rekister\u00f6itynyt oikeuskelpoinen yhteis\u00f6 ja s\u00e4\u00e4ti\u00f6. Tukij\u00e4senet hyv\u00e4ksyy hakemuksesta yhdistyksen hallitus.<\/p>\n<p>Yhdistyksen vuosikokous p\u00e4\u00e4tt\u00e4\u00e4 henkil\u00f6j\u00e4senen j\u00e4senmaksun suuruudesta ottaen huomioon seuralle maksettavat j\u00e4senmaksut. Tukij\u00e4senten j\u00e4senmaksun suuruudesta p\u00e4\u00e4tt\u00e4\u00e4 yhdistyksen hallitus yhdistyksen vuosikokouksen vahvistamien perusteiden mukaisesti.<\/p>\n<p>Yhdistys kuuluu Suomi-Unkari Seuraan j\u00e4senyhdistyksen\u00e4 ja maksaa sille seuran varsinaisen edustajakokouksen vahvistaman j\u00e4senmaksun.<\/p>\n<p>&nbsp;<\/p>\n<p>4. \u00a7\u00a0 YHDISTYKSEN VUOSIKOKOUS<\/p>\n<p>Yhdistyksen vuosikokous on pidett\u00e4v\u00e4 viimeist\u00e4\u00e4n maaliskuussa hallituksen m\u00e4\u00e4r\u00e4\u00e4m\u00e4n\u00e4 p\u00e4iv\u00e4n\u00e4. Vuosikokous kutsutaan koolle viimeist\u00e4\u00e4n seitsem\u00e4n vuorokautta ennen yhdistyksen kotipaikkakunnalla ilmestyv\u00e4ss\u00e4 sanomalehdess\u00e4, kirjeitse tai s\u00e4hk\u00f6postitse.<\/p>\n<p>Jokaisella henkil\u00f6j\u00e4senell\u00e4 on yhdistyksen kokouksessa yksi \u00e4\u00e4ni. Yhdistykseen liittynyt tukij\u00e4sen on oikeutettu l\u00e4hett\u00e4m\u00e4\u00e4n yhdistyksen kokoukseen yhden edustajan, jolla kokouksessa on puhevalta, mutta ei \u00e4\u00e4nioikeutta.<\/p>\n<p>Yhdistyksen kokouksen p\u00e4\u00e4t\u00f6kseksi tulee, ellei s\u00e4\u00e4nn\u00f6iss\u00e4 ole toisin m\u00e4\u00e4r\u00e4tty, se mielipide, jota on kannattanut yli puolet annetuista \u00e4\u00e4nist\u00e4. \u00c4\u00e4nten menness\u00e4 tasan ratkaisee kokouksen puheenjohtajan \u00e4\u00e4ni, vaaleissa kuitenkin arpa.<\/p>\n<p>Vuosikokouksessa k\u00e4sitell\u00e4\u00e4n seuraavat asiat:<\/p>\n<ol>\n<li>kokouksen avaus<\/li>\n<li>valitaan\u00a0 kokouksen puheenjohtaja, sihteeri, kaksi p\u00f6yt\u00e4kirjantarkastajaa ja tarvittaessa kaksi \u00e4\u00e4ntenlaskijaa<\/li>\n<li>todetaan kokouksen laillisuus ja p\u00e4\u00e4t\u00f6svaltaisuus<\/li>\n<li>hyv\u00e4ksyt\u00e4\u00e4n kokouksen ty\u00f6j\u00e4rjestys<\/li>\n<li>esitet\u00e4\u00e4n tilinp\u00e4\u00e4t\u00f6s, vuosikertomus ja toiminnantarkastajan\/-tarkastajien lausunto<\/li>\n<li>p\u00e4\u00e4tet\u00e4\u00e4n tilinp\u00e4\u00e4t\u00f6ksen vahvistamisesta ja vastuuvapauden my\u00f6nt\u00e4misest\u00e4 hallitukselle ja muille vastuuvelvollisille<\/li>\n<li>vahvistetaan toimintasuunnitelma, tulo- ja menoarvio sek\u00e4 j\u00e4senmaksun suuruus<\/li>\n<li>valitaan seuraavaksi toimikaudeksi\u00a0 hallituksen puheenjohtaja, jota kutsutaan yhdistyksen puheenjohtajaksi<\/li>\n<li>valitaan muut hallituksen j\u00e4senet,<\/li>\n<li>valitaan yksi tai kaksi toiminnantarkastajaa ja yksi tai kaksi varatoiminnantarkastajaa kuluvan vuoden tilej\u00e4 tarkastamaan<\/li>\n<li>p\u00e4\u00e4tet\u00e4\u00e4n tukij\u00e4senten j\u00e4senmaksuperusteista<\/li>\n<li>valitaan edustajat seuran edustajakokoukseen sek\u00e4<\/li>\n<li>k\u00e4sitell\u00e4\u00e4n muut kokouskutsussa mainitut asiat.<\/li>\n<\/ol>\n<p>Yhdistyksen vuosikokouksessa ovat oikeutettuja olemaan l\u00e4sn\u00e4 my\u00f6s seuran kunniaj\u00e4senet sek\u00e4 seuran hallituksen j\u00e4senet ja toimihenkil\u00f6t. Heill\u00e4 on kokouksessa puhevalta, mutta ei \u00e4\u00e4nioikeutta.<\/p>\n<p>Mik\u00e4li yhdistyksen j\u00e4sen haluaa saada jonkin asian yhdistyksen vuosikokouksen k\u00e4sitelt\u00e4v\u00e4ksi, on h\u00e4nen ilmoitettava siit\u00e4 kirjallisesti hallitukselle edellisen vuoden loppuun menness\u00e4.<\/p>\n<p>&nbsp;<\/p>\n<p>5. \u00a7\u00a0 YHDISTYKSEN YLIM\u00c4\u00c4R\u00c4ISET KOKOUKSET<\/p>\n<p>Ylim\u00e4\u00e4r\u00e4inen kokous pidet\u00e4\u00e4n, kun yhdistyksen kokous niin p\u00e4\u00e4tt\u00e4\u00e4 tai kun hallitus katsoo sen tarpeelliseksi tai kun v\u00e4hint\u00e4\u00e4n kymmenesosa (1\/10) \u00e4\u00e4nioikeutetuista j\u00e4senist\u00e4 sit\u00e4 hallitukselta erityisesti ilmoitettua asiaa varten kirjallisesti vaatii. Kokous on kutsuttava koolle v\u00e4hint\u00e4\u00e4n seitsem\u00e4n vuorokautta ennen kokousta yhdistyksen kotipaikkakunnalla ilmestyv\u00e4ss\u00e4 sanomalehdess\u00e4, kirjeitse tai s\u00e4hk\u00f6postitse.<\/p>\n<p>&nbsp;<\/p>\n<p>6. \u00a7\u00a0 YHDISTYKSEN TILIKAUSI<\/p>\n<p>Yhdistyksen tilikausi on kalenterivuosi. Tilinp\u00e4\u00e4t\u00f6s tarvittavine asiakirjoineen ja hallituksen vuosikertomus on j\u00e4tett\u00e4v\u00e4 v\u00e4hint\u00e4\u00e4n kuukausi ennen yhdistyksen vuosikokousta toiminnantarkastajan\/toiminnantarkastajien tarkastettavaksi. Toiminnantarkastajan\/toiminnantarkastajien tulee antaa niist\u00e4 hallitukselle kirjallinen lausuntonsa viimeist\u00e4\u00e4n kaksi viikkoa ennen vuosikokousta.<\/p>\n<p>&nbsp;<\/p>\n<p>7. \u00a7\u00a0 YHDISTYKSEN HALLITUS<\/p>\n<p>Yhdistyksen asioita hoitaa yhdistyksen vuosikokouksen valitsema hallitus, johon kuuluu puheenjohtajan lis\u00e4ksi kuudesta kahteentoista (6\u201312) j\u00e4sent\u00e4. Hallituksen toimikausi on vuosikokousten v\u00e4linen aika. Hallituksen j\u00e4senten tulee olla yhdistyksen j\u00e4seni\u00e4.<\/p>\n<p>Hallitus valitsee keskuudestaan varapuheenjohtajan, sihteerin ja taloudenhoitajan sek\u00e4 ottaa muut tarvittavat virkailijat. Hallitus on p\u00e4\u00e4t\u00f6svaltainen, kun v\u00e4hint\u00e4\u00e4n puolet sen j\u00e4senist\u00e4, puheenjohtaja tai varapuheenjohtaja mukaan luettuna, on l\u00e4sn\u00e4.<\/p>\n<p>Hallituksen teht\u00e4v\u00e4n\u00e4 on:<\/p>\n<p>1. \u00a0 huolellisesti hoitaa yhdistyksen asioita noudattaen n\u00e4iden s\u00e4\u00e4nt\u00f6jen m\u00e4\u00e4r\u00e4yksi\u00e4 sek\u00e4 yhdistyksen kokouksen ja seuran edustajakokouksen p\u00e4\u00e4t\u00f6ksi\u00e4 ja seuran hallituksen antamia ohjeita,<\/p>\n<p>2. \u00a0 huolehtia yhdistyksen vuosikertomuksesta, kirjanpidon lainmukaisuudesta ja varainhoidon luotettavuudesta sek\u00e4 juoksevista asioista,<\/p>\n<p>3. \u00a0 hyv\u00e4ksy\u00e4 uudet henkil\u00f6- ja tukij\u00e4senet, pit\u00e4\u00e4 j\u00e4senluetteloa ja p\u00e4\u00e4tt\u00e4\u00e4 tukij\u00e4senten j\u00e4senmaksuista yhdistyksen vuosikokouksessa hyv\u00e4ksyttyjen perusteiden puitteissa sek\u00e4<\/p>\n<p>4. \u00a0 kutsua koolle yhdistyksen kokoukset, neuvotella tarvittaessa seuran hallituksen kanssa yhdistyksen toimintaa koskevista taloudellisista ja oikeudellisista asioista sek\u00e4<\/p>\n<p>5. \u00a0 nimet\u00e4 osallistujansa paikallisyhdistysten neuvottelup\u00e4iv\u00e4\u00e4n.<\/p>\n<p>&nbsp;<\/p>\n<p>8. \u00a7\u00a0 YHDISTYKSEN NIMEN KIRJOITTAMINEN<\/p>\n<p>Yhdistyksen nimen kirjoittaa puheenjohtaja tai varapuheenjohtaja, jompikumpi yhdess\u00e4 sihteerin tai taloudenhoitajan kanssa.<\/p>\n<p>&nbsp;<\/p>\n<p>9. \u00a7\u00a0 YHDISTYKSEST\u00c4 EROAMINEN JA EROTTAMINEN<\/p>\n<p>J\u00e4senell\u00e4 on oikeus erota yhdistyksest\u00e4 ilmoittamalla siit\u00e4 kirjallisesti hallitukselle tai sen puheenjohtajalle tai ilmoittamalla erosta yhdistyksen kokouksessa merkitt\u00e4v\u00e4ksi p\u00f6yt\u00e4kirjaan.<\/p>\n<p>Hallitus voi erottaa j\u00e4senen yhdistyksest\u00e4, jos j\u00e4sen on j\u00e4tt\u00e4nyt er\u00e4\u00e4ntyneen j\u00e4senmaksunsa maksamatta tai muuten j\u00e4tt\u00e4nyt t\u00e4ytt\u00e4m\u00e4tt\u00e4 ne velvoitukset, joihin h\u00e4n on yhdistykseen liittym\u00e4ll\u00e4 sitoutunut tai on menettelyll\u00e4\u00e4n yhdistyksess\u00e4 tai sen ulkopuolella huomattavasti vahingoittanut yhdistyst\u00e4 tai ei en\u00e4\u00e4 t\u00e4yt\u00e4 laissa tai yhdistyksen s\u00e4\u00e4nn\u00f6iss\u00e4 mainittuja j\u00e4senyyden ehtoja.<\/p>\n<p>&nbsp;<\/p>\n<p>10. \u00a7\u00a0 SEURAN EDUSTAJAKOKOUS<\/p>\n<p>Yhdistys on oikeutettu l\u00e4hett\u00e4m\u00e4\u00e4n seuran edustajakokouksiin niin monta edustajaa kuin seuran s\u00e4\u00e4nn\u00f6t m\u00e4\u00e4r\u00e4\u00e4v\u00e4t. Edustajat valitaan kunkin vuoden vuosikokouksessa.<\/p>\n<p>&nbsp;<\/p>\n<p>11. \u00a7\u00a0 YHDISTYKSEN S\u00c4\u00c4NT\u00d6JEN MUUTTAMINEN JA YHDISTYKSEN PURKAMINEN<\/p>\n<p>P\u00e4\u00e4t\u00f6s s\u00e4\u00e4nt\u00f6jen muuttamisesta ja yhdistyksen purkamisesta on teht\u00e4v\u00e4 yhdistyksen kokouksessa v\u00e4hint\u00e4\u00e4n kolmen nelj\u00e4sosan (3\/4) enemmist\u00f6ll\u00e4 annetuista \u00e4\u00e4nist\u00e4. Kokouskutsussa on mainittava s\u00e4\u00e4nt\u00f6jen muuttamisesta tai yhdistyksen purkamisesta.<\/p>\n<p>S\u00e4\u00e4nt\u00f6muutos on alistettava seuran hallituksen vahvistettavaksi ja yhdistyksen purkamisesta on ilmoitettava kirjallisesti seuran hallitukselle.<\/p>\n<p>Yhdistyksen purkautuessa tai sen tullessa lakkautetuksi siirret\u00e4\u00e4n yhdistyksen varat Suomi-Unkari Seura &#8211; Finn-Magyar T\u00e1rsas\u00e1g ry:lle.<\/p>\n<p>&nbsp;<\/p>\n","protected":false},"excerpt":{"rendered":"<p>KOUVOLAN SUOMI-UNKARI SEURA RY:N S\u00c4\u00c4NN\u00d6T Hyv\u00e4ksytty perustavassa kokouksessa 11.3.2012 (Mallis\u00e4\u00e4nn\u00f6t hyv\u00e4ksytty Patentti- ja rekisterihallituksessa 1.2.2012)\u00a0 &nbsp; 1. \u00a7\u00a0 YHDISTYKSEN NIMI JA KOTIPAIKKA Yhdistyksen nimi on Kouvolan Suomi-Unkari Seura ry. Yhdistyksen kotipaikka on Kouvolan kaupunki. Valtakunnallisesta Suomi-Unkari Seura &#8211; Finn-Magyar T\u00e1rsas\u00e1g ry:st\u00e4 k\u00e4ytet\u00e4\u00e4n n\u00e4iss\u00e4 s\u00e4\u00e4nn\u00f6iss\u00e4 nimityst\u00e4 seura ja seuran paikallisyhdistyksest\u00e4 nimityst\u00e4 yhdistys. &nbsp; 2. \u00a7\u00a0 YHDISTYKSEN &hellip;<\/p>\n<p class=\"read-more\"> <a class=\"\" href=\"https:\/\/suomiunkari.fi\/osastot\/kouvola\/tiedot-yhdistyksesta\/saannot\/\"> <span class=\"screen-reader-text\">S\u00e4\u00e4nn\u00f6t<\/span> Lue lis\u00e4\u00e4 &raquo;<\/a><\/p>\n","protected":false},"author":8,"featured_media":0,"parent":14,"menu_order":0,"comment_status":"closed","ping_status":"open","template":"sidebar-page.php","meta":{"site-sidebar-layout":"default","site-content-layout":"default","ast-global-header-display":"","ast-main-header-display":"","ast-hfb-above-header-display":"","ast-hfb-below-header-display":"","ast-hfb-mobile-header-display":"","site-post-title":"","ast-breadcrumbs-content":"","ast-featured-img":"","footer-sml-layout":"","theme-transparent-header-meta":"","adv-header-id-meta":"","stick-header-meta":"","header-above-stick-meta":"","header-main-stick-meta":"","header-below-stick-meta":""},"_links":{"self":[{"href":"https:\/\/suomiunkari.fi\/osastot\/kouvola\/wp-json\/wp\/v2\/pages\/41"}],"collection":[{"href":"https:\/\/suomiunkari.fi\/osastot\/kouvola\/wp-json\/wp\/v2\/pages"}],"about":[{"href":"https:\/\/suomiunkari.fi\/osastot\/kouvola\/wp-json\/wp\/v2\/types\/page"}],"author":[{"embeddable":true,"href":"https:\/\/suomiunkari.fi\/osastot\/kouvola\/wp-json\/wp\/v2\/users\/8"}],"replies":[{"embeddable":true,"href":"https:\/\/suomiunkari.fi\/osastot\/kouvola\/wp-json\/wp\/v2\/comments?post=41"}],"version-history":[{"count":9,"href":"https:\/\/suomiunkari.fi\/osastot\/kouvola\/wp-json\/wp\/v2\/pages\/41\/revisions"}],"predecessor-version":[{"id":127,"href":"https:\/\/suomiunkari.fi\/osastot\/kouvola\/wp-json\/wp\/v2\/pages\/41\/revisions\/127"}],"up":[{"embeddable":true,"href":"https:\/\/suomiunkari.fi\/osastot\/kouvola\/wp-json\/wp\/v2\/pages\/14"}],"wp:attachment":[{"href":"https:\/\/suomiunkari.fi\/osastot\/kouvola\/wp-json\/wp\/v2\/media?parent=41"}],"curies":[{"name":"wp","href":"https:\/\/api.w.org\/{rel}","templated":true}]}}