{"id":54,"date":"2013-04-18T08:59:59","date_gmt":"2013-04-18T08:59:59","guid":{"rendered":"http:\/\/suomiunkari.fi\/osastot\/kouvola\/?page_id=54"},"modified":"2014-01-12T12:27:49","modified_gmt":"2014-01-12T12:27:49","slug":"historia","status":"publish","type":"page","link":"https:\/\/suomiunkari.fi\/osastot\/kouvola\/balatonfured\/historia\/","title":{"rendered":"Historia"},"content":{"rendered":"<p>Nykyisen Balatonf\u00fcredin alueella on ollut asutusta jo roomalaisten valloittajien aikoina. J\u00e4\u00e4nteit\u00e4 antiikin ajan asuinkortteleista, vanhoista rakennuksista, kirkoista, kodikkaista viinitarhoista, puistoista ja vanhoista puista on viel\u00e4kin siell\u00e4 t\u00e4\u00e4ll\u00e4 n\u00e4ht\u00e4viss\u00e4.<\/p>\n<p>Kaupungin nimi mainitaan ensimm\u00e4isen kerran jo vuonna 1211 Tihanyn luostarin omaisuusasiakirjoissa. Itse asiassa koko laakso oli tuolloin luostarin omaisuutta. Keskiajalla nykyisen F\u00fcredin alueella sijaitsi useita pieni\u00e4 yhdyskuntia.<\/p>\n<p>F\u00fcredist\u00e4 pohjoiseen sijaitseva K\u00e9k v\u00f6lgy eli Sininen laakso tuhoutui ja autioitui kokonaan turkkilaisia vastaan k\u00e4ytyjen sotien aikana.<\/p>\n<p>Voimakkaammin Balatonf\u00fcredin kaupunki alkoi kehitty\u00e4 1800- luvulla..Alueesta muodostui keskeisten poliitikkojen ja taiteilijoiden kohtaamispaikka ja kaupungilla oli suuri historiallinen ja kulttuurillinen rooli. Tuolta ajalta l\u00f6ytyy lukuisia muistomerkkej\u00e4, merkitt\u00e4vi\u00e4 rakennuksia ja perinteit\u00e4. Mainio esimerkki on vuonna 1825 ensimm\u00e4isen kerran Horv\u00e1th-talossa j\u00e4rjestetty Anna-b\u00e1l eli koko Unkarissa tunnetut vuosittaiset \u00a0Anna-tanssiaiset.<\/p>\n","protected":false},"excerpt":{"rendered":"<p>Nykyisen Balatonf\u00fcredin alueella on ollut asutusta jo roomalaisten valloittajien aikoina. J\u00e4\u00e4nteit\u00e4 antiikin ajan asuinkortteleista, vanhoista rakennuksista, kirkoista, kodikkaista viinitarhoista, puistoista ja vanhoista puista on viel\u00e4kin siell\u00e4 t\u00e4\u00e4ll\u00e4 n\u00e4ht\u00e4viss\u00e4. Kaupungin nimi mainitaan ensimm\u00e4isen kerran jo vuonna 1211 Tihanyn luostarin omaisuusasiakirjoissa. Itse asiassa koko laakso oli tuolloin luostarin omaisuutta. Keskiajalla nykyisen F\u00fcredin alueella sijaitsi useita pieni\u00e4 yhdyskuntia. &hellip;<\/p>\n<p class=\"read-more\"> <a class=\"\" href=\"https:\/\/suomiunkari.fi\/osastot\/kouvola\/balatonfured\/historia\/\"> <span class=\"screen-reader-text\">Historia<\/span> Lue lis\u00e4\u00e4 &raquo;<\/a><\/p>\n","protected":false},"author":8,"featured_media":0,"parent":8,"menu_order":0,"comment_status":"closed","ping_status":"open","template":"sidebar-page.php","meta":{"site-sidebar-layout":"default","site-content-layout":"default","ast-global-header-display":"","ast-main-header-display":"","ast-hfb-above-header-display":"","ast-hfb-below-header-display":"","ast-hfb-mobile-header-display":"","site-post-title":"","ast-breadcrumbs-content":"","ast-featured-img":"","footer-sml-layout":"","theme-transparent-header-meta":"","adv-header-id-meta":"","stick-header-meta":"","header-above-stick-meta":"","header-main-stick-meta":"","header-below-stick-meta":""},"_links":{"self":[{"href":"https:\/\/suomiunkari.fi\/osastot\/kouvola\/wp-json\/wp\/v2\/pages\/54"}],"collection":[{"href":"https:\/\/suomiunkari.fi\/osastot\/kouvola\/wp-json\/wp\/v2\/pages"}],"about":[{"href":"https:\/\/suomiunkari.fi\/osastot\/kouvola\/wp-json\/wp\/v2\/types\/page"}],"author":[{"embeddable":true,"href":"https:\/\/suomiunkari.fi\/osastot\/kouvola\/wp-json\/wp\/v2\/users\/8"}],"replies":[{"embeddable":true,"href":"https:\/\/suomiunkari.fi\/osastot\/kouvola\/wp-json\/wp\/v2\/comments?post=54"}],"version-history":[{"count":7,"href":"https:\/\/suomiunkari.fi\/osastot\/kouvola\/wp-json\/wp\/v2\/pages\/54\/revisions"}],"predecessor-version":[{"id":275,"href":"https:\/\/suomiunkari.fi\/osastot\/kouvola\/wp-json\/wp\/v2\/pages\/54\/revisions\/275"}],"up":[{"embeddable":true,"href":"https:\/\/suomiunkari.fi\/osastot\/kouvola\/wp-json\/wp\/v2\/pages\/8"}],"wp:attachment":[{"href":"https:\/\/suomiunkari.fi\/osastot\/kouvola\/wp-json\/wp\/v2\/media?parent=54"}],"curies":[{"name":"wp","href":"https:\/\/api.w.org\/{rel}","templated":true}]}}