{"id":56,"date":"2013-04-18T09:00:10","date_gmt":"2013-04-18T09:00:10","guid":{"rendered":"http:\/\/suomiunkari.fi\/osastot\/kouvola\/?page_id=56"},"modified":"2013-11-14T16:55:37","modified_gmt":"2013-11-14T16:55:37","slug":"matkailu","status":"publish","type":"page","link":"https:\/\/suomiunkari.fi\/osastot\/kouvola\/balatonfured\/matkailu\/","title":{"rendered":"Matkailu"},"content":{"rendered":"<p>Balatonf\u00fcredill\u00e4 on vuosisatain takainen maine matkailukohteena. Kun sen mineraalivesi todettiin terveysvaikutteiseksii, siit\u00e4 tuli 1971 virallisesti terveyskylpyl\u00e4kaupunki, ja vuonna 1987 kaupunki nimettiin my\u00f6s kansainv\u00e4liseksi viinikaupungiksi.<\/p>\n<p>Koko Balatonj\u00e4rvi ymp\u00e4rist\u00f6ineen on kansainv\u00e4lisesti suosittu lomailukohde. Keskell\u00e4 Pannoniaa sijaitseva &#8221;Unkarin meri&#8221; on l\u00e4hes 600 km2:n pinta-alallaan Keski-Euroopan suurin j\u00e4rvi. Pitk\u00e4 ja kapea j\u00e4rvi on melko matala, ennen kaikkea sen etel\u00e4inen puoli, ja vesi on l\u00e4mp\u00f6tilaltaan varhain uimiseen sopivaa. J\u00e4rve\u00e4 kiert\u00e4\u00e4 py\u00f6r\u00e4tie, ja monista paikoista voi vuokrata polkupy\u00f6ri\u00e4.<\/p>\n","protected":false},"excerpt":{"rendered":"<p>Balatonf\u00fcredill\u00e4 on vuosisatain takainen maine matkailukohteena. Kun sen mineraalivesi todettiin terveysvaikutteiseksii, siit\u00e4 tuli 1971 virallisesti terveyskylpyl\u00e4kaupunki, ja vuonna 1987 kaupunki nimettiin my\u00f6s kansainv\u00e4liseksi viinikaupungiksi. Koko Balatonj\u00e4rvi ymp\u00e4rist\u00f6ineen on kansainv\u00e4lisesti suosittu lomailukohde. Keskell\u00e4 Pannoniaa sijaitseva &#8221;Unkarin meri&#8221; on l\u00e4hes 600 km2:n pinta-alallaan Keski-Euroopan suurin j\u00e4rvi. Pitk\u00e4 ja kapea j\u00e4rvi on melko matala, ennen kaikkea sen etel\u00e4inen &hellip;<\/p>\n<p class=\"read-more\"> <a class=\"\" href=\"https:\/\/suomiunkari.fi\/osastot\/kouvola\/balatonfured\/matkailu\/\"> <span class=\"screen-reader-text\">Matkailu<\/span> Lue lis\u00e4\u00e4 &raquo;<\/a><\/p>\n","protected":false},"author":8,"featured_media":0,"parent":8,"menu_order":0,"comment_status":"closed","ping_status":"open","template":"sidebar-page.php","meta":{"site-sidebar-layout":"default","site-content-layout":"default","ast-global-header-display":"","ast-main-header-display":"","ast-hfb-above-header-display":"","ast-hfb-below-header-display":"","ast-hfb-mobile-header-display":"","site-post-title":"","ast-breadcrumbs-content":"","ast-featured-img":"","footer-sml-layout":"","theme-transparent-header-meta":"","adv-header-id-meta":"","stick-header-meta":"","header-above-stick-meta":"","header-main-stick-meta":"","header-below-stick-meta":""},"_links":{"self":[{"href":"https:\/\/suomiunkari.fi\/osastot\/kouvola\/wp-json\/wp\/v2\/pages\/56"}],"collection":[{"href":"https:\/\/suomiunkari.fi\/osastot\/kouvola\/wp-json\/wp\/v2\/pages"}],"about":[{"href":"https:\/\/suomiunkari.fi\/osastot\/kouvola\/wp-json\/wp\/v2\/types\/page"}],"author":[{"embeddable":true,"href":"https:\/\/suomiunkari.fi\/osastot\/kouvola\/wp-json\/wp\/v2\/users\/8"}],"replies":[{"embeddable":true,"href":"https:\/\/suomiunkari.fi\/osastot\/kouvola\/wp-json\/wp\/v2\/comments?post=56"}],"version-history":[{"count":6,"href":"https:\/\/suomiunkari.fi\/osastot\/kouvola\/wp-json\/wp\/v2\/pages\/56\/revisions"}],"predecessor-version":[{"id":280,"href":"https:\/\/suomiunkari.fi\/osastot\/kouvola\/wp-json\/wp\/v2\/pages\/56\/revisions\/280"}],"up":[{"embeddable":true,"href":"https:\/\/suomiunkari.fi\/osastot\/kouvola\/wp-json\/wp\/v2\/pages\/8"}],"wp:attachment":[{"href":"https:\/\/suomiunkari.fi\/osastot\/kouvola\/wp-json\/wp\/v2\/media?parent=56"}],"curies":[{"name":"wp","href":"https:\/\/api.w.org\/{rel}","templated":true}]}}