{"id":8,"date":"2013-04-18T08:05:59","date_gmt":"2013-04-18T08:05:59","guid":{"rendered":"http:\/\/suomiunkari.fi\/osastot\/kouvola\/?page_id=8"},"modified":"2014-10-20T13:26:19","modified_gmt":"2014-10-20T13:26:19","slug":"balatonfured","status":"publish","type":"page","link":"https:\/\/suomiunkari.fi\/osastot\/kouvola\/balatonfured\/","title":{"rendered":"Balatonf\u00fcred"},"content":{"rendered":"<p><a href=\"http:\/\/suomiunkari.fi\/osastot\/kouvola\/files\/2013\/04\/Yst\u00e4vyyskaupungit.jpg\"><img decoding=\"async\" loading=\"lazy\" class=\"aligncenter size-full wp-image-376\" src=\"http:\/\/suomiunkari.fi\/osastot\/kouvola\/files\/2013\/04\/Yst\u00e4vyyskaupungit.jpg\" alt=\"\" width=\"960\" height=\"720\" srcset=\"https:\/\/suomiunkari.fi\/osastot\/kouvola\/files\/2013\/04\/Yst\u00e4vyyskaupungit.jpg 960w, https:\/\/suomiunkari.fi\/osastot\/kouvola\/files\/2013\/04\/Yst\u00e4vyyskaupungit-300x225.jpg 300w, https:\/\/suomiunkari.fi\/osastot\/kouvola\/files\/2013\/04\/Yst\u00e4vyyskaupungit-400x300.jpg 400w\" sizes=\"(max-width: 960px) 100vw, 960px\" \/><\/a>Balatonf\u00fcredin kaupunki, joka oli ollut entisen Kouvolan kaupungin yst\u00e4vyyskaupunki vuodesta 1987, valittiin my\u00f6s yhdistyneen Kouvolan yst\u00e4vyyskaupungiksi. Balatonf\u00fcred sijaitsee nimens\u00e4 mukaisesti Balaton-j\u00e4rven rannalla noin 130 km Budapestist\u00e4 l\u00e4nteen . Kaupungissa on noin 13 500 asukasta ja se on Unkarin vanhimpia kylpyl\u00e4kohteita ja suosituimpia lomanviettoalueita.<\/p>\n<p>Yhdistyksemme pit\u00e4\u00e4 tiiviisti yhteytt\u00e4 Balatonf\u00fcrediss\u00e4 toimivaan Balatonf\u00fcred-Kouvola- yst\u00e4vyyskaupunkiyhdistykseen.<\/p>\n","protected":false},"excerpt":{"rendered":"<p>Balatonf\u00fcredin kaupunki, joka oli ollut entisen Kouvolan kaupungin yst\u00e4vyyskaupunki vuodesta 1987, valittiin my\u00f6s yhdistyneen Kouvolan yst\u00e4vyyskaupungiksi. Balatonf\u00fcred sijaitsee nimens\u00e4 mukaisesti Balaton-j\u00e4rven rannalla noin 130 km Budapestist\u00e4 l\u00e4nteen . Kaupungissa on noin 13 500 asukasta ja se on Unkarin vanhimpia kylpyl\u00e4kohteita ja suosituimpia lomanviettoalueita. Yhdistyksemme pit\u00e4\u00e4 tiiviisti yhteytt\u00e4 Balatonf\u00fcrediss\u00e4 toimivaan Balatonf\u00fcred-Kouvola- yst\u00e4vyyskaupunkiyhdistykseen.<\/p>\n","protected":false},"author":8,"featured_media":0,"parent":0,"menu_order":0,"comment_status":"closed","ping_status":"open","template":"sidebar-page.php","meta":{"site-sidebar-layout":"default","site-content-layout":"default","ast-global-header-display":"","ast-main-header-display":"","ast-hfb-above-header-display":"","ast-hfb-below-header-display":"","ast-hfb-mobile-header-display":"","site-post-title":"","ast-breadcrumbs-content":"","ast-featured-img":"","footer-sml-layout":"","theme-transparent-header-meta":"","adv-header-id-meta":"","stick-header-meta":"","header-above-stick-meta":"","header-main-stick-meta":"","header-below-stick-meta":""},"_links":{"self":[{"href":"https:\/\/suomiunkari.fi\/osastot\/kouvola\/wp-json\/wp\/v2\/pages\/8"}],"collection":[{"href":"https:\/\/suomiunkari.fi\/osastot\/kouvola\/wp-json\/wp\/v2\/pages"}],"about":[{"href":"https:\/\/suomiunkari.fi\/osastot\/kouvola\/wp-json\/wp\/v2\/types\/page"}],"author":[{"embeddable":true,"href":"https:\/\/suomiunkari.fi\/osastot\/kouvola\/wp-json\/wp\/v2\/users\/8"}],"replies":[{"embeddable":true,"href":"https:\/\/suomiunkari.fi\/osastot\/kouvola\/wp-json\/wp\/v2\/comments?post=8"}],"version-history":[{"count":9,"href":"https:\/\/suomiunkari.fi\/osastot\/kouvola\/wp-json\/wp\/v2\/pages\/8\/revisions"}],"predecessor-version":[{"id":294,"href":"https:\/\/suomiunkari.fi\/osastot\/kouvola\/wp-json\/wp\/v2\/pages\/8\/revisions\/294"}],"wp:attachment":[{"href":"https:\/\/suomiunkari.fi\/osastot\/kouvola\/wp-json\/wp\/v2\/media?parent=8"}],"curies":[{"name":"wp","href":"https:\/\/api.w.org\/{rel}","templated":true}]}}