{"id":13,"date":"2008-02-04T11:39:17","date_gmt":"2008-02-04T09:39:17","guid":{"rendered":"http:\/\/tanger.dyndns.org:8888\/suomiunkari-blog\/?page_id=15"},"modified":"2008-02-04T11:39:17","modified_gmt":"2008-02-04T09:39:17","slug":"jaseneksi-ilmoittautumislomake","status":"publish","type":"page","link":"https:\/\/suomiunkari.fi\/osastot\/lahti\/yhdistys-toimii\/jaseneksi-ilmoittautumislomake\/","title":{"rendered":"Liity j\u00e4seneksi"},"content":{"rendered":"<p>Liity Suomi-Unkari Seuraan!<\/p>\n<p><a href=\"http:\/\/www.suomiunkari.fi\/liity-jaseneksi\/\" target=\"_blank\" rel=\"noopener noreferrer\">Tulosta t\u00e4st\u00e4 liittymislomake<br \/>\n<\/a><br \/>\nT\u00e4yt\u00e4 ja allekirjoita lomake ja postita se osoitteeseen:<\/p>\n<p>Suomi-Unkari Seura<br \/>\nKaisaniemenkatu 10<br \/>\n00100 Helsinki<\/p>\n","protected":false},"excerpt":{"rendered":"<p>Liity Suomi-Unkari Seuraan! Tulosta t\u00e4st\u00e4 liittymislomake T\u00e4yt\u00e4 ja allekirjoita lomake ja postita se osoitteeseen: Suomi-Unkari Seura Kaisaniemenkatu 10 00100 Helsinki<\/p>\n","protected":false},"author":1,"featured_media":0,"parent":7,"menu_order":97,"comment_status":"open","ping_status":"open","template":"","meta":{"site-sidebar-layout":"default","site-content-layout":"default","ast-global-header-display":"","ast-main-header-display":"","ast-hfb-above-header-display":"","ast-hfb-below-header-display":"","ast-hfb-mobile-header-display":"","site-post-title":"","ast-breadcrumbs-content":"","ast-featured-img":"","footer-sml-layout":"","theme-transparent-header-meta":"","adv-header-id-meta":"","stick-header-meta":"","header-above-stick-meta":"","header-main-stick-meta":"","header-below-stick-meta":""},"_links":{"self":[{"href":"https:\/\/suomiunkari.fi\/osastot\/lahti\/wp-json\/wp\/v2\/pages\/13"}],"collection":[{"href":"https:\/\/suomiunkari.fi\/osastot\/lahti\/wp-json\/wp\/v2\/pages"}],"about":[{"href":"https:\/\/suomiunkari.fi\/osastot\/lahti\/wp-json\/wp\/v2\/types\/page"}],"author":[{"embeddable":true,"href":"https:\/\/suomiunkari.fi\/osastot\/lahti\/wp-json\/wp\/v2\/users\/1"}],"replies":[{"embeddable":true,"href":"https:\/\/suomiunkari.fi\/osastot\/lahti\/wp-json\/wp\/v2\/comments?post=13"}],"version-history":[{"count":0,"href":"https:\/\/suomiunkari.fi\/osastot\/lahti\/wp-json\/wp\/v2\/pages\/13\/revisions"}],"up":[{"embeddable":true,"href":"https:\/\/suomiunkari.fi\/osastot\/lahti\/wp-json\/wp\/v2\/pages\/7"}],"wp:attachment":[{"href":"https:\/\/suomiunkari.fi\/osastot\/lahti\/wp-json\/wp\/v2\/media?parent=13"}],"curies":[{"name":"wp","href":"https:\/\/api.w.org\/{rel}","templated":true}]}}