{"id":483,"date":"2019-12-15T15:59:14","date_gmt":"2019-12-15T15:59:14","guid":{"rendered":"https:\/\/suomiunkari.fi\/osastot\/lahti\/?page_id=483"},"modified":"2021-09-28T04:19:24","modified_gmt":"2021-09-28T04:19:24","slug":"pecs","status":"publish","type":"page","link":"https:\/\/suomiunkari.fi\/osastot\/lahti\/","title":{"rendered":"Tervetuloa Lahden Suomi-Unkari Seuran kotisivuille!"},"content":{"rendered":"\n<p>Yhdistyksemme on perustettu 22..4.1952, ja se on valtakunnallisen Suomi-Unkari Seuran (per. 10.10.1950) vanhimpia paikallisyhdistyksi\u00e4. Kotikaupunkimme Lahti solmi yst\u00e4vyyssuhteen P\u00e9csin kanssa syksyll\u00e4 1956, ensimm\u00e4isen\u00e4 Suomessa. Kuvassa n\u00e4kym\u00e4 P\u00e9csin keskusaukiolle, Sz\u00e9chenyi t\u00e9rille, kev\u00e4isen\u00e4 arki-iltana 2019.<\/p>\n\n\n\n<p>Kerromme toiminnastamme n\u00e4ill\u00e4 kotisivuilla sek\u00e4 facebookissa (www.facebook.com\/lahdensuomiunkariseura).<\/p>\n","protected":false},"excerpt":{"rendered":"<p>Yhdistyksemme on perustettu 22..4.1952, ja se on valtakunnallisen Suomi-Unkari Seuran (per. 10.10.1950) vanhimpia paikallisyhdistyksi\u00e4. Kotikaupunkimme Lahti solmi yst\u00e4vyyssuhteen P\u00e9csin kanssa syksyll\u00e4 1956, ensimm\u00e4isen\u00e4 Suomessa. Kuvassa n\u00e4kym\u00e4 P\u00e9csin keskusaukiolle, Sz\u00e9chenyi t\u00e9rille, kev\u00e4isen\u00e4 arki-iltana 2019. Kerromme toiminnastamme n\u00e4ill\u00e4 kotisivuilla sek\u00e4 facebookissa (www.facebook.com\/lahdensuomiunkariseura).<\/p>\n","protected":false},"author":25,"featured_media":461,"parent":465,"menu_order":1,"comment_status":"closed","ping_status":"closed","template":"","meta":{"site-sidebar-layout":"default","site-content-layout":"default","ast-global-header-display":"","ast-main-header-display":"","ast-hfb-above-header-display":"","ast-hfb-below-header-display":"","ast-hfb-mobile-header-display":"","site-post-title":"","ast-breadcrumbs-content":"","ast-featured-img":"","footer-sml-layout":"","theme-transparent-header-meta":"default","adv-header-id-meta":"","stick-header-meta":"","header-above-stick-meta":"","header-main-stick-meta":"","header-below-stick-meta":""},"_links":{"self":[{"href":"https:\/\/suomiunkari.fi\/osastot\/lahti\/wp-json\/wp\/v2\/pages\/483"}],"collection":[{"href":"https:\/\/suomiunkari.fi\/osastot\/lahti\/wp-json\/wp\/v2\/pages"}],"about":[{"href":"https:\/\/suomiunkari.fi\/osastot\/lahti\/wp-json\/wp\/v2\/types\/page"}],"author":[{"embeddable":true,"href":"https:\/\/suomiunkari.fi\/osastot\/lahti\/wp-json\/wp\/v2\/users\/25"}],"replies":[{"embeddable":true,"href":"https:\/\/suomiunkari.fi\/osastot\/lahti\/wp-json\/wp\/v2\/comments?post=483"}],"version-history":[{"count":9,"href":"https:\/\/suomiunkari.fi\/osastot\/lahti\/wp-json\/wp\/v2\/pages\/483\/revisions"}],"predecessor-version":[{"id":653,"href":"https:\/\/suomiunkari.fi\/osastot\/lahti\/wp-json\/wp\/v2\/pages\/483\/revisions\/653"}],"up":[{"embeddable":true,"href":"https:\/\/suomiunkari.fi\/osastot\/lahti\/wp-json\/wp\/v2\/pages\/465"}],"wp:featuredmedia":[{"embeddable":true,"href":"https:\/\/suomiunkari.fi\/osastot\/lahti\/wp-json\/wp\/v2\/media\/461"}],"wp:attachment":[{"href":"https:\/\/suomiunkari.fi\/osastot\/lahti\/wp-json\/wp\/v2\/media?parent=483"}],"curies":[{"name":"wp","href":"https:\/\/api.w.org\/{rel}","templated":true}]}}