{"id":7,"date":"2008-01-25T16:00:50","date_gmt":"2008-01-25T16:00:50","guid":{"rendered":"http:\/\/suomiunkari.fi\/osastot\/lahti\/yhdistys-toimii\/"},"modified":"2023-01-08T13:51:24","modified_gmt":"2023-01-08T13:51:24","slug":"yhdistys-toimii","status":"publish","type":"page","link":"https:\/\/suomiunkari.fi\/osastot\/lahti\/yhdistys-toimii\/","title":{"rendered":"Yhdistys ja hallitus"},"content":{"rendered":"<p>Lahden Suomi-Unkari Seura on perustettu 22.4.1952, ja se on yksi vanhimpia Suomi\u2013Unkari Seuran paikallisyhdistyksi\u00e4. Kerromme toiminnastamme n\u00e4ill\u00e4 kotisivuilla ja facebookissa (<span style=\"float: none;background-color: #ffffff;color: #3a3a3a;font-family: 'Nunito Sans',sans-serif;font-size: 100%;font-style: inherit;font-variant: normal;font-weight: inherit;letter-spacing: normal;text-align: left;text-decoration: none;text-indent: 0px;text-transform: none\">www.facebook.com\/la hdensuomiunkariseura<\/span>). J\u00e4senet saavat tietoa tulevista tapahtumista my\u00f6s s\u00e4hk\u00f6postiviestein\u00e4 (liittym\u00e4ll\u00e4 yhdistyksen s\u00e4hk\u00f6postilistalle) ja 3-4 kertaa vuodessa ilmestyvien j\u00e4senkirjeiden kautta. J\u00e4senetuuksiin kuuluu mm. Suomi\u2013Unkari lehti, joka tarjoaa nelj\u00e4 kertaa vuodessa tuhdin tietopaketin Unkarin tapahtumista ja yst\u00e4vyysseuran toiminnasta.\u00a0<\/p>\n<p>Vuonna 2022 julkaistiin yhdistyksen 70-vuotishistoriikki &#8221;Unkari-harrastuksen sykkiv\u00e4 syd\u00e4n&#8221;, joka sis\u00e4lt\u00e4\u00e4 uutta tietoa my\u00f6s Lahden kaupungin yst\u00e4vyyskaupunkitoiminnasta 1950-luvulta alkaen. Voit avata julkaisun t\u00e4st\u00e4 linkist\u00e4:<\/p>\n\n\n<div class=\"wp-block-file\"><a href=\"https:\/\/suomiunkari.fi\/osastot\/lahti\/files\/2022\/12\/LSUS_70v_historiikki_2022.pdf\"><strong><span class=\"has-inline-color has-vivid-red-color\">LSUS_70v_historiikki_2022<\/span><\/strong><\/a><\/div>\n\n\n\n<figure class=\"wp-block-image size-large is-resized is-style-default\"><img decoding=\"async\" loading=\"lazy\" src=\"https:\/\/suomiunkari.fi\/osastot\/lahti\/files\/2023\/01\/LSUS70v_kansi-716x1024.jpg\" alt=\"\" class=\"wp-image-690\" width=\"358\" height=\"512\" srcset=\"https:\/\/suomiunkari.fi\/osastot\/lahti\/files\/2023\/01\/LSUS70v_kansi-716x1024.jpg 716w, https:\/\/suomiunkari.fi\/osastot\/lahti\/files\/2023\/01\/LSUS70v_kansi-210x300.jpg 210w, https:\/\/suomiunkari.fi\/osastot\/lahti\/files\/2023\/01\/LSUS70v_kansi-768x1098.jpg 768w, https:\/\/suomiunkari.fi\/osastot\/lahti\/files\/2023\/01\/LSUS70v_kansi-1075x1536.jpg 1075w, https:\/\/suomiunkari.fi\/osastot\/lahti\/files\/2023\/01\/LSUS70v_kansi-1433x2048.jpg 1433w, https:\/\/suomiunkari.fi\/osastot\/lahti\/files\/2023\/01\/LSUS70v_kansi-scaled.jpg 1791w\" sizes=\"(max-width: 358px) 100vw, 358px\" \/><figcaption><strong> <\/strong><\/figcaption><\/figure>\n","protected":false},"excerpt":{"rendered":"<p>Lahden Suomi-Unkari Seura on perustettu 22.4.1952, ja se on yksi vanhimpia Suomi\u2013Unkari Seuran paikallisyhdistyksi\u00e4. Kerromme toiminnastamme n\u00e4ill\u00e4 kotisivuilla ja facebookissa (www.facebook.com\/la hdensuomiunkariseura). J\u00e4senet saavat tietoa tulevista tapahtumista my\u00f6s s\u00e4hk\u00f6postiviestein\u00e4 (liittym\u00e4ll\u00e4 yhdistyksen s\u00e4hk\u00f6postilistalle) ja 3-4 kertaa vuodessa ilmestyvien j\u00e4senkirjeiden kautta. J\u00e4senetuuksiin kuuluu mm. Suomi\u2013Unkari lehti, joka tarjoaa nelj\u00e4 kertaa vuodessa tuhdin tietopaketin Unkarin tapahtumista ja yst\u00e4vyysseuran &hellip;<\/p>\n<p class=\"read-more\"> <a class=\"\" href=\"https:\/\/suomiunkari.fi\/osastot\/lahti\/yhdistys-toimii\/\"> <span class=\"screen-reader-text\">Yhdistys ja hallitus<\/span> Lue lis\u00e4\u00e4 &raquo;<\/a><\/p>\n","protected":false},"author":1,"featured_media":0,"parent":0,"menu_order":3,"comment_status":"closed","ping_status":"closed","template":"","meta":{"site-sidebar-layout":"default","site-content-layout":"default","ast-global-header-display":"","ast-main-header-display":"","ast-hfb-above-header-display":"","ast-hfb-below-header-display":"","ast-hfb-mobile-header-display":"","site-post-title":"","ast-breadcrumbs-content":"","ast-featured-img":"","footer-sml-layout":"","theme-transparent-header-meta":"default","adv-header-id-meta":"","stick-header-meta":"","header-above-stick-meta":"","header-main-stick-meta":"","header-below-stick-meta":""},"_links":{"self":[{"href":"https:\/\/suomiunkari.fi\/osastot\/lahti\/wp-json\/wp\/v2\/pages\/7"}],"collection":[{"href":"https:\/\/suomiunkari.fi\/osastot\/lahti\/wp-json\/wp\/v2\/pages"}],"about":[{"href":"https:\/\/suomiunkari.fi\/osastot\/lahti\/wp-json\/wp\/v2\/types\/page"}],"author":[{"embeddable":true,"href":"https:\/\/suomiunkari.fi\/osastot\/lahti\/wp-json\/wp\/v2\/users\/1"}],"replies":[{"embeddable":true,"href":"https:\/\/suomiunkari.fi\/osastot\/lahti\/wp-json\/wp\/v2\/comments?post=7"}],"version-history":[{"count":11,"href":"https:\/\/suomiunkari.fi\/osastot\/lahti\/wp-json\/wp\/v2\/pages\/7\/revisions"}],"predecessor-version":[{"id":704,"href":"https:\/\/suomiunkari.fi\/osastot\/lahti\/wp-json\/wp\/v2\/pages\/7\/revisions\/704"}],"wp:attachment":[{"href":"https:\/\/suomiunkari.fi\/osastot\/lahti\/wp-json\/wp\/v2\/media?parent=7"}],"curies":[{"name":"wp","href":"https:\/\/api.w.org\/{rel}","templated":true}]}}