{"id":2,"date":"2023-06-01T14:18:15","date_gmt":"2023-06-01T11:18:15","guid":{"rendered":"https:\/\/suomiunkari.fi\/osastot\/riihimaki\/?page_id=2"},"modified":"2023-08-20T11:02:03","modified_gmt":"2023-08-20T08:02:03","slug":"esimerkkisivu","status":"publish","type":"page","link":"https:\/\/suomiunkari.fi\/osastot\/riihimaki\/","title":{"rendered":"Tervetuloa yhdistyksen sivustolle"},"content":{"rendered":"\n<div class=\"is-layout-flex wp-container-4 wp-block-columns\">\n<div class=\"is-layout-flow wp-block-column\" style=\"flex-basis:66.66%\">\n<figure class=\"wp-block-image size-full\"><img decoding=\"async\" loading=\"lazy\" width=\"1000\" height=\"288\" src=\"https:\/\/suomiunkari.fi\/osastot\/riihimaki\/files\/2023\/06\/cropped-IMG_0787_kapea_web.png\" alt=\"\" class=\"wp-image-20\" srcset=\"https:\/\/suomiunkari.fi\/osastot\/riihimaki\/files\/2023\/06\/cropped-IMG_0787_kapea_web.png 1000w, https:\/\/suomiunkari.fi\/osastot\/riihimaki\/files\/2023\/06\/cropped-IMG_0787_kapea_web-300x86.png 300w, https:\/\/suomiunkari.fi\/osastot\/riihimaki\/files\/2023\/06\/cropped-IMG_0787_kapea_web-768x221.png 768w, https:\/\/suomiunkari.fi\/osastot\/riihimaki\/files\/2023\/06\/cropped-IMG_0787_kapea_web-500x144.png 500w\" sizes=\"(max-width: 1000px) 100vw, 1000px\" \/><\/figure>\n\n\n\n<p><strong>Riihim\u00e4en Suomi-Unkari seura perustettu 1964<\/strong><\/p>\n\n\n\n<p><a href=\"https:\/\/suomiunkari.fi\/\" data-type=\"URL\" data-id=\"https:\/\/suomiunkari.fi\/\">Suomi-Unkari Seura<\/a> on kansalaisj\u00e4rjest\u00f6, joka vaalii suomalaisten ja unkarilaisten yst\u00e4vyytt\u00e4, perustettiin Helsingiss\u00e4 lokakuussa 1950. Suomi-Unkari Seuralla on yli 30 paikallisyhdistyst\u00e4 eri puolilla Suomea, yksi niist\u00e4 on Riihim\u00e4en Suomi-Unkari seura.<\/p>\n\n\n\n<blockquote class=\"wp-block-quote\">\n<p><\/p>\n<\/blockquote>\n\n\n\n<blockquote class=\"wp-block-quote\">\n<p><\/p>\n<\/blockquote>\n<\/div>\n\n\n\n<div class=\"is-layout-flow wp-block-column\" style=\"flex-basis:33.33%\">\n<p><strong>AJANKOHTAISTA:<\/strong><\/p>\n\n\n\n<p>Yhdistyksen Facebook sivut:<\/p>\n\n\n\n<ul class=\"is-layout-flex wp-block-social-links\"><li class=\"wp-social-link wp-social-link-facebook wp-block-social-link\"><a href=\"https:\/\/www.facebook.com\/riihisus\"  class=\"wp-block-social-link-anchor\"><svg width=\"24\" height=\"24\" viewBox=\"0 0 24 24\" version=\"1.1\" xmlns=\"http:\/\/www.w3.org\/2000\/svg\" aria-hidden=\"true\" focusable=\"false\"><path d=\"M12 2C6.5 2 2 6.5 2 12c0 5 3.7 9.1 8.4 9.9v-7H7.9V12h2.5V9.8c0-2.5 1.5-3.9 3.8-3.9 1.1 0 2.2.2 2.2.2v2.5h-1.3c-1.2 0-1.6.8-1.6 1.6V12h2.8l-.4 2.9h-2.3v7C18.3 21.1 22 17 22 12c0-5.5-4.5-10-10-10z\"><\/path><\/svg><span class=\"wp-block-social-link-label screen-reader-text\">Facebook<\/span><\/a><\/li><\/ul>\n\n\n\n<ul>\n<li>Tapahtumat tulossa&#8230;<\/li>\n<\/ul>\n<\/div>\n<\/div>\n\n\n\n<div class=\"is-layout-flex wp-container-7 wp-block-columns\">\n<div class=\"is-layout-flow wp-block-column\" style=\"flex-basis:66.66%\">\n<p><\/p>\n<\/div>\n\n\n\n<div class=\"is-layout-flow wp-block-column\" style=\"flex-basis:33.33%\"><\/div>\n<\/div>\n\n\n\n<figure class=\"wp-block-image\"><img alt=\"\" \/><\/figure>\n","protected":false},"excerpt":{"rendered":"<p>Riihim\u00e4en Suomi-Unkari seura perustettu 1964 Suomi-Unkari Seura on kansalaisj\u00e4rjest\u00f6, joka vaalii suomalaisten ja unkarilaisten yst\u00e4vyytt\u00e4, perustettiin Helsingiss\u00e4 lokakuussa 1950. Suomi-Unkari Seuralla on yli 30 paikallisyhdistyst\u00e4 eri puolilla Suomea, yksi niist\u00e4 on Riihim\u00e4en Suomi-Unkari seura. AJANKOHTAISTA: Yhdistyksen Facebook sivut:<\/p>\n","protected":false},"author":33,"featured_media":0,"parent":0,"menu_order":0,"comment_status":"closed","ping_status":"open","template":"","meta":{"site-sidebar-layout":"default","site-content-layout":"default","ast-global-header-display":"","ast-main-header-display":"","ast-hfb-above-header-display":"","ast-hfb-below-header-display":"","ast-hfb-mobile-header-display":"","site-post-title":"disabled","ast-breadcrumbs-content":"","ast-featured-img":"","footer-sml-layout":"","theme-transparent-header-meta":"","adv-header-id-meta":"","stick-header-meta":"","header-above-stick-meta":"","header-main-stick-meta":"","header-below-stick-meta":""},"_links":{"self":[{"href":"https:\/\/suomiunkari.fi\/osastot\/riihimaki\/wp-json\/wp\/v2\/pages\/2"}],"collection":[{"href":"https:\/\/suomiunkari.fi\/osastot\/riihimaki\/wp-json\/wp\/v2\/pages"}],"about":[{"href":"https:\/\/suomiunkari.fi\/osastot\/riihimaki\/wp-json\/wp\/v2\/types\/page"}],"author":[{"embeddable":true,"href":"https:\/\/suomiunkari.fi\/osastot\/riihimaki\/wp-json\/wp\/v2\/users\/33"}],"replies":[{"embeddable":true,"href":"https:\/\/suomiunkari.fi\/osastot\/riihimaki\/wp-json\/wp\/v2\/comments?post=2"}],"version-history":[{"count":15,"href":"https:\/\/suomiunkari.fi\/osastot\/riihimaki\/wp-json\/wp\/v2\/pages\/2\/revisions"}],"predecessor-version":[{"id":142,"href":"https:\/\/suomiunkari.fi\/osastot\/riihimaki\/wp-json\/wp\/v2\/pages\/2\/revisions\/142"}],"wp:attachment":[{"href":"https:\/\/suomiunkari.fi\/osastot\/riihimaki\/wp-json\/wp\/v2\/media?parent=2"}],"curies":[{"name":"wp","href":"https:\/\/api.w.org\/{rel}","templated":true}]}}