{"id":75,"date":"2023-06-03T13:27:18","date_gmt":"2023-06-03T10:27:18","guid":{"rendered":"https:\/\/suomiunkari.fi\/osastot\/riihimaki\/?page_id=75"},"modified":"2023-06-03T16:32:37","modified_gmt":"2023-06-03T13:32:37","slug":"liity-jaseneksi","status":"publish","type":"page","link":"https:\/\/suomiunkari.fi\/osastot\/riihimaki\/liity-jaseneksi\/","title":{"rendered":"Liity j\u00e4seneksi"},"content":{"rendered":"\n<p class=\"has-medium-font-size\" style=\"font-style:normal;font-weight:400\">Suomi-Unkari Seura on noin 2000 Unkarista kiinnostuneen j\u00e4senen aktiivinen yhteis\u00f6. Kaikki henkil\u00f6j\u00e4senet kuuluvat seuraan noin 30 paikkakunnalla eri puolilla maata toimivien paikallisten yhdistysten kautta, jolloin kukin p\u00e4\u00e4see valitsemaan itse\u00e4\u00e4n l\u00e4hinn\u00e4 olevan paikallisen toimijan. Seuran j\u00e4senen\u00e4 olet mukana edist\u00e4m\u00e4ss\u00e4 suomalaisten ja unkarilaisten yhteisty\u00f6t\u00e4 niin eri ammatti- ja harrastusaloilla kuin henkil\u00f6kohtaisellakin tasolla. Liity siis mukaan!<\/p>\n\n\n\n<h3 class=\"has-medium-font-size\"><strong>J\u00e4senmaksu<\/strong><\/h3>\n\n\n\n<p class=\"has-medium-font-size\" style=\"font-style:normal;font-weight:400\">Suurimmalla osalla Suomi-Unkari Seuran paikallisista yhdistyksist\u00e4 on sama vuosij\u00e4senmaksu, joka on t\u00e4n\u00e4 vuonna 30 euroa.<\/p>\n\n\n\n<h3 class=\"has-medium-font-size\"><strong>J\u00e4senedut<\/strong><\/h3>\n\n\n\n<p class=\"has-medium-font-size\" style=\"font-style:normal;font-weight:400\">J\u00e4senen\u00e4 saat kotiin kannettuna Suomi-Unkari-lehden nelj\u00e4sti vuodessa ja seuran muut julkaisut j\u00e4senhintaan. Paikalliset yhdistykset tarjoavat mm. Unkari-tapahtumia ja kulttuuriretki\u00e4 sek\u00e4 erikoismatkoja Unkariin (yst\u00e4vyyskaupunki, kylpyl\u00e4, viininkorjuu, kev\u00e4tfestivaalit, kiertomatka, py\u00f6r\u00e4ily jne.). Yhdistykset tiedottavat toiminnastaan j\u00e4senkirjeess\u00e4 ja eneneviss\u00e4 m\u00e4\u00e4rin my\u00f6s omilla kotisivuillaan.<\/p>\n\n\n\n<p class=\"has-medium-font-size\" style=\"font-style:normal;font-weight:400\"><em>J\u00e4senen\u00e4 olet my\u00f6s kehitt\u00e4m\u00e4ss\u00e4 toimintaa. Anna \u00e4\u00e4nesi kuulua!<\/em><\/p>\n\n\n\n<h3 class=\"has-text-align-left has-medium-font-size\"><strong>Liity j\u00e4seneksi: <\/strong>  <a rel=\"noreferrer noopener\" href=\"https:\/\/suomiunkari.fi\/yhdistys\/liity-jaseneksi\/\" target=\"_blank\"><strong>LIITY NYT!<\/strong><\/a><\/h3>\n\n\n\n<p class=\"has-medium-font-size\" style=\"font-style:normal;font-weight:400\">Mukaan Suomi-Unkari Seuran toimintaan p\u00e4\u00e4set paikallisen yhdistyksen j\u00e4seneksi liittym\u00e4ll\u00e4. Voit valita yhdistyksen esim. asuin- tai ty\u00f6paikkasi mukaan.<\/p>\n","protected":false},"excerpt":{"rendered":"<p>Suomi-Unkari Seura on noin 2000 Unkarista kiinnostuneen j\u00e4senen aktiivinen yhteis\u00f6. Kaikki henkil\u00f6j\u00e4senet kuuluvat seuraan noin 30 paikkakunnalla eri puolilla maata toimivien paikallisten yhdistysten kautta, jolloin kukin p\u00e4\u00e4see valitsemaan itse\u00e4\u00e4n l\u00e4hinn\u00e4 olevan paikallisen toimijan. Seuran j\u00e4senen\u00e4 olet mukana edist\u00e4m\u00e4ss\u00e4 suomalaisten ja unkarilaisten yhteisty\u00f6t\u00e4 niin eri ammatti- ja harrastusaloilla kuin henkil\u00f6kohtaisellakin tasolla. Liity siis mukaan! J\u00e4senmaksu Suurimmalla &hellip;<\/p>\n<p class=\"read-more\"> <a class=\"\" href=\"https:\/\/suomiunkari.fi\/osastot\/riihimaki\/liity-jaseneksi\/\"> <span class=\"screen-reader-text\">Liity j\u00e4seneksi<\/span> Lue lis\u00e4\u00e4 &raquo;<\/a><\/p>\n","protected":false},"author":33,"featured_media":0,"parent":0,"menu_order":0,"comment_status":"closed","ping_status":"closed","template":"","meta":{"site-sidebar-layout":"default","site-content-layout":"default","ast-global-header-display":"","ast-main-header-display":"","ast-hfb-above-header-display":"","ast-hfb-below-header-display":"","ast-hfb-mobile-header-display":"","site-post-title":"","ast-breadcrumbs-content":"","ast-featured-img":"","footer-sml-layout":"","theme-transparent-header-meta":"","adv-header-id-meta":"","stick-header-meta":"","header-above-stick-meta":"","header-main-stick-meta":"","header-below-stick-meta":""},"_links":{"self":[{"href":"https:\/\/suomiunkari.fi\/osastot\/riihimaki\/wp-json\/wp\/v2\/pages\/75"}],"collection":[{"href":"https:\/\/suomiunkari.fi\/osastot\/riihimaki\/wp-json\/wp\/v2\/pages"}],"about":[{"href":"https:\/\/suomiunkari.fi\/osastot\/riihimaki\/wp-json\/wp\/v2\/types\/page"}],"author":[{"embeddable":true,"href":"https:\/\/suomiunkari.fi\/osastot\/riihimaki\/wp-json\/wp\/v2\/users\/33"}],"replies":[{"embeddable":true,"href":"https:\/\/suomiunkari.fi\/osastot\/riihimaki\/wp-json\/wp\/v2\/comments?post=75"}],"version-history":[{"count":5,"href":"https:\/\/suomiunkari.fi\/osastot\/riihimaki\/wp-json\/wp\/v2\/pages\/75\/revisions"}],"predecessor-version":[{"id":116,"href":"https:\/\/suomiunkari.fi\/osastot\/riihimaki\/wp-json\/wp\/v2\/pages\/75\/revisions\/116"}],"wp:attachment":[{"href":"https:\/\/suomiunkari.fi\/osastot\/riihimaki\/wp-json\/wp\/v2\/media?parent=75"}],"curies":[{"name":"wp","href":"https:\/\/api.w.org\/{rel}","templated":true}]}}