{"id":385,"date":"2018-04-18T11:30:26","date_gmt":"2018-04-18T08:30:26","guid":{"rendered":"http:\/\/suomiunkari.fi\/osastot\/rovaniemi\/?page_id=385"},"modified":"2020-09-28T11:52:07","modified_gmt":"2020-09-28T11:52:07","slug":"osaston-toimintaa","status":"publish","type":"page","link":"https:\/\/suomiunkari.fi\/osastot\/rovaniemi\/osaston-toimintaa\/","title":{"rendered":"OSASTON TOIMINTAA"},"content":{"rendered":"<p>2020 VUOSIKOKOUS PIDET\u00c4\u00c4N ke 30.9.2020 klo 18.00 alkaen os. Lapinkatu 2 A Rovaniemi<\/p>\n<p>Kokouksessa k\u00e4sitell\u00e4\u00e4n s\u00e4\u00e4nt\u00f6m\u00e4\u00e4r\u00e4iset vuosikokoukseen kuuluvat asiat. Lis\u00e4ksi on tarkoitus keskustella yhdistyksemme tulevaisuudesta ja tulevasta toiminnasta. Kokouksessa kahvitarjoilu.\u00a0Tervetuloa!<\/p>\n<p><strong>ESITYS TOIMINTASUUNNITELMAKSI VUODELLE 2020<\/strong><\/p>\n<p>Yhdistyksemme perustamisesta tulee t\u00e4n\u00e4 vuonna kuluneeksi 46 vuotta. Yhdistyksen toiminnan tarkoitus on suomalaisunkarilaisten kulttuurisuhteiden kehitt\u00e4minen Rovaniemen seudulla, Unkarin historian ja nykyp\u00e4iv\u00e4n tuntemuksen levitt\u00e4minen ja syvent\u00e4minen sek\u00e4 Suomen ja Unkarin kansalaisten yst\u00e4vyyden lujittaminen sek\u00e4 yhteistoiminnan lis\u00e4\u00e4minen kaikilla el\u00e4m\u00e4n aloilla Rovaniemen ja unkarilaisten yst\u00e4vyyskaupunkiemme Veszpr\u00e9min ja Ajkan asukkaiden v\u00e4lill\u00e4. T\u00e4m\u00e4n vuoden keskeisi\u00e4 teemoja tulee olemaan eri harrastus- ja ammattialojen saaminen mukaan yst\u00e4vyyskaupunkiemme vastaavien toimijoiden v\u00e4liseen yhteisty\u00f6h\u00f6n. Yhdistyksemme tulee j\u00e4rjest\u00e4m\u00e4\u00e4n erilaisia Unkarista kertovia kulttuuritapahtumia ja jaamme tietoa rovaniemel\u00e4isille Unkarista ja meid\u00e4n yst\u00e4vyyskaupungeistamme.<\/p>\n<p><strong>Tarkoituksen toteuttamiseksi<\/strong><\/p>\n<ul>\n<li>J\u00e4rjestet\u00e4\u00e4n j\u00e4sentapaamisia ja erilaisia Unkariin liittyvi\u00e4 tapahtumia sek\u00e4 seminaareja. Rovaniemell\u00e4 asuvia ja kaupungissamme vierailevia unkarilaisia kutsutaan mukaan yhteisiin tapaamisiin.<\/li>\n<\/ul>\n<ul>\n<li>Vastaanotetaan ja tavataan yst\u00e4vyyskaupungeista Rovaniemelle saapuvia kaupungin vieraita ja j\u00e4rjestet\u00e4\u00e4n mahdollisuuksien mukaan heille sopivaa ohjelmaa.<\/li>\n<\/ul>\n<ul>\n<li>Tehd\u00e4\u00e4n yhteisty\u00f6t\u00e4 Rovaniemen kaupungin, seurakunnan ja muiden yhteisty\u00f6tahojen kanssa unkarilaisten ja Unkarin kulttuurin, historian ja elinkeinoel\u00e4m\u00e4n tunnetuksi tekemisess\u00e4 Rovaniemen seudulla.<\/li>\n<\/ul>\n<ul>\n<li>Avustetaan erilaisia sidosryhmi\u00e4 ja yhteisty\u00f6tahoja kontaktien luomisessa Unkariin, erityisesti Veszpr\u00e9min ja Ajkan seuduille. Keskeisin\u00e4 teemoina eri ammattialojen saaminen mukaan yhteisty\u00f6h\u00f6n yst\u00e4vyyskaupunkiemme vastaavien ammattialojen kanssa.<\/li>\n<\/ul>\n<ul>\n<li>Jatketaan yhteisty\u00f6t\u00e4 ja stipendiaattien vaihtoa Veszpr\u00e9min Unkari-Suomi yst\u00e4vyysseuran kanssa ja tehd\u00e4\u00e4n yhteisty\u00f6t\u00e4 Ajkan yst\u00e4vyysseuran kanssa.<\/li>\n<\/ul>\n<ul>\n<li>Osallistutaan p\u00e4\u00e4seuran j\u00e4rjest\u00e4miin kokouksiin ja tilaisuuksiin sek\u00e4 pidet\u00e4\u00e4n s\u00e4\u00e4nt\u00f6m\u00e4\u00e4r\u00e4iset kokoukset.<\/li>\n<\/ul>\n<ul>\n<li>Pidet\u00e4\u00e4n yll\u00e4 suhteita unkarilaisten yst\u00e4vyyskaupunkien kuvataiteilijoiden kanssa ja avustetaan mahdollisuuksien mukaan kuvataiteilijoita yhteisten taideleirien j\u00e4rjest\u00e4misess\u00e4 Rovaniemell\u00e4 sek\u00e4 Unkarissa.<\/li>\n<\/ul>\n<ul>\n<li>Osallistutaan syksyn Unkaria kouluihin tapahtumaan ja Jatketaan toimintaa yst\u00e4vyyskoulusuhteiden solmimisisessa ja kehitt\u00e4misess\u00e4 Rovaniemen sek\u00e4 unkarilaisten koulujen kesken.<\/li>\n<\/ul>\n","protected":false},"excerpt":{"rendered":"<p>2020 VUOSIKOKOUS PIDET\u00c4\u00c4N ke 30.9.2020 klo 18.00 alkaen os. Lapinkatu 2 A Rovaniemi Kokouksessa k\u00e4sitell\u00e4\u00e4n s\u00e4\u00e4nt\u00f6m\u00e4\u00e4r\u00e4iset vuosikokoukseen kuuluvat asiat. Lis\u00e4ksi on tarkoitus keskustella yhdistyksemme tulevaisuudesta ja tulevasta toiminnasta. Kokouksessa kahvitarjoilu.\u00a0Tervetuloa! ESITYS TOIMINTASUUNNITELMAKSI VUODELLE 2020 Yhdistyksemme perustamisesta tulee t\u00e4n\u00e4 vuonna kuluneeksi 46 vuotta. Yhdistyksen toiminnan tarkoitus on suomalaisunkarilaisten kulttuurisuhteiden kehitt\u00e4minen Rovaniemen seudulla, Unkarin historian ja nykyp\u00e4iv\u00e4n &hellip;<\/p>\n<p class=\"read-more\"> <a class=\"\" href=\"https:\/\/suomiunkari.fi\/osastot\/rovaniemi\/osaston-toimintaa\/\"> <span class=\"screen-reader-text\">OSASTON TOIMINTAA<\/span> Lue lis\u00e4\u00e4 &raquo;<\/a><\/p>\n","protected":false},"author":27,"featured_media":0,"parent":0,"menu_order":0,"comment_status":"open","ping_status":"open","template":"","meta":{"site-sidebar-layout":"default","site-content-layout":"default","ast-global-header-display":"","ast-main-header-display":"","ast-hfb-above-header-display":"","ast-hfb-below-header-display":"","ast-hfb-mobile-header-display":"","site-post-title":"","ast-breadcrumbs-content":"","ast-featured-img":"","footer-sml-layout":"","theme-transparent-header-meta":"default","adv-header-id-meta":"","stick-header-meta":"","header-above-stick-meta":"","header-main-stick-meta":"","header-below-stick-meta":""},"_links":{"self":[{"href":"https:\/\/suomiunkari.fi\/osastot\/rovaniemi\/wp-json\/wp\/v2\/pages\/385"}],"collection":[{"href":"https:\/\/suomiunkari.fi\/osastot\/rovaniemi\/wp-json\/wp\/v2\/pages"}],"about":[{"href":"https:\/\/suomiunkari.fi\/osastot\/rovaniemi\/wp-json\/wp\/v2\/types\/page"}],"author":[{"embeddable":true,"href":"https:\/\/suomiunkari.fi\/osastot\/rovaniemi\/wp-json\/wp\/v2\/users\/27"}],"replies":[{"embeddable":true,"href":"https:\/\/suomiunkari.fi\/osastot\/rovaniemi\/wp-json\/wp\/v2\/comments?post=385"}],"version-history":[{"count":2,"href":"https:\/\/suomiunkari.fi\/osastot\/rovaniemi\/wp-json\/wp\/v2\/pages\/385\/revisions"}],"predecessor-version":[{"id":571,"href":"https:\/\/suomiunkari.fi\/osastot\/rovaniemi\/wp-json\/wp\/v2\/pages\/385\/revisions\/571"}],"wp:attachment":[{"href":"https:\/\/suomiunkari.fi\/osastot\/rovaniemi\/wp-json\/wp\/v2\/media?parent=385"}],"curies":[{"name":"wp","href":"https:\/\/api.w.org\/{rel}","templated":true}]}}