{"id":508,"date":"2018-03-12T12:25:00","date_gmt":"2018-03-12T09:25:00","guid":{"rendered":"http:\/\/suomiunkari.fi\/osastot\/rovaniemi"},"modified":"2019-11-26T20:03:48","modified_gmt":"2019-11-26T20:03:48","slug":"tervetuloa","status":"publish","type":"page","link":"https:\/\/suomiunkari.fi\/osastot\/rovaniemi\/","title":{"rendered":"Tervetuloa kotisivuillemme"},"content":{"rendered":"<p>Osastomme toiminnan&nbsp;tarkoituksena on koota toimialueemme eri kansalaispiirit Suomi-Unkari Seuran yhteyteen, toimimaan Suomen ja Unkarin kulttuurisuhteiden kehitt\u00e4miseksi sek\u00e4&nbsp;&nbsp;Unkarin historian, yhteiskunnallisen, taloudellisen ja sivistyksellisen&nbsp;el\u00e4m\u00e4n tuntemuksen levitt\u00e4miseksi ja syvent\u00e4miseksi sek\u00e4 Suomen ja Unkarin kansalaisten yst\u00e4vyyden lujittaminen ja yhteistoiminnan lis\u00e4\u00e4minen.<\/p>\n<p>J\u00e4seneksi yhdistykseemme p\u00e4\u00e4sev\u00e4t kaikki halukkaat ja helpoiten se k\u00e4y ottamalla yhteytt\u00e4 johonkin hallituksen j\u00e4seneen tai suoraan puheenjohtajaan. Hallituksen j\u00e4senten yhteystiedot l\u00f6ytyv\u00e4t YHTEYSTIEDOT osiosta.<\/p>\n<p>&nbsp;<\/p>\n<p>Yhdistyksell\u00e4mme on on kaksi &nbsp;facebook -sivustoa, Rovaniemen Suomi-Unkari Seura ja ROVA&#8217;40. K\u00e4yk\u00e4\u00e4 tutustumassa sivuihin ja halutessanne voitte liitt\u00e4\u00e4 sinne juttuja ja kuvia mielesnkiintoisista tapahtumistanne. Sivustoihin voivat liitty\u00e4 kaikki halukkaat Unkarin yst\u00e4v\u00e4t..<br \/>\nSivuiltamme l\u00f6ytyy Linkit-valikosta yhteystiedot Suomi-Unkari Seuran sivuille ja Veszpr\u00e9min Unkari-Suomi yst\u00e4vyysseuran sek\u00e4 Veszpr\u00e9min kaupungin kotisivuille.<br \/>\nJ\u00e4senist\u00f6lle lis\u00e4ksi tiedoksi, ett\u00e4 ilmoittakaa mahdolliset osoitteenmuutokset sek\u00e4 s\u00e4hk\u00f6postiosoitteenne sihteerille tai jollekin hallituksen j\u00e4senelle, jos haluatte saada informaatiota osaston toiminnasta suoraan s\u00e4hk\u00f6postilla.&nbsp;N\u00e4in saamme pidetty\u00e4 j\u00e4sentiedot ajan tasalla ja postin kulkemaan oikeisiin osoitteisiin. Hallituksen j\u00e4senten yhteystiedot l\u00f6ytyv\u00e4t viereisest\u00e4 YHTEYSTIEDOT-valikosta.<\/p>\n","protected":false},"excerpt":{"rendered":"<p>Osastomme toiminnan&nbsp;tarkoituksena on koota toimialueemme eri kansalaispiirit Suomi-Unkari Seuran yhteyteen, toimimaan Suomen ja Unkarin kulttuurisuhteiden kehitt\u00e4miseksi sek\u00e4&nbsp;&nbsp;Unkarin historian, yhteiskunnallisen, taloudellisen ja sivistyksellisen&nbsp;el\u00e4m\u00e4n tuntemuksen levitt\u00e4miseksi ja syvent\u00e4miseksi sek\u00e4 Suomen ja Unkarin kansalaisten yst\u00e4vyyden lujittaminen ja yhteistoiminnan lis\u00e4\u00e4minen. J\u00e4seneksi yhdistykseemme p\u00e4\u00e4sev\u00e4t kaikki halukkaat ja helpoiten se k\u00e4y ottamalla yhteytt\u00e4 johonkin hallituksen j\u00e4seneen tai suoraan puheenjohtajaan. Hallituksen j\u00e4senten &hellip;<\/p>\n<p class=\"read-more\"> <a class=\"\" href=\"https:\/\/suomiunkari.fi\/osastot\/rovaniemi\/\"> <span class=\"screen-reader-text\">Tervetuloa kotisivuillemme<\/span> Lue lis\u00e4\u00e4 &raquo;<\/a><\/p>\n","protected":false},"author":1,"featured_media":0,"parent":0,"menu_order":0,"comment_status":"open","ping_status":"open","template":"","meta":{"site-sidebar-layout":"default","site-content-layout":"default","ast-global-header-display":"","ast-main-header-display":"","ast-hfb-above-header-display":"","ast-hfb-below-header-display":"","ast-hfb-mobile-header-display":"","site-post-title":"","ast-breadcrumbs-content":"","ast-featured-img":"","footer-sml-layout":"","theme-transparent-header-meta":"default","adv-header-id-meta":"517","stick-header-meta":"","header-above-stick-meta":"","header-main-stick-meta":"","header-below-stick-meta":""},"_links":{"self":[{"href":"https:\/\/suomiunkari.fi\/osastot\/rovaniemi\/wp-json\/wp\/v2\/pages\/508"}],"collection":[{"href":"https:\/\/suomiunkari.fi\/osastot\/rovaniemi\/wp-json\/wp\/v2\/pages"}],"about":[{"href":"https:\/\/suomiunkari.fi\/osastot\/rovaniemi\/wp-json\/wp\/v2\/types\/page"}],"author":[{"embeddable":true,"href":"https:\/\/suomiunkari.fi\/osastot\/rovaniemi\/wp-json\/wp\/v2\/users\/1"}],"replies":[{"embeddable":true,"href":"https:\/\/suomiunkari.fi\/osastot\/rovaniemi\/wp-json\/wp\/v2\/comments?post=508"}],"version-history":[{"count":1,"href":"https:\/\/suomiunkari.fi\/osastot\/rovaniemi\/wp-json\/wp\/v2\/pages\/508\/revisions"}],"predecessor-version":[{"id":519,"href":"https:\/\/suomiunkari.fi\/osastot\/rovaniemi\/wp-json\/wp\/v2\/pages\/508\/revisions\/519"}],"wp:attachment":[{"href":"https:\/\/suomiunkari.fi\/osastot\/rovaniemi\/wp-json\/wp\/v2\/media?parent=508"}],"curies":[{"name":"wp","href":"https:\/\/api.w.org\/{rel}","templated":true}]}}