{"id":9,"date":"2008-06-05T13:24:04","date_gmt":"2008-06-05T10:24:04","guid":{"rendered":"http:\/\/suomiunkari.fi\/osastot\/rovaniemi\/?page_id=9"},"modified":"2008-06-05T13:24:04","modified_gmt":"2008-06-05T10:24:04","slug":"toinen-sivu","status":"publish","type":"page","link":"https:\/\/suomiunkari.fi\/osastot\/rovaniemi\/toinen-sivu\/","title":{"rendered":"Osaston toiminnan tarkoitus"},"content":{"rendered":"<p>Osastomme toiminnan\u00a0tarkoituksena on koota toimialueemme eri kansalaispiirit Suomi-Unkari Seuran yhteyteen, toimimaan Suomen ja Unkarin kulttuurisuhteiden kehitt\u00e4miseksi sek\u00e4\u00a0\u00a0Unkarin historian, yhteiskunnallisen, taloudellisen ja sivistyksellisen\u00a0el\u00e4m\u00e4n tuntemuksen levitt\u00e4miseksi ja syvent\u00e4miseksi sek\u00e4 Suomen ja Unkarin kansalaisten yst\u00e4vyyden lujittaminen ja yhteistoiminnan lis\u00e4\u00e4minen<\/p>\n<p>Tarkoituksen toteuttamiseksi osastomme j\u00e4rjest\u00e4\u00e4 j\u00e4seniltoja,\u00a0erilaisia Unkari-aiheisia tilaisuuksia, n\u00e4yttelyit\u00e4 ja tapahtumia,\u00a0ruoka- ja viini-tapahtumia sek\u00e4\u00a0j\u00e4senmatkoja. Lis\u00e4ksi\u00a0tapaamme\u00a0Rovaniemell\u00e4 vierailevia unkarilaisia yst\u00e4vi\u00e4mme ja j\u00e4rjest\u00e4mme heille mahdollisuuksiemme mukaan erilaista ohjelmaa.<\/p>\n<p>J\u00e4seniltoihin ja yhteisiin\u00a0tapahtumiin sek\u00e4 tapaamisiin ovat kaikki j\u00e4senemme tervetulleita.<\/p>\n","protected":false},"excerpt":{"rendered":"<p>Osastomme toiminnan\u00a0tarkoituksena on koota toimialueemme eri kansalaispiirit Suomi-Unkari Seuran yhteyteen, toimimaan Suomen ja Unkarin kulttuurisuhteiden kehitt\u00e4miseksi sek\u00e4\u00a0\u00a0Unkarin historian, yhteiskunnallisen, taloudellisen ja sivistyksellisen\u00a0el\u00e4m\u00e4n tuntemuksen levitt\u00e4miseksi ja syvent\u00e4miseksi sek\u00e4 Suomen ja Unkarin kansalaisten yst\u00e4vyyden lujittaminen ja yhteistoiminnan lis\u00e4\u00e4minen Tarkoituksen toteuttamiseksi osastomme j\u00e4rjest\u00e4\u00e4 j\u00e4seniltoja,\u00a0erilaisia Unkari-aiheisia tilaisuuksia, n\u00e4yttelyit\u00e4 ja tapahtumia,\u00a0ruoka- ja viini-tapahtumia sek\u00e4\u00a0j\u00e4senmatkoja. Lis\u00e4ksi\u00a0tapaamme\u00a0Rovaniemell\u00e4 vierailevia unkarilaisia yst\u00e4vi\u00e4mme ja j\u00e4rjest\u00e4mme &hellip;<\/p>\n<p class=\"read-more\"> <a class=\"\" href=\"https:\/\/suomiunkari.fi\/osastot\/rovaniemi\/toinen-sivu\/\"> <span class=\"screen-reader-text\">Osaston toiminnan tarkoitus<\/span> Lue lis\u00e4\u00e4 &raquo;<\/a><\/p>\n","protected":false},"author":27,"featured_media":0,"parent":0,"menu_order":0,"comment_status":"open","ping_status":"open","template":"","meta":{"site-sidebar-layout":"default","site-content-layout":"default","ast-global-header-display":"","ast-main-header-display":"","ast-hfb-above-header-display":"","ast-hfb-below-header-display":"","ast-hfb-mobile-header-display":"","site-post-title":"","ast-breadcrumbs-content":"","ast-featured-img":"","footer-sml-layout":"","theme-transparent-header-meta":"","adv-header-id-meta":"","stick-header-meta":"","header-above-stick-meta":"","header-main-stick-meta":"","header-below-stick-meta":""},"_links":{"self":[{"href":"https:\/\/suomiunkari.fi\/osastot\/rovaniemi\/wp-json\/wp\/v2\/pages\/9"}],"collection":[{"href":"https:\/\/suomiunkari.fi\/osastot\/rovaniemi\/wp-json\/wp\/v2\/pages"}],"about":[{"href":"https:\/\/suomiunkari.fi\/osastot\/rovaniemi\/wp-json\/wp\/v2\/types\/page"}],"author":[{"embeddable":true,"href":"https:\/\/suomiunkari.fi\/osastot\/rovaniemi\/wp-json\/wp\/v2\/users\/27"}],"replies":[{"embeddable":true,"href":"https:\/\/suomiunkari.fi\/osastot\/rovaniemi\/wp-json\/wp\/v2\/comments?post=9"}],"version-history":[{"count":0,"href":"https:\/\/suomiunkari.fi\/osastot\/rovaniemi\/wp-json\/wp\/v2\/pages\/9\/revisions"}],"wp:attachment":[{"href":"https:\/\/suomiunkari.fi\/osastot\/rovaniemi\/wp-json\/wp\/v2\/media?parent=9"}],"curies":[{"name":"wp","href":"https:\/\/api.w.org\/{rel}","templated":true}]}}