{"id":10,"date":"2012-03-02T07:42:18","date_gmt":"2012-03-02T07:42:18","guid":{"rendered":"http:\/\/suomiunkari.fi\/osastot\/satakunta\/?page_id=10"},"modified":"2012-03-05T08:29:16","modified_gmt":"2012-03-05T08:29:16","slug":"unkari","status":"publish","type":"page","link":"https:\/\/suomiunkari.fi\/osastot\/satakunta\/unkari\/","title":{"rendered":"Unkari"},"content":{"rendered":"<p><a href=\"http:\/\/europa.eu\/about-eu\/countries\/member-countries\/hungary\/index_fi.htm\" target=\"_blank\">Unkari<\/a><\/p>\n<p><a href=\"http:\/\/www.pori.fi\/index.html\" target=\"_blank\">Pori<\/a>n yst\u00e4vyyskaupunki on <a href=\"http:\/\/fi.wikipedia.org\/wiki\/Eger\" target=\"_blank\">Eger<\/a>.<\/p>\n<p><a href=\"http:\/\/www.rauma.fi\/\" target=\"_blank\">Rauma<\/a>n yst\u00e4vyyskaupunki on <a href=\"http:\/\/fi.wikipedia.org\/wiki\/Kaposv%C3%A1r\" target=\"_blank\">Kaposv\u00e1r<\/a>.<\/p>\n","protected":false},"excerpt":{"rendered":"<p>Unkari Porin yst\u00e4vyyskaupunki on Eger. Rauman yst\u00e4vyyskaupunki on Kaposv\u00e1r.<\/p>\n","protected":false},"author":2,"featured_media":0,"parent":0,"menu_order":0,"comment_status":"closed","ping_status":"closed","template":"","meta":[],"_links":{"self":[{"href":"https:\/\/suomiunkari.fi\/osastot\/satakunta\/wp-json\/wp\/v2\/pages\/10"}],"collection":[{"href":"https:\/\/suomiunkari.fi\/osastot\/satakunta\/wp-json\/wp\/v2\/pages"}],"about":[{"href":"https:\/\/suomiunkari.fi\/osastot\/satakunta\/wp-json\/wp\/v2\/types\/page"}],"author":[{"embeddable":true,"href":"https:\/\/suomiunkari.fi\/osastot\/satakunta\/wp-json\/wp\/v2\/users\/2"}],"replies":[{"embeddable":true,"href":"https:\/\/suomiunkari.fi\/osastot\/satakunta\/wp-json\/wp\/v2\/comments?post=10"}],"version-history":[{"count":7,"href":"https:\/\/suomiunkari.fi\/osastot\/satakunta\/wp-json\/wp\/v2\/pages\/10\/revisions"}],"predecessor-version":[{"id":44,"href":"https:\/\/suomiunkari.fi\/osastot\/satakunta\/wp-json\/wp\/v2\/pages\/10\/revisions\/44"}],"wp:attachment":[{"href":"https:\/\/suomiunkari.fi\/osastot\/satakunta\/wp-json\/wp\/v2\/media?parent=10"}],"curies":[{"name":"wp","href":"https:\/\/api.w.org\/{rel}","templated":true}]}}