{"id":16,"date":"2012-03-02T07:43:05","date_gmt":"2012-03-02T07:43:05","guid":{"rendered":"http:\/\/suomiunkari.fi\/osastot\/satakunta\/?page_id=16"},"modified":"2012-03-05T08:33:03","modified_gmt":"2012-03-05T08:33:03","slug":"linkit","status":"publish","type":"page","link":"https:\/\/suomiunkari.fi\/osastot\/satakunta\/linkit\/","title":{"rendered":"Linkit"},"content":{"rendered":"<p><a href=\"http:\/\/www.suomiunkari.fi\/\" target=\"_blank\">Suomi-Unkari Seura<\/a><\/p>\n<p><a href=\"https:\/\/www.facebook.com\/pages\/Satakunnan-Suomi-Unkari-Seura\/215335375200603\" target=\"_blank\">Satakunnan Suomi-Unkari Seura Facebookissa<\/a><\/p>\n<p><a href=\"http:\/\/helsinki.balassiintezet.hu\/index.php\/fi\/\" target=\"_blank\">Unkarin kulttuuri- ja tiedekeskus \/ Magyar Kultur\u00e1lis \u00e9s Tudom\u00e1nyos K\u00f6zpont<\/a><\/p>\n<p><a href=\"http:\/\/www.finnagora.hu\/\" target=\"_blank\">Finnagora<\/a><\/p>\n<p><a href=\"http:\/\/www.finland.hu\/Public\/Default.aspx\" target=\"_blank\">Suomen Budapestin suurl\u00e4hetyst\u00f6<\/a><\/p>\n<p><a href=\"http:\/\/www.mfa.gov.hu\/kulkepviselet\/FI\/fi\/fi_konzuliinfok\/\" target=\"_blank\">Unkarin tasavallan Suurl\u00e4hetyst\u00f6, Helsinki<\/a><\/p>\n<p>&nbsp;<\/p>\n<p>&nbsp;<\/p>\n<p>&nbsp;<\/p>\n","protected":false},"excerpt":{"rendered":"<p>Suomi-Unkari Seura Satakunnan Suomi-Unkari Seura Facebookissa Unkarin kulttuuri- ja tiedekeskus \/ Magyar Kultur\u00e1lis \u00e9s Tudom\u00e1nyos K\u00f6zpont Finnagora Suomen Budapestin suurl\u00e4hetyst\u00f6 Unkarin tasavallan Suurl\u00e4hetyst\u00f6, Helsinki &nbsp; &nbsp; &nbsp;<\/p>\n","protected":false},"author":2,"featured_media":0,"parent":0,"menu_order":0,"comment_status":"closed","ping_status":"closed","template":"","meta":[],"_links":{"self":[{"href":"https:\/\/suomiunkari.fi\/osastot\/satakunta\/wp-json\/wp\/v2\/pages\/16"}],"collection":[{"href":"https:\/\/suomiunkari.fi\/osastot\/satakunta\/wp-json\/wp\/v2\/pages"}],"about":[{"href":"https:\/\/suomiunkari.fi\/osastot\/satakunta\/wp-json\/wp\/v2\/types\/page"}],"author":[{"embeddable":true,"href":"https:\/\/suomiunkari.fi\/osastot\/satakunta\/wp-json\/wp\/v2\/users\/2"}],"replies":[{"embeddable":true,"href":"https:\/\/suomiunkari.fi\/osastot\/satakunta\/wp-json\/wp\/v2\/comments?post=16"}],"version-history":[{"count":11,"href":"https:\/\/suomiunkari.fi\/osastot\/satakunta\/wp-json\/wp\/v2\/pages\/16\/revisions"}],"predecessor-version":[{"id":58,"href":"https:\/\/suomiunkari.fi\/osastot\/satakunta\/wp-json\/wp\/v2\/pages\/16\/revisions\/58"}],"wp:attachment":[{"href":"https:\/\/suomiunkari.fi\/osastot\/satakunta\/wp-json\/wp\/v2\/media?parent=16"}],"curies":[{"name":"wp","href":"https:\/\/api.w.org\/{rel}","templated":true}]}}