{"id":8,"date":"2012-03-02T07:42:00","date_gmt":"2012-03-02T07:42:00","guid":{"rendered":"http:\/\/suomiunkari.fi\/osastot\/satakunta\/?page_id=8"},"modified":"2023-11-17T08:28:34","modified_gmt":"2023-11-17T08:28:34","slug":"etusivu","status":"publish","type":"page","link":"https:\/\/suomiunkari.fi\/osastot\/satakunta\/","title":{"rendered":"Etusivu"},"content":{"rendered":"<p>Tervetuloa <strong>Satakunnan Suomi-Unkari Seura<\/strong>n kotisivuille!\u00a0 Yst\u00e4vyysseuraan kuuluu noin 100 Unkarin yst\u00e4v\u00e4\u00e4. Lis\u00e4\u00e4 Unkarista ja unkarilaisista kiinnostuneita mahtuu kuitenkin mukaan. Seuran toiminta on monipuolista, mutta\u00a0 uusia ideoita ja toimijoita tarvitaan aina.<\/p>\n<p>Vuosi 2022 oli Satakunnan Suomi-Unkari seura ry:n 50. toimintavuosi. Yhdistys perustettiin vuonna 1972 Suomi-Unkari seuran Satakunnan osaston nimisen\u00e4.<\/p>\n<p><strong>Seuran j\u00e4senet saavat j\u00e4senetuna nelj\u00e4 kertaa vuodessa ilmestyv\u00e4n Suomi-Unkari -lehden<\/strong>, johon my\u00f6s Satakunnan osasto toimittaa artikkeleita ja kuvia. J\u00e4senille l\u00e4hetet\u00e4\u00e4n j\u00e4sentiedote 2-3 kertaa vuodessa.<\/p>\n<p><strong>Satakunnan Suomi-Unkari Seuran<\/strong> tarkoituksena on suomalais-unkarilaisten kulttuurisuhteiden kehitt\u00e4minen, Unkarin historian ja nykyp\u00e4iv\u00e4n tuntemuksen levitt\u00e4minen ja syvent\u00e4minen sek\u00e4 Suomen ja Unkarin kansalaisten yst\u00e4vyyden lujittaminen ja<br \/>\nyhteistoiminnan lis\u00e4\u00e4minen kaikilla el\u00e4m\u00e4n aloilla. Unkaritietoutta edistet\u00e4\u00e4n my\u00f6s median v\u00e4lityksell\u00e4.<\/p>\n<p>Satakunnan Suomi-Unkari Seura on valtakunnallisen Suomi-Unkari Seura &#8211; Finn-Magyar T\u00e1rsas\u00e1g ry:n j\u00e4senyhdistys.<\/p>\n<p>Seura toimii yhdyssiteen\u00e4 suomalaisten ja unkarilaisten v\u00e4lill\u00e4. Yhdistys j\u00e4rjest\u00e4\u00e4<br \/>\nesitelm\u00e4tilaisuuksia, n\u00e4yttelyit\u00e4, kulttuuritilaisuuksia ja muuta vastaavaa harrastustoimintaa sek\u00e4 vierailuja ja matkoja Unkariin Se edist\u00e4\u00e4 unkarin kielen ja kulttuurin opiskelua, stipendiaattien, harjoittelijoiden, taiteilijoiden ja eri alojen harrastajien ja asiantuntijoiden vaihtoa sek\u00e4 harjoittaa julkaisu- ja tiedotustoimintaa, jonka tarkoituksena on molemmissa maissa lis\u00e4t\u00e4 toistensa olojen ja pyrkimysten tuntemusta.<\/p>\n<p>Tervetuloa mukaan!<\/p>\n<p><a href=\"https:\/\/www.facebook.com\/pages\/Satakunnan-Suomi-Unkari-Seura\/215335375200603\" target=\"_blank\" rel=\"noopener\">Facebook: Satakunnan Suomi-Unkari Seura<\/a><\/p>\n","protected":false},"excerpt":{"rendered":"<p>Tervetuloa Satakunnan Suomi-Unkari Seuran kotisivuille!\u00a0 Yst\u00e4vyysseuraan kuuluu noin 100 Unkarin yst\u00e4v\u00e4\u00e4. Lis\u00e4\u00e4 Unkarista ja unkarilaisista kiinnostuneita mahtuu kuitenkin mukaan. Seuran toiminta on monipuolista, mutta\u00a0 uusia ideoita ja toimijoita tarvitaan aina. Vuosi 2022 oli Satakunnan Suomi-Unkari seura ry:n 50. toimintavuosi. Yhdistys &hellip; <a href=\"https:\/\/suomiunkari.fi\/osastot\/satakunta\/\">Lue loppuun <span class=\"meta-nav\">&rarr;<\/span><\/a><\/p>\n","protected":false},"author":2,"featured_media":0,"parent":0,"menu_order":0,"comment_status":"closed","ping_status":"closed","template":"","meta":[],"_links":{"self":[{"href":"https:\/\/suomiunkari.fi\/osastot\/satakunta\/wp-json\/wp\/v2\/pages\/8"}],"collection":[{"href":"https:\/\/suomiunkari.fi\/osastot\/satakunta\/wp-json\/wp\/v2\/pages"}],"about":[{"href":"https:\/\/suomiunkari.fi\/osastot\/satakunta\/wp-json\/wp\/v2\/types\/page"}],"author":[{"embeddable":true,"href":"https:\/\/suomiunkari.fi\/osastot\/satakunta\/wp-json\/wp\/v2\/users\/2"}],"replies":[{"embeddable":true,"href":"https:\/\/suomiunkari.fi\/osastot\/satakunta\/wp-json\/wp\/v2\/comments?post=8"}],"version-history":[{"count":43,"href":"https:\/\/suomiunkari.fi\/osastot\/satakunta\/wp-json\/wp\/v2\/pages\/8\/revisions"}],"predecessor-version":[{"id":452,"href":"https:\/\/suomiunkari.fi\/osastot\/satakunta\/wp-json\/wp\/v2\/pages\/8\/revisions\/452"}],"wp:attachment":[{"href":"https:\/\/suomiunkari.fi\/osastot\/satakunta\/wp-json\/wp\/v2\/media?parent=8"}],"curies":[{"name":"wp","href":"https:\/\/api.w.org\/{rel}","templated":true}]}}