{"id":88,"date":"2012-03-13T10:33:48","date_gmt":"2012-03-13T10:33:48","guid":{"rendered":"http:\/\/suomiunkari.fi\/osastot\/satakunta\/?page_id=88"},"modified":"2012-10-30T20:31:50","modified_gmt":"2012-10-30T20:31:50","slug":"kuvia","status":"publish","type":"page","link":"https:\/\/suomiunkari.fi\/osastot\/satakunta\/kuvia\/","title":{"rendered":"Kuvia"},"content":{"rendered":"<div class=\"mceTemp mceIEcenter\"><a href=\"https:\/\/picasaweb.google.com\/103566068274189936609\/SatakunnanSuomiUnkariSeura40Vuotta6102012#5797510965277517074\">Kuvia Satakunnan Suomi-Unkari Seuran juhlaseminaarista 6.10.2012<br \/>\n<\/a><\/div>\n<div class=\"mceTemp mceIEcenter\"><\/div>\n<div class=\"mceTemp mceIEcenter\"><a href=\"http:\/\/suomiunkari.fi\/osastot\/satakunta\/files\/2012\/03\/Unkari-juhla.jpg\"><img decoding=\"async\" loading=\"lazy\" class=\"aligncenter size-medium wp-image-210\" src=\"http:\/\/suomiunkari.fi\/osastot\/satakunta\/files\/2012\/03\/Unkari-juhla-300x225.jpg\" alt=\"\" width=\"300\" height=\"225\" srcset=\"https:\/\/suomiunkari.fi\/osastot\/satakunta\/files\/2012\/03\/Unkari-juhla-300x225.jpg 300w, https:\/\/suomiunkari.fi\/osastot\/satakunta\/files\/2012\/03\/Unkari-juhla-400x300.jpg 400w, https:\/\/suomiunkari.fi\/osastot\/satakunta\/files\/2012\/03\/Unkari-juhla.jpg 912w\" sizes=\"(max-width: 300px) 100vw, 300px\" \/><\/a><\/div>\n<div class=\"mceTemp mceIEcenter\"><\/div>\n<div class=\"mceTemp mceIEcenter\"><\/div>\n<div class=\"mceTemp mceIEcenter\"><\/div>\n<div class=\"mceTemp mceIEcenter\" style=\"text-align: center\">***<\/div>\n<div class=\"mceTemp mceIEcenter\"><\/div>\n<div class=\"mceTemp mceIEcenter\">\n<dl>\n<dt><\/dt>\n<\/dl>\n<p><a href=\"http:\/\/suomiunkari.fi\/osastot\/satakunta\/files\/2012\/03\/unkaribanneri1.jpg\"><img decoding=\"async\" loading=\"lazy\" class=\"aligncenter\" src=\"http:\/\/suomiunkari.fi\/osastot\/satakunta\/files\/2012\/03\/unkaribanneri1.jpg\" alt=\"\" width=\"211\" height=\"215\" \/><\/a><\/p>\n<p style=\"text-align: center\">Unkarin kulttuuriviikko Porissa 12.-17.3.2012<\/p>\n<p style=\"text-align: center\">***<\/p>\n<p><a href=\"http:\/\/suomiunkari.fi\/osastot\/satakunta\/files\/2012\/03\/Koski1.jpg\"><img decoding=\"async\" loading=\"lazy\" class=\"size-medium wp-image-111 aligncenter\" src=\"http:\/\/suomiunkari.fi\/osastot\/satakunta\/files\/2012\/03\/Koski1-300x225.jpg\" alt=\"\" width=\"300\" height=\"225\" srcset=\"https:\/\/suomiunkari.fi\/osastot\/satakunta\/files\/2012\/03\/Koski1-300x225.jpg 300w, https:\/\/suomiunkari.fi\/osastot\/satakunta\/files\/2012\/03\/Koski1-1024x768.jpg 1024w, https:\/\/suomiunkari.fi\/osastot\/satakunta\/files\/2012\/03\/Koski1-400x300.jpg 400w, https:\/\/suomiunkari.fi\/osastot\/satakunta\/files\/2012\/03\/Koski1.jpg 1632w\" sizes=\"(max-width: 300px) 100vw, 300px\" \/><\/a><\/p>\n<h3 style=\"text-align: center\">Sukulaiset yst\u00e4vin\u00e4 -luentO 14.3.2012<\/h3>\n<p style=\"text-align: center\">Luennoitsija HTT <strong>Heikki Koski<\/strong>\u00a0 oli Porin kaupunginjohtaja 1970\u20131975, kun Porin suhteet Unkariin luotiin ja yst\u00e4vyysseura perustettin. Luennolla h\u00e4n puhui sukulaiskansastamme ja sen kanssa yll\u00e4pidett\u00e4vist\u00e4 suhteista.<\/p>\n<p style=\"text-align: center\">***<\/p>\n<dl>\n<dt><\/dt>\n<dd><\/dd>\n<\/dl>\n<\/div>\n<div class=\"mceTemp mceIEcenter\" style=\"text-align: center\">\n<dl>\n<dt><a href=\"http:\/\/suomiunkari.fi\/osastot\/satakunta\/files\/2012\/03\/WP_0000521.jpg\"><img decoding=\"async\" loading=\"lazy\" class=\"size-medium wp-image-103 aligncenter\" src=\"http:\/\/suomiunkari.fi\/osastot\/satakunta\/files\/2012\/03\/WP_0000521-300x225.jpg\" alt=\"\" width=\"300\" height=\"225\" srcset=\"https:\/\/suomiunkari.fi\/osastot\/satakunta\/files\/2012\/03\/WP_0000521-300x225.jpg 300w, https:\/\/suomiunkari.fi\/osastot\/satakunta\/files\/2012\/03\/WP_0000521-1024x768.jpg 1024w, https:\/\/suomiunkari.fi\/osastot\/satakunta\/files\/2012\/03\/WP_0000521-400x300.jpg 400w, https:\/\/suomiunkari.fi\/osastot\/satakunta\/files\/2012\/03\/WP_0000521.jpg 1632w\" sizes=\"(max-width: 300px) 100vw, 300px\" \/><\/a>Fil. lis. Juhani Huotari esitelm\u00f6i aiheesta Unkari viini- ja matkailumaana.<\/dt>\n<dt><\/dt>\n<dt><\/dt>\n<dt>***<\/dt>\n<dt><\/dt>\n<dt><\/dt>\n<dt><a href=\"http:\/\/suomiunkari.fi\/osastot\/satakunta\/files\/2012\/03\/Talot1.jpg\">Unkarin mutavy\u00f6ryalueelle Devecseriin rakennettuja uusia taloja. <img decoding=\"async\" loading=\"lazy\" class=\"aligncenter size-medium wp-image-93\" src=\"http:\/\/suomiunkari.fi\/osastot\/satakunta\/files\/2012\/03\/Talot1-300x205.jpg\" alt=\"\" width=\"300\" height=\"205\" srcset=\"https:\/\/suomiunkari.fi\/osastot\/satakunta\/files\/2012\/03\/Talot1-300x205.jpg 300w, https:\/\/suomiunkari.fi\/osastot\/satakunta\/files\/2012\/03\/Talot1-438x300.jpg 438w, https:\/\/suomiunkari.fi\/osastot\/satakunta\/files\/2012\/03\/Talot1.jpg 851w\" sizes=\"(max-width: 300px) 100vw, 300px\" \/><\/a>Lis\u00e4\u00e4 kuvia aiheesta l\u00f6ytyy <a href=\"http:\/\/www.kormany.hu\/hu\/kormanyzati-fotok\/vorosiszap-tragedia-emberfeletti-munkaval-epult-ujja-a-terseg\" target=\"_blank\">t\u00e4\u00e4lt\u00e4<\/a>.<\/dt>\n<dt><\/dt>\n<dt>***<\/dt>\n<\/dl>\n<\/div>\n<p style=\"text-align: center\"><a title=\"Kuvia Unkarin kulttuuriviikolta Porissa 12.-17.3.2012\" href=\"https:\/\/picasaweb.google.com\/103566068274189936609\/UnkarinKulttuuriviikkoPorissa121832012KuvatPorinKaupunkiTarjaTiilimaki?authkey=Gv1sRgCKXusP-Oi-_bRQ\">Kuvia Unkarin kulttuuriviikolta Porissa 12.-17.3.2012<\/a><\/p>\n<p style=\"text-align: center\"><a href=\"http:\/\/suomiunkari.fi\/osastot\/satakunta\/files\/2012\/03\/Belamuhely.jpg\"><img decoding=\"async\" loading=\"lazy\" class=\"aligncenter  wp-image-206\" src=\"http:\/\/suomiunkari.fi\/osastot\/satakunta\/files\/2012\/03\/Belamuhely-300x199.jpg\" alt=\"\" width=\"300\" height=\"199\" srcset=\"https:\/\/suomiunkari.fi\/osastot\/satakunta\/files\/2012\/03\/Belamuhely-300x199.jpg 300w, https:\/\/suomiunkari.fi\/osastot\/satakunta\/files\/2012\/03\/Belamuhely-451x300.jpg 451w, https:\/\/suomiunkari.fi\/osastot\/satakunta\/files\/2012\/03\/Belamuhely.jpg 480w\" sizes=\"(max-width: 300px) 100vw, 300px\" \/><\/a>***<\/p>\n<p style=\"text-align: center\"><a title=\"B\u00e9lm\u00fchely Porissa Unkarin kulttuuriviikolla 2012\" href=\"https:\/\/picasaweb.google.com\/103566068274189936609\/BelamuhelyPorissaUnkarinKulttuuriviikollaMaaliskuussa2012KuvatPorinKaupunki\">B\u00e9lam\u00fchely Porissa Unkarin kulttuuriviikolla\u00a0\u00a0\u00a0\u00a0<\/a><\/p>\n<p style=\"text-align: center\">***<\/p>\n<p style=\"text-align: center\"><a title=\"Kev\u00e4\u00e4n Odotuksen Juhla Unkarilaisittain 10.3.2012\" href=\"https:\/\/picasaweb.google.com\/103566068274189936609\/KevaanOdotuksenJuhlaUnkarilaisittain1032012?authkey=Gv1sRgCN-qy9GVr9qHLw\"> Kev\u00e4\u00e4n Odotuksen Juhla Unkarilaisittain 10.3.2012<\/a><\/p>\n<p style=\"text-align: center\"><a href=\"http:\/\/suomiunkari.fi\/osastot\/satakunta\/files\/2012\/03\/kev\u00e4tjuhla9.jpg\"><img decoding=\"async\" loading=\"lazy\" class=\"aligncenter size-full wp-image-212\" src=\"http:\/\/suomiunkari.fi\/osastot\/satakunta\/files\/2012\/03\/kev\u00e4tjuhla9.jpg\" alt=\"\" width=\"226\" height=\"151\" \/><\/a><a title=\"Kev\u00e4\u00e4n Odotuksen Juhla Unkarilaisittain 10.3.2012\" href=\"https:\/\/picasaweb.google.com\/103566068274189936609\/KevaanOdotuksenJuhlaUnkarilaisittain1032012?authkey=Gv1sRgCN-qy9GVr9qHLw\"><br \/>\n<\/a><\/p>\n<p>&nbsp;<\/p>\n<p>&nbsp;<\/p>\n<p>&nbsp;<\/p>\n","protected":false},"excerpt":{"rendered":"<p>Kuvia Satakunnan Suomi-Unkari Seuran juhlaseminaarista 6.10.2012 *** Unkarin kulttuuriviikko Porissa 12.-17.3.2012 *** Sukulaiset yst\u00e4vin\u00e4 -luentO 14.3.2012 Luennoitsija HTT Heikki Koski\u00a0 oli Porin kaupunginjohtaja 1970\u20131975, kun Porin suhteet Unkariin luotiin ja yst\u00e4vyysseura perustettin. Luennolla h\u00e4n puhui sukulaiskansastamme ja sen kanssa yll\u00e4pidett\u00e4vist\u00e4 &hellip; <a href=\"https:\/\/suomiunkari.fi\/osastot\/satakunta\/kuvia\/\">Lue loppuun <span class=\"meta-nav\">&rarr;<\/span><\/a><\/p>\n","protected":false},"author":6,"featured_media":139,"parent":0,"menu_order":0,"comment_status":"closed","ping_status":"open","template":"","meta":[],"_links":{"self":[{"href":"https:\/\/suomiunkari.fi\/osastot\/satakunta\/wp-json\/wp\/v2\/pages\/88"}],"collection":[{"href":"https:\/\/suomiunkari.fi\/osastot\/satakunta\/wp-json\/wp\/v2\/pages"}],"about":[{"href":"https:\/\/suomiunkari.fi\/osastot\/satakunta\/wp-json\/wp\/v2\/types\/page"}],"author":[{"embeddable":true,"href":"https:\/\/suomiunkari.fi\/osastot\/satakunta\/wp-json\/wp\/v2\/users\/6"}],"replies":[{"embeddable":true,"href":"https:\/\/suomiunkari.fi\/osastot\/satakunta\/wp-json\/wp\/v2\/comments?post=88"}],"version-history":[{"count":52,"href":"https:\/\/suomiunkari.fi\/osastot\/satakunta\/wp-json\/wp\/v2\/pages\/88\/revisions"}],"predecessor-version":[{"id":92,"href":"https:\/\/suomiunkari.fi\/osastot\/satakunta\/wp-json\/wp\/v2\/pages\/88\/revisions\/92"}],"wp:featuredmedia":[{"embeddable":true,"href":"https:\/\/suomiunkari.fi\/osastot\/satakunta\/wp-json\/wp\/v2\/media\/139"}],"wp:attachment":[{"href":"https:\/\/suomiunkari.fi\/osastot\/satakunta\/wp-json\/wp\/v2\/media?parent=88"}],"curies":[{"name":"wp","href":"https:\/\/api.w.org\/{rel}","templated":true}]}}