{"id":7,"date":"2008-06-04T16:35:56","date_gmt":"2008-06-04T13:35:56","guid":{"rendered":"https:\/\/suomiunkari.fi\/osastot\/sodankyla\/yhteystiedot\/"},"modified":"2008-06-04T16:35:56","modified_gmt":"2008-06-04T13:35:56","slug":"yhteystiedot","status":"publish","type":"page","link":"https:\/\/suomiunkari.fi\/osastot\/sodankyla\/yhteystiedot\/","title":{"rendered":"Yhteystiedot"},"content":{"rendered":"<h3>Riikka Maijanen<\/h3>\n<p>Puheenjohtaja<span class=\"street-address\"><br \/>\nOraj\u00e4rventie 1816, 99560 ORAKYL\u00c4<\/span><br \/>\npuh. 040 518 2696<a href=\"http:\/\/\"><br \/>\nriikka.maijanen@pp2.inet.fi<\/a><\/p>\n<p class=\"vcard\">\n<p class=\"vcard\">\n<h3>Eriika Mikkola<\/h3>\n<p>Sihteeri<br \/>\nAnsajokos 36, 99600 SODANKYL\u00c4<br \/>\npuh. 040 833 6319<a href=\"mailto:e.maijanen@suomi24.fi\"><br \/>\ne.maijanen@suomi24.fi<\/a><\/p>\n","protected":false},"excerpt":{"rendered":"<p>Riikka Maijanen Puheenjohtaja Oraj\u00e4rventie 1816, 99560 ORAKYL\u00c4 puh. 040 518 2696 riikka.maijanen@pp2.inet.fi Eriika Mikkola Sihteeri Ansajokos 36, 99600 SODANKYL\u00c4 puh. 040 833 6319 e.maijanen@suomi24.fi<\/p>\n","protected":false},"author":1,"featured_media":0,"parent":0,"menu_order":5,"comment_status":"open","ping_status":"open","template":"","meta":{"site-sidebar-layout":"default","site-content-layout":"default","ast-global-header-display":"","ast-main-header-display":"","ast-hfb-above-header-display":"","ast-hfb-below-header-display":"","ast-hfb-mobile-header-display":"","site-post-title":"","ast-breadcrumbs-content":"","ast-featured-img":"","footer-sml-layout":"","theme-transparent-header-meta":"","adv-header-id-meta":"","stick-header-meta":"","header-above-stick-meta":"","header-main-stick-meta":"","header-below-stick-meta":""},"_links":{"self":[{"href":"https:\/\/suomiunkari.fi\/osastot\/sodankyla\/wp-json\/wp\/v2\/pages\/7"}],"collection":[{"href":"https:\/\/suomiunkari.fi\/osastot\/sodankyla\/wp-json\/wp\/v2\/pages"}],"about":[{"href":"https:\/\/suomiunkari.fi\/osastot\/sodankyla\/wp-json\/wp\/v2\/types\/page"}],"author":[{"embeddable":true,"href":"https:\/\/suomiunkari.fi\/osastot\/sodankyla\/wp-json\/wp\/v2\/users\/1"}],"replies":[{"embeddable":true,"href":"https:\/\/suomiunkari.fi\/osastot\/sodankyla\/wp-json\/wp\/v2\/comments?post=7"}],"version-history":[{"count":0,"href":"https:\/\/suomiunkari.fi\/osastot\/sodankyla\/wp-json\/wp\/v2\/pages\/7\/revisions"}],"wp:attachment":[{"href":"https:\/\/suomiunkari.fi\/osastot\/sodankyla\/wp-json\/wp\/v2\/media?parent=7"}],"curies":[{"name":"wp","href":"https:\/\/api.w.org\/{rel}","templated":true}]}}