{"id":9,"date":"2008-06-04T16:35:56","date_gmt":"2008-06-04T13:35:56","guid":{"rendered":"https:\/\/suomiunkari.fi\/osastot\/sodankyla\/tervetuloa\/"},"modified":"2019-11-26T19:56:40","modified_gmt":"2019-11-26T19:56:40","slug":"tervetuloa","status":"publish","type":"page","link":"https:\/\/suomiunkari.fi\/osastot\/sodankyla\/","title":{"rendered":"Tervetuloa"},"content":{"rendered":"<p>Olemme Suomi-Unkari Seuran pohjoisin osasto. Kotipaikkamme Sodankyl\u00e4 sijaitsee keskell\u00e4 Lappia, 120 km napapiirilt\u00e4 pohjoiseen. Meill\u00e4 on noin 40 unkarista innostunutta j\u00e4sent\u00e4. Teemme tiivist\u00e4 yhteisty\u00f6t\u00e4 R\u00e9vf\u00fcl\u00f6pin Unkari-Suomi Yst\u00e4vyysyhdistyksen kanssa.<\/p>\n","protected":false},"excerpt":{"rendered":"<p>Olemme Suomi-Unkari Seuran pohjoisin osasto. Kotipaikkamme Sodankyl\u00e4 sijaitsee keskell\u00e4 Lappia, 120 km napapiirilt\u00e4 pohjoiseen. Meill\u00e4 on noin 40 unkarista innostunutta j\u00e4sent\u00e4. Teemme tiivist\u00e4 yhteisty\u00f6t\u00e4 R\u00e9vf\u00fcl\u00f6pin Unkari-Suomi Yst\u00e4vyysyhdistyksen kanssa.<\/p>\n","protected":false},"author":1,"featured_media":0,"parent":0,"menu_order":1,"comment_status":"open","ping_status":"open","template":"","meta":{"site-sidebar-layout":"default","site-content-layout":"default","ast-global-header-display":"","ast-main-header-display":"","ast-hfb-above-header-display":"","ast-hfb-below-header-display":"","ast-hfb-mobile-header-display":"","site-post-title":"","ast-breadcrumbs-content":"","ast-featured-img":"","footer-sml-layout":"","theme-transparent-header-meta":"default","adv-header-id-meta":"56","stick-header-meta":"","header-above-stick-meta":"","header-main-stick-meta":"","header-below-stick-meta":""},"_links":{"self":[{"href":"https:\/\/suomiunkari.fi\/osastot\/sodankyla\/wp-json\/wp\/v2\/pages\/9"}],"collection":[{"href":"https:\/\/suomiunkari.fi\/osastot\/sodankyla\/wp-json\/wp\/v2\/pages"}],"about":[{"href":"https:\/\/suomiunkari.fi\/osastot\/sodankyla\/wp-json\/wp\/v2\/types\/page"}],"author":[{"embeddable":true,"href":"https:\/\/suomiunkari.fi\/osastot\/sodankyla\/wp-json\/wp\/v2\/users\/1"}],"replies":[{"embeddable":true,"href":"https:\/\/suomiunkari.fi\/osastot\/sodankyla\/wp-json\/wp\/v2\/comments?post=9"}],"version-history":[{"count":1,"href":"https:\/\/suomiunkari.fi\/osastot\/sodankyla\/wp-json\/wp\/v2\/pages\/9\/revisions"}],"predecessor-version":[{"id":58,"href":"https:\/\/suomiunkari.fi\/osastot\/sodankyla\/wp-json\/wp\/v2\/pages\/9\/revisions\/58"}],"wp:attachment":[{"href":"https:\/\/suomiunkari.fi\/osastot\/sodankyla\/wp-json\/wp\/v2\/media?parent=9"}],"curies":[{"name":"wp","href":"https:\/\/api.w.org\/{rel}","templated":true}]}}