{"id":11,"date":"2011-11-24T16:28:11","date_gmt":"2011-11-24T16:28:11","guid":{"rendered":"http:\/\/suomiunkari.fi\/osastot\/tampere\/?page_id=11"},"modified":"2022-03-30T13:36:57","modified_gmt":"2022-03-30T13:36:57","slug":"yhteystiedot","status":"publish","type":"page","link":"https:\/\/suomiunkari.fi\/osastot\/tampere\/yhteystiedot\/","title":{"rendered":"Yhteystiedot"},"content":{"rendered":"<p><strong><span style=\"font-family: Arial, sans-serif\"><span style=\"font-size: medium\">Tampereen Suomi-Unkari Seura toimii Kulttuuritalo Laikussa, k\u00e4yntiosoite Keskustori 4.<\/span><\/span><\/strong><\/p>\n<p><span style=\"font-family: Arial, sans-serif\"><span style=\"font-size: medium\"><a href=\"https:\/\/www.laikku.fi\/\">Kulttuuritalo Laikku<\/a> eli tuttavallisemmin pelkk\u00e4 Laikku, on Tampereen Suomi-Unkari Seuran, kuten muidenkin aikaisemmin Suvantokadun Kansainv\u00e4lisess\u00e4 toiminta-keskuksessa toimineiden yhdistysten ja yst\u00e4vyysseurojen tukikohta ja koti.<\/span><\/span><\/p>\n<p><span style=\"font-family: Arial, sans-serif\"><span style=\"font-size: medium\"><strong><a href=\"https:\/\/suomiunkari.fi\/osastot\/tampere\/hallitus\/\" target=\"_blank\" rel=\"noopener\">Yhdistyksemme toimihenkil\u00f6t<\/a> ovat tavattavissa sopimuksen mukaan Laikussa tai erikseen sovittavassa paikassa. Tampereen Suomi-Unkari seuralla ei ole Laikussa omia toimistotiloja,<\/strong> mutta k\u00e4yt\u00f6ss\u00e4mme on kaappeja ja arkistotilaa. Kokouksemme voimme pit\u00e4\u00e4 talon kokoustiloissa, useimmiten k\u00e4yt\u00e4mme kolmannen kerroksen kaksiosaista Lauri &amp;Viita -kokoustilaa. Samassa kerroksessa on talon henkil\u00f6kunnan taukotila, jossa voimme keitt\u00e4\u00e4 kahvit kokouksiimme. Muita tiloja, kuten esimerkiksi luentosalia ja musiikkisalia voimme varata tarpeen mukaan. <\/span><\/span><\/p>\n<hr \/>\n<p><span style=\"font-family: Arial, sans-serif\"><span style=\"font-size: medium\">Laikku eli vanha kirjastotalo, Tampereen ensimm\u00e4inen p\u00e4\u00e4kirjastorakennus Tammerkosken rannal-la, on uudistettu ja palvelee j\u00e4lleen tamperelaisia ja muitakin kulttuurin harrastajia. <\/span><\/span><span style=\"font-family: Arial, sans-serif\"><span style=\"font-size: medium\">Kirjastotalo on valmistunut vuonna 1925; kirjastotoiminta loppui t\u00e4ss\u00e4 rakennuksessa vuonna 1986, kun uusi, uljas Metso valmistui H\u00e4meenkadun ja Pirkankadun kulmaukseen. Sen j\u00e4lkeen vanha kirjastotalo toimi kolmisenkymment\u00e4 vuotta l\u00e4hinn\u00e4 kaupungin toimistotiloina ja erilaisten kulttuuritapahtumien pitopaikkana.<\/span><\/span><\/p>\n<p><span style=\"font-family: Arial, sans-serif\"><span style=\"font-size: medium\">Laikku-nimen taustalla on kirjastosta aiemmin k\u00e4ytetty nimitys lainasto tai lainakirjasto. Laikun toiminnasta vastaa Tampereen kaupungin kulttuuripalvelut, jolla on siell\u00e4 omat toimistonsa, mutta my\u00f6s monet muut toimijat ovat saaneet sielt\u00e4 tyyssijansa. Talossa toimii my\u00f6s Caf\u00e9 Laikku, joka tarjoaa kahvien ja virvoitusjuomien lis\u00e4ksi salaatteja ja keittolounaita. Talon ulkopuolella Kirjastonpuistossa on Laikunlava, jota monet yhteis\u00f6t hy\u00f6dynt\u00e4v\u00e4t ulkoilmatapahtumissaan, esim. puistokonserteissaan ja tanssiesityksiss\u00e4\u00e4n. <\/span><\/span><\/p>\n<p><span style=\"font-family: Arial, sans-serif\"><span style=\"font-size: medium\">Laikun talo on 4-kerroksinen, ensimm\u00e4isess\u00e4 eli pohjakerroksessa toimii Lasten-kulttuurikeskus Rulla. Toisessa kerroksessa, johon noustaan talon l\u00e4nsipuolella olevia portaita, on p\u00e4\u00e4aula neuvontapisteineen, kahvila, luentosali ja n\u00e4yttelytiloja. Kolmannessa kerroksessa on Musiikkisali, M\u00e4kel\u00e4n kabinetti ja mm. Pispalan Sottiisin toimisto sek\u00e4 Tampereen Suomi-Unkari Seuran ja muiden Kansainv\u00e4lisen toimintakeskuksen j\u00e4senyhdistysten tilat. Nelj\u00e4nness\u00e4 kerroksessa on kokoustila Syrj\u00e4 ja toimistotiloja.<\/span><\/span><\/p>\n<p><span style=\"font-family: Arial, sans-serif\"><span style=\"font-size: medium\">Musiikkisalin edess\u00e4 on oleskeluaula, joka voi toimia esim. konsertin v\u00e4liajalla l\u00e4mpi\u00f6n\u00e4 tai kokouksen ryhm\u00e4ty\u00f6tilana. Se soveltuu hyvin my\u00f6s pienimuotoisten n\u00e4yttelyjen j\u00e4rjest\u00e4miseen. <\/span> <span style=\"font-size: medium\">Laikun henkil\u00f6kunta auttaa kokousten ja musiikkiesitysten kokoustekniikan k\u00e4yt\u00f6ss\u00e4.<\/span><\/span><\/p>\n","protected":false},"excerpt":{"rendered":"<p>Tampereen Suomi-Unkari Seura toimii Kulttuuritalo Laikussa, k\u00e4yntiosoite Keskustori 4. Kulttuuritalo Laikku eli tuttavallisemmin pelkk\u00e4 Laikku, on Tampereen Suomi-Unkari Seuran, kuten muidenkin aikaisemmin Suvantokadun Kansainv\u00e4lisess\u00e4 toiminta-keskuksessa toimineiden yhdistysten ja yst\u00e4vyysseurojen tukikohta ja koti. Yhdistyksemme toimihenkil\u00f6t ovat tavattavissa sopimuksen mukaan Laikussa tai &hellip; <a href=\"https:\/\/suomiunkari.fi\/osastot\/tampere\/yhteystiedot\/\">Lue loppuun <span class=\"meta-nav\">&rarr;<\/span><\/a><\/p>\n","protected":false},"author":2,"featured_media":0,"parent":0,"menu_order":0,"comment_status":"closed","ping_status":"closed","template":"sidebar-page.php","meta":{"_monsterinsights_skip_tracking":false,"_monsterinsights_sitenote_active":false,"_monsterinsights_sitenote_note":"","_monsterinsights_sitenote_category":0},"_links":{"self":[{"href":"https:\/\/suomiunkari.fi\/osastot\/tampere\/wp-json\/wp\/v2\/pages\/11"}],"collection":[{"href":"https:\/\/suomiunkari.fi\/osastot\/tampere\/wp-json\/wp\/v2\/pages"}],"about":[{"href":"https:\/\/suomiunkari.fi\/osastot\/tampere\/wp-json\/wp\/v2\/types\/page"}],"author":[{"embeddable":true,"href":"https:\/\/suomiunkari.fi\/osastot\/tampere\/wp-json\/wp\/v2\/users\/2"}],"replies":[{"embeddable":true,"href":"https:\/\/suomiunkari.fi\/osastot\/tampere\/wp-json\/wp\/v2\/comments?post=11"}],"version-history":[{"count":13,"href":"https:\/\/suomiunkari.fi\/osastot\/tampere\/wp-json\/wp\/v2\/pages\/11\/revisions"}],"predecessor-version":[{"id":4238,"href":"https:\/\/suomiunkari.fi\/osastot\/tampere\/wp-json\/wp\/v2\/pages\/11\/revisions\/4238"}],"wp:attachment":[{"href":"https:\/\/suomiunkari.fi\/osastot\/tampere\/wp-json\/wp\/v2\/media?parent=11"}],"curies":[{"name":"wp","href":"https:\/\/api.w.org\/{rel}","templated":true}]}}