{"id":9,"date":"2011-11-24T16:28:02","date_gmt":"2011-11-24T16:28:02","guid":{"rendered":"http:\/\/suomiunkari.fi\/osastot\/tampere\/?page_id=9"},"modified":"2022-03-30T13:39:57","modified_gmt":"2022-03-30T13:39:57","slug":"liity-jaseneksi","status":"publish","type":"page","link":"https:\/\/suomiunkari.fi\/osastot\/tampere\/liity-jaseneksi\/","title":{"rendered":"Liity j\u00e4seneksi"},"content":{"rendered":"<div><strong>Oletko kiinnostunut Unkarista?<\/strong><br \/>\nKiinnostaako Sinua Unkarin politiikka, yhteiskunta, urheilu tai kulttuuri? Onko Sinulla unkarilaisia yst\u00e4vi\u00e4? Aiotko matkustaa Unkariin? Lis\u00e4\u00e4 tietoa kaikista n\u00e4ist\u00e4 alueista saat liittym\u00e4ll\u00e4 Suomi-Unkari Seuran j\u00e4seneksi.<\/div>\n<div>T\u00e4yt\u00e4 liittymislomake oheisesta <a href=\"https:\/\/suomiunkari.fi\/yhdistys\/liity-jaseneksi\/\">linkiss\u00e4<\/a>, voit my\u00f6s tulostaa sen, t\u00e4ytt\u00e4\u00e4 ja postittaa joko <a href=\"http:\/\/suomiunkari.fi\/osastot\/tampere\/hallitus\/\">Tampereen yhdistyksen sihteerille<\/a> tai valtakunnalliseen <a href=\"http:\/\/www.suomiunkari.fi\/\">Suomi-Unkari Seuraan<\/a>. J\u00e4senen\u00e4 saat sek\u00e4 valta-kunnallisen <em>Suomi-Unkari<\/em> -l<a href=\"http:\/\/www.suomiunkari.fi\/suomi-unkari-lehti\/\">ehden<\/a> ett\u00e4 Tampereen yhdistyksen <a href=\"http:\/\/suomiunkari.fi\/osastot\/tampere\/files\/2011\/11\/UU-2-2012.pdf\">oman lehden<\/a>, <em>Unkarin Uutiset &#8211; Magyar H\u00edrek<\/em>. J\u00e4senen\u00e4 voit osallistua yhdistyksen ja seuran j\u00e4rjest\u00e4miin tapahtumiin ja tilaisuuksiin sek\u00e4 osallistua yhdistyksen toiminnan kehitt\u00e4miseen.<br \/>\n&#8211; Vuosij\u00e4senmaksu vuodelle 2022 on 30 euroa.<\/div>\n","protected":false},"excerpt":{"rendered":"<p>Oletko kiinnostunut Unkarista? Kiinnostaako Sinua Unkarin politiikka, yhteiskunta, urheilu tai kulttuuri? Onko Sinulla unkarilaisia yst\u00e4vi\u00e4? Aiotko matkustaa Unkariin? Lis\u00e4\u00e4 tietoa kaikista n\u00e4ist\u00e4 alueista saat liittym\u00e4ll\u00e4 Suomi-Unkari Seuran j\u00e4seneksi. T\u00e4yt\u00e4 liittymislomake oheisesta linkiss\u00e4, voit my\u00f6s tulostaa sen, t\u00e4ytt\u00e4\u00e4 ja postittaa joko &hellip; <a href=\"https:\/\/suomiunkari.fi\/osastot\/tampere\/liity-jaseneksi\/\">Lue loppuun <span class=\"meta-nav\">&rarr;<\/span><\/a><\/p>\n","protected":false},"author":2,"featured_media":0,"parent":0,"menu_order":0,"comment_status":"closed","ping_status":"closed","template":"sidebar-page.php","meta":{"_monsterinsights_skip_tracking":false,"_monsterinsights_sitenote_active":false,"_monsterinsights_sitenote_note":"","_monsterinsights_sitenote_category":0},"_links":{"self":[{"href":"https:\/\/suomiunkari.fi\/osastot\/tampere\/wp-json\/wp\/v2\/pages\/9"}],"collection":[{"href":"https:\/\/suomiunkari.fi\/osastot\/tampere\/wp-json\/wp\/v2\/pages"}],"about":[{"href":"https:\/\/suomiunkari.fi\/osastot\/tampere\/wp-json\/wp\/v2\/types\/page"}],"author":[{"embeddable":true,"href":"https:\/\/suomiunkari.fi\/osastot\/tampere\/wp-json\/wp\/v2\/users\/2"}],"replies":[{"embeddable":true,"href":"https:\/\/suomiunkari.fi\/osastot\/tampere\/wp-json\/wp\/v2\/comments?post=9"}],"version-history":[{"count":25,"href":"https:\/\/suomiunkari.fi\/osastot\/tampere\/wp-json\/wp\/v2\/pages\/9\/revisions"}],"predecessor-version":[{"id":4239,"href":"https:\/\/suomiunkari.fi\/osastot\/tampere\/wp-json\/wp\/v2\/pages\/9\/revisions\/4239"}],"wp:attachment":[{"href":"https:\/\/suomiunkari.fi\/osastot\/tampere\/wp-json\/wp\/v2\/media?parent=9"}],"curies":[{"name":"wp","href":"https:\/\/api.w.org\/{rel}","templated":true}]}}